{"id":3387,"date":"2018-09-23T21:39:28","date_gmt":"2018-09-23T19:39:28","guid":{"rendered":"http:\/\/test.bordo.org\/?page_id=3387"},"modified":"2018-09-23T22:45:36","modified_gmt":"2018-09-23T20:45:36","slug":"bordo-since-1982","status":"publish","type":"page","link":"https:\/\/bordo.org\/en\/about-bordo\/gallery\/bordo-since-1982\/","title":{"rendered":"Bordo since 1982"},"content":{"rendered":"<p>[et_pb_section bb_built=&#8221;1&#8243; _builder_version=&#8221;3.0.72&#8243;][et_pb_row custom_padding=&#8221;0px|0px|0px|0px&#8221; _builder_version=&#8221;3.0.47&#8243; background_size=&#8221;initial&#8221; background_position=&#8221;top_left&#8221; background_repeat=&#8221;repeat&#8221;][et_pb_column type=&#8221;4_4&#8243;][et_pb_text _builder_version=&#8221;3.0.72&#8243; custom_margin_tablet=&#8221;||-100px|&#8221; custom_margin_last_edited=&#8221;on|tablet&#8221; background_layout=&#8221;light&#8221; text_orientation=&#8221;left&#8221; border_style=&#8221;solid&#8221;]<\/p>\n<p><a href=\"https:\/\/bordo.org\/en\/about-bordo\/gallery\/#Uebersicht\">Back to overview<\/a><\/p>\n<p>[\/et_pb_text][\/et_pb_column][\/et_pb_row][et_pb_row custom_padding=&#8221;25px|0px|40px|0px&#8221; _builder_version=&#8221;3.0.47&#8243; background_size=&#8221;initial&#8221; background_position=&#8221;top_left&#8221; background_repeat=&#8221;repeat&#8221;][et_pb_column type=&#8221;4_4&#8243;][et_pb_text _builder_version=&#8221;3.0.72&#8243; custom_margin=&#8221;||-10px|&#8221; custom_margin_tablet=&#8221;||-50px|&#8221; custom_margin_last_edited=&#8221;on|phone&#8221; custom_padding=&#8221;|||&#8221; background_layout=&#8221;light&#8221; text_orientation=&#8221;left&#8221; border_style=&#8221;solid&#8221;]<\/p>\n<p><span style=\"font-family: 'Playfair Display', Georgia, 'Times New Roman', serif; font-size: 64px;\">Bordo since 1982 \u00a0<\/span><\/p>\n<p>[\/et_pb_text][\/et_pb_column][\/et_pb_row][et_pb_row use_custom_gutter=&#8221;on&#8221; gutter_width=&#8221;1&#8243; _builder_version=&#8221;3.0.72&#8243;][et_pb_column type=&#8221;4_4&#8243;][et_pb_gallery gallery_ids=&#8221;2465,2466,2467,2468,2470,2471,2472,2473,2474,2475,2476,2477,2478,2479,2480,2481,2482,2483,2484,2485,2486,2487,2488,2489,2490,2491,2492,2493,2494,2495,2496,2497,2498,2499,2500,2501,2502,2503,2504,2505,2506,2507,2508,2509,2510,2511,2512,2513,2514,2515,2516,2517,2518,2519,2520,2521,2522,2523,2524,2525,2526,2527,2528,2529,2530,2531,2532,2533,2534,2535,2536,2537,2538,2539,2540,2541,2542,2543,2544,2545,2546,2547,2548,2549,2550,2552,2553,2554,2555,2556,2557,2558,2559,2560,2561,2562,2563,2564,2565,2566,2567,2568,2569,2570,2571,2572,2573,2574,2575,2576,2577,2578,2579,2580,2581,2582,2583,2584,2585,2586,2587,2588,2589,2590,2591,2592,2593,2594,2595,2596,2597,2598,2599,2600,2601,2602,2603,2604,2605,2606,2607,2608,2609,2610,2611,2612,2613,2614,2615,2616,2617,2618,2619,2620,2621,2622,2623,2624,2625,2626,2627,2628,2629,2630,2631,2632,2633,2634,2635,2636,2637,2638,2639,2640,2641,2642,2643,2644,2645,2646,2647,2648,2649,2650,2651,2652,2653,2654,2655,2656,2657,2658,2659,2660,2661,2662,2663,2664,2665,2666,2667,2668,2669,2670,2671,2672,2673,2674,2675,2676,2677,2678,2679,2680,2681,2682,2683,2684,2685,2686,2687,2688,2689,2690,2691,2692,2693,2694,2695,2696,2697,2698,2699,2700,2701,2702,2703,2704,2705,2706,2707,2708,2709,2710,2711,2712,2713,2714,2715,2716,2717,2718,2719,2720,2721,2722,2723,2724,2725,2726,2727,2728,2729,2730,2731,2732,2733,2734,2735,2736,2737,2738,2739,2740,2741,2742,2743,2744,2745,2746,2747,2748,2749,2750,2751,2752,2753,2754,2755,2756,2757,2758,2759,2760,2761,2762,2763,2765,2766,2767,2768,2769,2770,2771,2772,2773,2774,2776,2777,2778,2779,2780,2781,2782,2783,2784,2785,2786,2787,2788,2789,2790,2791,2792,2793,2794,2797,2798,2799,2800,2801,2802,2803,2804,2805,2806,2807,2808,2809,2810,2811,2812,2813,2814,2815,2816,2817,2818,2820,2821,2822,2823,2824,2826,2827,2828,2829,2830,2831,2832,2833,2834,2835,2836,2837,2838,2839,2840,2841,2842,2843,2844,2845,2846,2847,2848,2849,2850,2851,2852,2853,2854,2855,2856,2857,2858,2859,2860,2861,2862,2863,2864,2865,2866,2867,2868,2869,2870,2871,2872,2873,2874,2875,2876,2877,2878,2879,2880,2881,2882,2883,2884,2885,2886,2888,2889,2890,2891,2892,2893,2894,2895,2896,2897,2898,2900,2901,2902,2903,2904,2905,2906,2907,2908,2909,2910,3005,2933,2934,2942,2943,2944,2945,2946,2947,2948,2949,2950,2951,2952,2953,2954,2955,2956,2957,2959,2960,2961,2962,2963,2964,2965,2967,2968,2969,2970,2971,2972,2973,2974,2975,2976,2977,2978,2979,2980,2981,2985,2986&#8243; gallery_captions=&#8221;1982,1982,1982,1982,1982,1982,,Minetti,1982,1982,Gerard und Felice,Milarepa Puja mit Ajang Rinpoche August 1982,Lama T\u00f6nsang July 1982 auf der Piazza!,1982,Ajang Rinpoche 1982,Gerard,Tatina,Piazza 1982,,,Lama Djangchub, Margaritha, Felice, Gerard auf Piazzana,Holz Transport Basel-Villadossola-Bordo Januar 1983,1983,1983,Villadossola 1983,1983,1983,1983,,1983,1983,,Steff und Tommy,Gerard,Felice,1983,1983,Dorfhund Xerxes,Herbert Giller,1983,1983,Lama Lekshe 1983,Lama T\u00f6nsang 1983,1983,Irene 1983,1983,1983,Lama T\u00f6nsang und Lama Lekshe 1983,Herbert Giller 1983,Steff mit Aaron,Rita,Marianne Clausen,1983,1983,Gerard beim Abwasch 1983,Hermann und Tina Res 1983,Marisa und Rita 1983,1983,1983,1983,Gerard,Einweihung Piazza Milarepa August 1983,Einweihung Piazza Milarepa 1983,Lama Chang Chub April 1983,Umbau neue Gompa,Hier entsteht der Hintereingang der neuen Gompa,Setzen der Betonpfleiler um die zuk\u00fcnftige Gompa und Bibliothek zu st\u00fctzen,1983,1983,Februar 1983,,1983,1983,1983,Feueropfer 1983,Gebetsfahnenaufstellung 1983,,,grosse Villa,grosse Villa,,1983,1982,1983,,,Steff,1984,1984,1984,1984,1984,1984,1984,1984,1984,1984,1984,1984,1984,1984,1984,1984,1984,1984,,,1990,1991,1984,1984,Der Lamabalkon,1984,1984,1984,,Thomas G\u00f6rner, Bj\u00f6rn Clausern, Steffi, ? , Herbert Barkmann,,,,,,,Backhaus,,1984,Walter, Felice, Patrick, ?, Thommy, Steff,,,,,,,,,,,,,,,,,1983,,,,,,1985,,1985,Kalu Rinpoche 1985,1985,Kalu Rinpoche,Kalu Rinpoche Februar 1985,,Kalu Rinpoche 1985,Kalu Rinpoche,1985,1985,1985,1985,,Jodok,,,,Tatina in der alten K\u00fcche,,,,Wassertank von Solaranlage,September 1986,September 1986,1986,Dach vom G\u00e4stehaus im Bau 1983,Felice,,Hier entsteht ein neuer Dachstuhl,neuer Dachstuhl,,Bruno?,,,,Das neue Dach,,Steff und Jodok,Jodok,,,,1982298198,,,,,,,,Der Schulgarten wird angelegt,,,Hochzeit Susanne Norbert 1987,1988,,Dina Rees und Hermann 1988,September 1988,Steff und Jodok,Patrick,,Andreas Tashi,,Irene und Tillmann Mai 1988,Rahel, Julian, Aaron,1988,1988,,,,,1988,1984,,,1988 Lama Choying dorje,,,,Ceggio 1988,Baumonat 1989,Baumonat 1989 Bodenheizung G\u00e4stehausk\u00fcche,Baumonat 1989,Baumonat 1989,Baumonat 1989,,1989,,Baumonat 1989,1990,1990,1990,1990,1990,1990,September 1990,Baumonat 1990,Kl\u00e4ranlage September 1990,1990,1990,Dezember 1990,1991,1991,1991,1991,1991,,Schule mit Antje,Holzmachen f\u00fcr die Schule,,Schule,,Zirkus Bordo Leone,,Feburar 1991,April 1991,1991,1991,1991,1991,1991,1991,1991,1991,1991,,1992,Ostern 1992,Ostern 1992,1992,Ostern 1992,Ostern 1992,1992,Ole Nydahl 1992,,1992,Besuch von Lama Chang Chub Herbst 1992,1992,,1992,1992,Dorfversammlung 1992,Supervision mit Helge Russ 1992,1992,1992,1992,,1992,,,,1992,Bea 1992,1992 Bea und ?,1992,,,,,,,April 1992,,1992,Zaubergarten 1992,1992,Steff 1992,Juli 1992,Juli 1992,Stpaplatzumbau 1993,Stupaplatzumbau 1992 Bubu,1992,1992,,,1982,1992,1992,1993,Rita,,Bhakti und Steff,Steff und &#8230;.,Andrea und &#8230;,,,,,Bordofest 1993,1995,Lama Chang Chub 1995,,,,1995,Lama Chang Chub 1995,1996,1997,Dharmahausumbau 1997,Dharmahausumbau 1997,Umbau Dharmahaus 1997,Dharmahausbau 1997 Norah und Max,Umbau Dharmahaus 1997,Dharmahausbau 1997,Dharmahausbau 1997,Baumonat 1997 Norbert,Dharmahausbau 1997,Dharmahausbau 1997,Dharmahausbau 1997,Dharmahausbau 1997,Dharmahausbau 1997,Rita 1997,1997,Baumonat Thomas 1997,Baumonat 1997 Thomas und Andreas,Baumonat 1997 Immanuel,Stilleben Baumonat 1997,Baumonat 1997 Immanuel, Olaf, Bernhard, \u00d6ser, Heinrich, Peter, Ute, Rita, Martin, Norbert,Dharmahausbau 1997 Gerd,Dharmahausbau 1997 Ute,Bauwoche 1997,1997,Baumonat Peter 1997,Baumonat 1997 Nanda,Baumonat 1997 Peter und Norbert,Lama \u00d6ser im Baumonat 1997,Baumonat 1997 Martin,Baumonat 1997 Peter,Dharmahausbau 1997,Dharmahaus verpackt im Winter 1997\/98,Dharmahausbau 1998 Andreas, Beatrice, Mario, Norbert,Dharmahausbau 1998,Dharmahausbau 1998 Lama \u00d6ser, Peter und ?,Dharmahausbau 1998,Dharmahausbaucrew 1998 Andrea, Michael, Roland, Gerd Ute, Leslie, \u00d6ser, Lotte, Betrice, Norbert,Dharmahausbau 1998 hier entsteht das WC,Dharmahausbau 1998 Bernd, Monika, Steffi,Dharmahausbau 1998 Sunny und Meighan,Dharmahausbau 1998,Dharmahausbau 1998,Dharmahausbau 1998,Dharmahausbau 1998,1998 Attila, Sunny, \u00d6ser, Paula,1998 Sunny die Kalkmeisterin,Dharmahausbau 1998 Leslie beim Fugenverputz,Dharmahausbau 1998 Monika und?,1998 Andrea,Bauwoche 1998 Andreas, Gianna, Michael, Peter, Lotte, Mary, Brie, Gerd,Dharmahausbau 1998,Dharmahausbau 1998 Andrea,Vorh\u00e4nge n\u00e4hen f\u00fcrs Dharmahaus 1998 Sabine,Dharmahausabau 1998,Dharmahausbau 1998,Lama Tsony 1998,1998 Lama Tsony,Juni 1998,,1999,,,,2003 Buchsif\u00e4ger,2003 Buchsif\u00e4ger,Karmapa in Bordo 2004,Karmapa mit Lama Tashi 2004,Karmapa auf Piazzana 2004,2004,Losar 2006,Shamarpa in Bordo 2006,Shamarpa in Bordo 2006,Shamarpa in Bordo 2006,Shamarpa in Bordo 2006,Puja 2006,2007 25 Jahre Bordo,Die kleinen Fl\u00f6tenspieler von Bordo 1991,Die kleinen Fl\u00f6tenspieler von Bordo 1991,und die grossen Fl\u00f6tenspieler von Bordo 2007,2007 25 Jahre Bordo,2007 25 Jahre Bordo,,2007 25 Jahre Bordo,2007 25 Jahre Bordo,2007 25 Jahre Bordo,2007 25 Jahre Bordo,2007 25 Jahre Bordo,Simson,B\u00f6rni,2008 Lama Rapsel und Felice,2008 Lama Sherab und Edith,2008,2008,2008,Minettihaus 2008,2009 Genossenschafter,Ostern 2008,Jodok 2009,Felice 2009,2009 Weg nach Bordo,2009 Dorfeingang,kleine Villa 2009,Chenresig Retreat mit Threor Lama 2009,Gerard und Franco 2009,Threor Lama, Lama Irene, Bhakti und Daniel 2009,Threor Lama, K\u00fcnsang, Bhakti, Peter 2009,Chenresigretreat 2009,Edith und Gerard 2009,2009 Lama Irene und Marita,Lama Luigi und Gerard am Chenresigretreat 2009,Bordofest 2009,Bordofest 2009,2009,Frauenwoche 2009 Tine, Marisa, Kathleen, Gertrud,2009,Stupahaus 2010,kleine Villa 2010,kleine Villa 2010,kleine Villa 2010,2010,Tine und Jodok 2010,Fest Tine und Jodok 2010,Felice und Thomas 2010,Steff am Fest von Tine und Jodok 2010,Andy kocht am Fest von Tine und Jodok 2010,Fest Tine und Jodok 2010,Tine und Jodok 2010,2010 Fest von Tine und Jodok, Gerard und Bernd,,&#8221; posts_number=&#8221;36&#8243; show_title_and_caption=&#8221;off&#8221; zoom_icon_color=&#8221;#ffffff&#8221; hover_overlay_color=&#8221;rgba(28,28,28,0.6)&#8221; hover_icon=&#8221;T&#8221; _builder_version=&#8221;3.0.72&#8243; use_border_color=&#8221;on&#8221; border_width=&#8221;5px&#8221; saved_tabs=&#8221;all&#8221;]<\/p>\n<p>&nbsp;<\/p>\n<p>[\/et_pb_gallery][\/et_pb_column][\/et_pb_row][et_pb_row custom_padding=&#8221;0px|0px|0px|0px&#8221; _builder_version=&#8221;3.0.47&#8243; background_size=&#8221;initial&#8221; background_position=&#8221;top_left&#8221; background_repeat=&#8221;repeat&#8221;][et_pb_column type=&#8221;4_4&#8243;][et_pb_text _builder_version=&#8221;3.0.72&#8243; custom_margin_tablet=&#8221;||-100px|&#8221; custom_margin_last_edited=&#8221;on|tablet&#8221; background_layout=&#8221;light&#8221; text_orientation=&#8221;left&#8221; border_style=&#8221;solid&#8221;]<\/p>\n<p><a href=\"https:\/\/bordo.org\/en\/about-bordo\/gallery\/#Uebersicht\">Back to overview<\/a><\/p>\n<p>[\/et_pb_text][\/et_pb_column][\/et_pb_row][\/et_pb_section]<\/p>\n","protected":false},"excerpt":{"rendered":"<p>Back to overview Bordo since 1982 \u00a0 &nbsp; Back to overview<\/p>\n","protected":false},"author":1,"featured_media":0,"parent":3385,"menu_order":0,"comment_status":"closed","ping_status":"closed","template":"","meta":{"_et_pb_use_builder":"on","_et_pb_old_content":"","_et_gb_content_width":""},"_links":{"self":[{"href":"https:\/\/bordo.org\/en\/wp-json\/wp\/v2\/pages\/3387\/"}],"collection":[{"href":"https:\/\/bordo.org\/en\/wp-json\/wp\/v2\/pages\/"}],"about":[{"href":"https:\/\/bordo.org\/en\/wp-json\/wp\/v2\/types\/page\/"}],"author":[{"embeddable":true,"href":"https:\/\/bordo.org\/en\/wp-json\/wp\/v2\/users\/1\/"}],"replies":[{"embeddable":true,"href":"https:\/\/bordo.org\/en\/wp-json\/wp\/v2\/comments\/?post=3387"}],"version-history":[{"count":5,"href":"https:\/\/bordo.org\/en\/wp-json\/wp\/v2\/pages\/3387\/revisions\/"}],"predecessor-version":[{"id":3430,"href":"https:\/\/bordo.org\/en\/wp-json\/wp\/v2\/pages\/3387\/revisions\/3430\/"}],"up":[{"embeddable":true,"href":"https:\/\/bordo.org\/en\/wp-json\/wp\/v2\/pages\/3385\/"}],"wp:attachment":[{"href":"https:\/\/bordo.org\/en\/wp-json\/wp\/v2\/media\/?parent=3387"}],"curies":[{"name":"wp","href":"https:\/\/api.w.org\/{rel}","templated":true}]}}