{"id":5066,"date":"2018-09-25T22:36:17","date_gmt":"2018-09-25T20:36:17","guid":{"rendered":"http:\/\/test.bordo.org\/?page_id=5066"},"modified":"2021-06-19T00:42:20","modified_gmt":"2021-06-18T22:42:20","slug":"developing-all-embracing-compassion","status":"publish","type":"page","link":"https:\/\/bordo.org\/en\/dharma-courses\/developing-all-embracing-compassion\/","title":{"rendered":"Developing all-embracing compassion with the meditation on the Buddha of Compassion Chenrezi"},"content":{"rendered":"<p>[et_pb_section fb_built=&#8221;1&#8243; _builder_version=&#8221;3.0.72&#8243;][et_pb_row custom_padding=&#8221;0px|0px|0px|0px&#8221; _builder_version=&#8221;3.0.47&#8243; background_size=&#8221;initial&#8221; background_position=&#8221;top_left&#8221; background_repeat=&#8221;repeat&#8221;][et_pb_column type=&#8221;4_4&#8243; _builder_version=&#8221;3.0.47&#8243;][et_pb_text _builder_version=&#8221;3.21&#8243; custom_margin_tablet=&#8221;||-100px|&#8221; custom_margin_last_edited=&#8221;on|tablet&#8221; border_style=&#8221;solid&#8221;]<\/p>\n<p><a href=\"https:\/\/bordo.org\/en\/dharma-courses\/#15\">Back to Course Program<\/a><\/p>\n<p>[\/et_pb_text][\/et_pb_column][\/et_pb_row][et_pb_row custom_padding=&#8221;25px|0px|40px|0px&#8221; _builder_version=&#8221;3.0.47&#8243; background_size=&#8221;initial&#8221; background_position=&#8221;top_left&#8221; background_repeat=&#8221;repeat&#8221;][et_pb_column type=&#8221;4_4&#8243; _builder_version=&#8221;3.0.47&#8243;][et_pb_text _builder_version=&#8221;3.15&#8243; custom_margin=&#8221;||-10px|&#8221; custom_margin_tablet=&#8221;||-50px|&#8221; custom_margin_last_edited=&#8221;on|phone&#8221; custom_padding=&#8221;|||&#8221;]<\/p>\n<p><span style=\"font-size: 18px;\">1 &#8211; 7 August 2021<br \/><\/span><\/p>\n<h1>Developing all-embracing compassion<br \/>with the meditation on the Buddha of Compassion Chenrezi<\/h1>\n<p>&nbsp;<\/p>\n<p>[\/et_pb_text][\/et_pb_column][\/et_pb_row][et_pb_row custom_padding=&#8221;25px|0px|33px|0px&#8221; _builder_version=&#8221;3.0.72&#8243;][et_pb_column type=&#8221;2_3&#8243; _builder_version=&#8221;3.0.47&#8243;][et_pb_text _builder_version=&#8221;3.15&#8243; custom_margin_tablet=&#8221;||-40px|&#8221; custom_margin_last_edited=&#8221;on|desktop&#8221;]<\/p>\n<p><em>&#8220;&#8230;we ask You to set in motion the Dharma wheel of the small and great vehicle, in accordance with the different attitudes and capacities of beings. Until samsara is emptied, we ask you not to enter nirvana and with great compassion to care for all beings who are immersed in the ocean of suffering. May all the positivity accumulated by us through this practice become the cause for awakening, and may we soon become an excellent guide for beings&#8230;&#8221;<\/em><\/p>\n<p><em><\/em><\/p>\n<p>To be able to participate in this retreat it is necessary to have taken refuge in the Three Jewels.<\/p>\n<p><strong>Start:<\/strong> Sunday, 1 August, at 17 p.m.<br \/><strong>End:<\/strong> Saturday, 7 August, after breakfast<\/p>\n<p><strong>Course leadership:<\/strong> Lama Rabsel<br \/><strong>Course language:<\/strong> Italian<\/p>\n<p>&nbsp;<\/p>\n<p><strong>Course fee:<\/strong>\u00a0Share of the organization costs and a donation for the teachers. Your generosity will enable them to pass on the Dharma in the future.<\/p>\n<p><strong>Accommodation and meals:<\/strong>\u00a0The donations for accommodation and food should be sufficient to cover the expenses and enable Bordo to maintain and operate. We are happy to provide further information.<\/p>\n<p><strong>Registration via\u00a0<a href=\"mailto:bodhipath@bordo.org\">bodhipath@bordo.org<\/a><\/strong><\/p>\n<p>Please read the information on \u201c<a href=\"https:\/\/bordo.org\/en\/arrival-and-stay\/stay-in-bordo\/\">staying in Bordo<\/a>\u201d and \u201c<a href=\"https:\/\/bordo.org\/en\/arrival-and-stay\/how-to-find-us\/\">travelling to Bordo<\/a>\u201d before visiting.<\/p>\n<p>[\/et_pb_text][\/et_pb_column][et_pb_column type=&#8221;1_3&#8243; _builder_version=&#8221;3.0.47&#8243;][\/et_pb_column][\/et_pb_row][\/et_pb_section]<\/p>\n","protected":false},"excerpt":{"rendered":"<p>Back to Course Program1 &#8211; 7 August 2021 Developing all-embracing compassionwith the meditation on the Buddha of Compassion Chenrezi &nbsp;&#8220;&#8230;we ask You to set in motion the Dharma wheel of the small and great vehicle, in accordance with the different attitudes and capacities of beings. Until samsara is emptied, we ask you not to enter [&hellip;]<\/p>\n","protected":false},"author":1,"featured_media":0,"parent":3375,"menu_order":0,"comment_status":"closed","ping_status":"closed","template":"","meta":{"_et_pb_use_builder":"on","_et_pb_old_content":"<p>[et_pb_section bb_built=\"1\" _builder_version=\"3.0.72\"][et_pb_row custom_padding=\"0px|0px|0px|0px\" _builder_version=\"3.0.47\" background_size=\"initial\" background_position=\"top_left\" background_repeat=\"repeat\"][et_pb_column type=\"4_4\"][et_pb_text _builder_version=\"3.0.72\" custom_margin_last_edited=\"on|tablet\" custom_margin_tablet=\"||-100px|\" custom_margin_phone=\"||-100px|\"]<\/p><p><a href=\"kursprogramm\/\">Zum Kursprogramm<\/a><\/p><p>[\/et_pb_text][\/et_pb_column][\/et_pb_row][et_pb_row custom_padding=\"25px|0px|15px|0px\" _builder_version=\"3.0.47\" background_size=\"initial\" background_position=\"top_left\" background_repeat=\"repeat\"][et_pb_column type=\"4_4\"][et_pb_text _builder_version=\"3.0.72\" custom_padding=\"|||\" custom_margin=\"||-10px|\" custom_margin_last_edited=\"on|phone\" custom_margin_tablet=\"||-50px|\" background_layout=\"light\" text_orientation=\"left\" border_style=\"solid\"]<\/p><p>22. September - 05. Oktober 2018<\/p><h1>Meditation und Aktion<\/h1><p>[\/et_pb_text][\/et_pb_column][\/et_pb_row][et_pb_row _builder_version=\"3.0.72\" custom_padding=\"15px|0px|32px|0px\"][et_pb_column type=\"4_4\"][et_pb_text _builder_version=\"3.0.72\" custom_margin_last_edited=\"on|desktop\" custom_margin_tablet=\"||-40px|\" custom_margin_phone=\"||-40px|\"]<\/p><p>Die ideale Zeit f\u00fcr alle, die Dharmapraxis und Arbeit im konkreten Alltag verbinden m\u00f6chten. Wir praktizieren zusammen und bereiten das Dorf f\u00fcr die neue Saison vor.\u00a0T\u00e4glich etwa vier Stunden Arbeit, gemeinsame Meditationen, Zeit f\u00fcr pers\u00f6nliche Praxis, Erholung und Austausch in der sch\u00f6nen Bergwelt.<\/p><p><strong>Beginn:<\/strong> Donnerstag, 22. M\u00e4rz <br \/><strong>Ende:<\/strong>\u00a0Donnerstag, 29. M\u00e4rz<\/p><p><strong>Kursleitung:<\/strong> Tengye und das Bordo Team <br \/><strong>Kursart: <\/strong>Dharmapraxis<br \/><strong>Kurssprache: <\/strong>deutsch, italienisch, englisch<\/p><p><strong>Kosten:\u00a0<\/strong>Unterkunft unentgeltlich, bescheidener Beitrag an die Verpflegungskosten.<\/p><p><strong>Anmeldung via\u00a0<a href=\"mailto:bodhipath@bordo.org\">bodhipath@bordo.org<\/a><\/strong><\/p><p>[\/et_pb_text][\/et_pb_column][\/et_pb_row][et_pb_row use_custom_gutter=\"on\" gutter_width=\"1\" _builder_version=\"3.0.72\"][et_pb_column type=\"4_4\"][et_pb_text _builder_version=\"3.0.72\"]<\/p><h2>Impressionen<\/h2><p>[\/et_pb_text][et_pb_gallery gallery_ids=\"1169,1167,1175,1174,1171,1168,1172,1173\" posts_number=\"8\" show_title_and_caption=\"off\" show_pagination=\"off\" zoom_icon_color=\"#ffffff\" hover_overlay_color=\"rgba(28,28,28,0.6)\" hover_icon=\"T\" _builder_version=\"3.0.72\" use_border_color=\"on\" border_width=\"5px\" saved_tabs=\"all\" gallery_captions=\",Test,,,,,,\" \/][\/et_pb_column][\/et_pb_row][\/et_pb_section]<\/p>","_et_gb_content_width":""},"_links":{"self":[{"href":"https:\/\/bordo.org\/en\/wp-json\/wp\/v2\/pages\/5066\/"}],"collection":[{"href":"https:\/\/bordo.org\/en\/wp-json\/wp\/v2\/pages\/"}],"about":[{"href":"https:\/\/bordo.org\/en\/wp-json\/wp\/v2\/types\/page\/"}],"author":[{"embeddable":true,"href":"https:\/\/bordo.org\/en\/wp-json\/wp\/v2\/users\/1\/"}],"replies":[{"embeddable":true,"href":"https:\/\/bordo.org\/en\/wp-json\/wp\/v2\/comments\/?post=5066"}],"version-history":[{"count":13,"href":"https:\/\/bordo.org\/en\/wp-json\/wp\/v2\/pages\/5066\/revisions\/"}],"predecessor-version":[{"id":7862,"href":"https:\/\/bordo.org\/en\/wp-json\/wp\/v2\/pages\/5066\/revisions\/7862\/"}],"up":[{"embeddable":true,"href":"https:\/\/bordo.org\/en\/wp-json\/wp\/v2\/pages\/3375\/"}],"wp:attachment":[{"href":"https:\/\/bordo.org\/en\/wp-json\/wp\/v2\/media\/?parent=5066"}],"curies":[{"name":"wp","href":"https:\/\/api.w.org\/{rel}","templated":true}]}}