{"id":10036,"date":"2024-03-28T06:54:50","date_gmt":"2024-03-28T05:54:50","guid":{"rendered":"https:\/\/bordo.org\/leggere-prima-del-soggiorno\/"},"modified":"2025-07-15T12:01:59","modified_gmt":"2025-07-15T10:01:59","slug":"leggere-prima-del-soggiorno","status":"publish","type":"page","link":"https:\/\/bordo.org\/it\/leggere-prima-del-soggiorno\/","title":{"rendered":"Leggere prima del soggiorno"},"content":{"rendered":"<p>[et_pb_section fb_built=&#8221;1&#8243; _builder_version=&#8221;4.16&#8243; custom_padding=&#8221;0px|0px|0px|0px||&#8221; global_colors_info=&#8221;{}&#8221;][et_pb_row _builder_version=&#8221;4.16&#8243; background_size=&#8221;initial&#8221; background_position=&#8221;top_left&#8221; background_repeat=&#8221;repeat&#8221; custom_padding=&#8221;2px||1px|||&#8221; global_colors_info=&#8221;{}&#8221;][et_pb_column type=&#8221;4_4&#8243; _builder_version=&#8221;4.16&#8243; custom_padding=&#8221;|||&#8221; global_colors_info=&#8221;{}&#8221; custom_padding__hover=&#8221;|||&#8221;][et_pb_text _builder_version=&#8221;4.16&#8243; global_colors_info=&#8221;{}&#8221;]<\/p>\n<h1>Leggere prima del soggiorno<\/h1>\n<p>[\/et_pb_text][\/et_pb_column][\/et_pb_row][\/et_pb_section][et_pb_section fb_built=&#8221;1&#8243; _builder_version=&#8221;4.16&#8243; custom_margin=&#8221;-1px|||||&#8221; custom_padding=&#8221;1px|0px|0px|0px|false|false&#8221; global_colors_info=&#8221;{}&#8221;][et_pb_row column_structure=&#8221;1_2,1_2&#8243; background_color_gradient_type_2=&#8221;circular&#8221; _builder_version=&#8221;4.16&#8243; min_height=&#8221;1485.1px&#8221; custom_margin=&#8221;|||&#8221; global_colors_info=&#8221;{}&#8221;][et_pb_column type=&#8221;1_2&#8243; _builder_version=&#8221;4.16&#8243; custom_padding=&#8221;|||&#8221; global_colors_info=&#8221;{}&#8221; custom_padding__hover=&#8221;|||&#8221;][et_pb_text _builder_version=&#8221;4.16&#8243; border_style=&#8221;solid&#8221; global_colors_info=&#8221;{}&#8221;]<\/p>\n<p><strong>Visione<\/strong><\/p>\n<p style=\"text-align: left;\"><em>Bordo \u00e8 un luogo per allenare il cuore e la mente, orientato agli insegnamenti del Buddha, che serve al benessere di tutti gli esseri ed \u00e8 sostenuto da un atteggiamento interiore di gioia e generosit\u00e0.<\/em><\/p>\n<p style=\"text-align: left;\"><em>Nel nostro lavoro e nella nostra pratica insieme, coltiviamo ci\u00f2 che sostiene il nostro percorso interiore.<\/em><br \/><em>Evitiamo ci\u00f2 che rafforza il nostro auto-centrismo.<\/em><br \/><em>Meditiamo per ottenere chiarezza.<\/em><\/p>\n<p>Tutti coloro che soggiornano a Bordo sono guidati dalle seguenti regole di vita:<\/p>\n<ul>\n<li><em><strong>Proteggere ogni forma di vita<\/strong><\/em><\/li>\n<li><em><strong>Rispettare la propriet\u00e0<\/strong><\/em><\/li>\n<li><em><strong>Rispettare le relazioni esistenti<\/strong><\/em><\/li>\n<li><em><strong>Parlare in modo consapevole<\/strong><\/em><\/li>\n<li><em><strong>Astenersi in larga misura da alcol e sigarette ed evitare completamente altre droghe.<\/strong><\/em><\/li>\n<\/ul>\n<p>La Fondazione Karma Dechen Yangtse e la Cooperativa Bordo sono due organizzazioni con lo stesso obiettivo. Lavorano a stretto contatto per mantenere vivo lo storico borgo montano come luogo e comunit\u00e0 di Dharma per il futuro. Creano le condizioni organizzative e di spazi per le attivit\u00e0 di Dharma secondo le linee guida del Bodhipath curriculum, per seminari e ritiri, nonch\u00e9 per gli spazi per la vita quotidiana dei residenti e dei volontari.<br \/>Provvediamo a fornire un ambiente protetto per ritiri buddhisti.<\/p>\n<p>[\/et_pb_text][\/et_pb_column][et_pb_column type=&#8221;1_2&#8243; _builder_version=&#8221;4.16&#8243; use_background_color_gradient=&#8221;on&#8221; background_color_gradient_stops=&#8221;#f99b18 0%|#911e01 100%&#8221; background_color_gradient_start=&#8221;#f99b18&#8243; background_color_gradient_end=&#8221;#911e01&#8243; custom_padding=&#8221;1px|1px|1px|1px&#8221; global_colors_info=&#8221;{}&#8221; custom_padding__hover=&#8221;|||&#8221;][et_pb_text _builder_version=&#8221;4.19.5&#8243; background_color=&#8221;#ffffff&#8221; custom_margin=&#8221;|||&#8221; custom_padding=&#8221;20px|20px|20px|20px&#8221; global_colors_info=&#8221;{}&#8221;]<\/p>\n<p><strong>In generale vale per ogni soggiorno a Bordo:<\/strong><\/p>\n<p>&nbsp;<\/p>\n<ul>\n<li>\n<p style=\"margin-bottom: 0cm;\">Tutto il team di Bordo \u00e8 composto da volontari senza remunerazione. Siate rispettosi del tempo che vi dedicano.<\/p>\n<\/li>\n<li>\n<p style=\"margin-bottom: 0cm;\">Tutti sono invitati a partecipare alle pratiche quotidiane.<\/p>\n<\/li>\n<li>\n<p style=\"margin-bottom: 0cm;\">Coloro che pernottano a Bordo aiutano per un&#8217;ora al giorno.<\/p>\n<\/li>\n<li>\n<p style=\"margin-bottom: 0cm;\">Ognuno pulisce la propria stanza prima della partenza.<\/p>\n<\/li>\n<li>\n<p style=\"margin-bottom: 0cm;\">A Bordo non sono possibili soggiorni brevi. Se volete pernottare in valle, potete trovare gli indirizzi <a href=\"https:\/\/bordo.org\/it\/arrivo-e-soggiorno\/nelle-vicinanze\/\">qui<\/a>.<\/p>\n<\/li>\n<li>\n<p style=\"margin-bottom: 0cm;\">Il pagamento con carta di credito NON \u00e8 possibile.<\/p>\n<\/li>\n<li>\n<p style=\"margin-bottom: 0cm;\">Non esiste una WLAN ospite.<\/p>\n<\/li>\n<li>\n<p style=\"margin-bottom: 0cm;\">Nel villaggio \u00e8 fatto divieto di fumo e droghe.<\/p>\n<\/li>\n<li>\n<p style=\"margin-bottom: 0cm;\">Le stanze del villaggio sgeneralmente non sono insonorizzate; tappi e copri-orecchie possono essere d&#8217;aiuto.<\/p>\n<p><strong>Arrivo:<\/strong><\/p>\n<p><strong>\u00a0La teleferica non pu\u00f2 essere utilizzata<\/strong><\/p>\n<p><strong><\/strong><\/p>\n<\/li>\n<li>Le macchine devono essere parcheggiate a Rivera. Il piccolo parcheggio superiore \u00e8 riservato ai residenti di Bordo e Cheggio.<\/li>\n<li>Non portate con voi apparecchi elettrici (asciugacapelli, bollitore).<\/li>\n<li>Si prega di effettuare il tesseramento (20\u20ac) a Bordo il giorno di arrivo.<\/li>\n<li>Leggere la pagina: <a href=\"https:\/\/bordo.org\/it\/arrivo-e-soggiorno\/come-raggiungerci\/\">Arrivo<\/a><strong><br \/><\/strong><strong><\/strong><\/li>\n<li><strong><\/strong><\/li>\n<li><strong>Ristoro:<\/strong>\n<p><strong> <\/strong><\/p>\n<p><strong><\/strong><\/p>\n<\/li>\n<li>Non possiamo offrire una cucina leggera.<\/li>\n<li>Non andate in cucina se non ve lo chiede il team.<\/li>\n<li>Il cibo \u00e8 prezioso. Ci impegniamo a non buttarlo via. Potete sostenerci prendendo solo quello che potete mangiare!<\/li>\n<li>Tisane e acqua calda sono sempre disponibili. Il caff\u00e8 \u00e8 disponibile a colazione e a pranzo. Se avete bisogno di caff\u00e8 in altri orari: a Rivera c&#8217;\u00e8 il mitico bar &#8220;La Tana di Cip e Ciop&#8221;.<strong><br \/><\/strong><\/li>\n<li><strong><\/strong><\/li>\n<li><strong>Ritiri e soggiorni di Dharma<br \/><\/strong><strong><\/strong><\/li>\n<li><strong><\/strong><\/li>\n<li>I ritiri buddhisti individuali sono possibili solo con esperienza e per una durata di almeno una settimana, se possibile da sabato a sabato.<\/li>\n<li>Comunicate in anticipo il vostro piano di ritiro.<\/li>\n<li>Vi chiediamo gentilmente di astenervi dai corsi online.<\/li>\n<li>Si prega di rinunciare a telefonare in tutta l&#8217;area di ritiro.<\/li>\n<li>Per i ritiri in silenzio, contattare le istituzioni che sostengono questa<\/li>\n<\/ul>\n<p>[\/et_pb_text][\/et_pb_column][\/et_pb_row][\/et_pb_section][et_pb_section fb_built=&#8221;1&#8243; _builder_version=&#8221;4.16&#8243; custom_padding=&#8221;0px|0px|64px|0px&#8221; global_colors_info=&#8221;{}&#8221;][\/et_pb_section][et_pb_section fb_built=&#8221;1&#8243; _builder_version=&#8221;4.16&#8243; background_color=&#8221;#dbdbdb&#8221; use_background_color_gradient=&#8221;on&#8221; background_color_gradient_type=&#8221;circular&#8221; background_color_gradient_direction_radial=&#8221;bottom left&#8221; background_color_gradient_stops=&#8221;#f99b18 0%|#911e01 100%&#8221; background_color_gradient_start=&#8221;#f99b18&#8243; background_color_gradient_end=&#8221;#911e01&#8243; custom_padding=&#8221;0px||0px|&#8221; animation_style=&#8221;fade&#8221; background_color_gradient_stops_tablet=&#8221;#f99b18 0%|#911e01 100%&#8221; background_color_gradient_stops_phone=&#8221;#f99b18 0%|#911e01 100%&#8221; global_colors_info=&#8221;{}&#8221;][et_pb_row _builder_version=&#8221;4.16&#8243; custom_margin=&#8221;|||&#8221; custom_padding=&#8221;40px|0px|40px|0px&#8221; custom_css_main_element=&#8221;text-align: center;&#8221; global_colors_info=&#8221;{}&#8221;][et_pb_column type=&#8221;4_4&#8243; _builder_version=&#8221;4.16&#8243; custom_padding=&#8221;0px|0px|0px|0px&#8221; global_colors_info=&#8221;{}&#8221; custom_padding__hover=&#8221;|||&#8221;][et_pb_button button_url=&#8221;http:\/\/eepurl.com\/bRFcN9&#8243; url_new_window=&#8221;on&#8221; button_text=&#8221;Iscriviti alla newsletter&#8221; _builder_version=&#8221;4.16&#8243; custom_button=&#8221;on&#8221; button_text_color=&#8221;#ffffff&#8221; button_bg_color=&#8221;rgba(0,0,0,0)&#8221; button_border_color=&#8221;#ffffff&#8221; button_use_icon=&#8221;off&#8221; button_text_color_hover=&#8221;#545454&#8243; button_border_color_hover=&#8221;#ffffff&#8221; button_border_radius_hover=&#8221;0px&#8221; button_bg_color_hover=&#8221;#ffffff&#8221; global_colors_info=&#8221;{}&#8221; button_text_size__hover_enabled=&#8221;off&#8221; button_one_text_size__hover_enabled=&#8221;off&#8221; button_two_text_size__hover_enabled=&#8221;off&#8221; button_text_color__hover_enabled=&#8221;on&#8221; button_text_color__hover=&#8221;#545454&#8243; button_one_text_color__hover_enabled=&#8221;off&#8221; button_two_text_color__hover_enabled=&#8221;off&#8221; button_border_width__hover_enabled=&#8221;off&#8221; button_one_border_width__hover_enabled=&#8221;off&#8221; button_two_border_width__hover_enabled=&#8221;off&#8221; button_border_color__hover_enabled=&#8221;on&#8221; button_border_color__hover=&#8221;#ffffff&#8221; button_one_border_color__hover_enabled=&#8221;off&#8221; button_two_border_color__hover_enabled=&#8221;off&#8221; button_border_radius__hover_enabled=&#8221;on&#8221; button_border_radius__hover=&#8221;0px&#8221; button_one_border_radius__hover_enabled=&#8221;off&#8221; button_two_border_radius__hover_enabled=&#8221;off&#8221; button_letter_spacing__hover_enabled=&#8221;off&#8221; button_one_letter_spacing__hover_enabled=&#8221;off&#8221; button_two_letter_spacing__hover_enabled=&#8221;off&#8221; button_bg_color__hover_enabled=&#8221;on&#8221; button_bg_color__hover=&#8221;#ffffff&#8221; button_one_bg_color__hover_enabled=&#8221;off&#8221; button_two_bg_color__hover_enabled=&#8221;off&#8221;]<\/p>\n<p>\u00a0<\/p>\n<p>[\/et_pb_button][\/et_pb_column][\/et_pb_row][\/et_pb_section]<\/p>\n","protected":false},"excerpt":{"rendered":"<p>Leggere prima del soggiornoVisione Bordo \u00e8 un luogo per allenare il cuore e la mente, orientato agli insegnamenti del Buddha, che serve al benessere di tutti gli esseri ed \u00e8 sostenuto da un atteggiamento interiore di gioia e generosit\u00e0. Nel nostro lavoro e nella nostra pratica insieme, coltiviamo ci\u00f2 che sostiene il nostro percorso interiore.Evitiamo [&hellip;]<\/p>\n","protected":false},"author":1,"featured_media":0,"parent":0,"menu_order":0,"comment_status":"closed","ping_status":"closed","template":"","meta":{"_et_pb_use_builder":"on","_et_pb_old_content":"","_et_gb_content_width":""},"_links":{"self":[{"href":"https:\/\/bordo.org\/it\/wp-json\/wp\/v2\/pages\/10036\/"}],"collection":[{"href":"https:\/\/bordo.org\/it\/wp-json\/wp\/v2\/pages\/"}],"about":[{"href":"https:\/\/bordo.org\/it\/wp-json\/wp\/v2\/types\/page\/"}],"author":[{"embeddable":true,"href":"https:\/\/bordo.org\/it\/wp-json\/wp\/v2\/users\/1\/"}],"replies":[{"embeddable":true,"href":"https:\/\/bordo.org\/it\/wp-json\/wp\/v2\/comments\/?post=10036"}],"version-history":[{"count":3,"href":"https:\/\/bordo.org\/it\/wp-json\/wp\/v2\/pages\/10036\/revisions\/"}],"predecessor-version":[{"id":10356,"href":"https:\/\/bordo.org\/it\/wp-json\/wp\/v2\/pages\/10036\/revisions\/10356\/"}],"wp:attachment":[{"href":"https:\/\/bordo.org\/it\/wp-json\/wp\/v2\/media\/?parent=10036"}],"curies":[{"name":"wp","href":"https:\/\/api.w.org\/{rel}","templated":true}]}}