{"id":10658,"date":"2025-12-10T21:31:34","date_gmt":"2025-12-10T20:31:34","guid":{"rendered":"https:\/\/bordo.org\/?page_id=10658"},"modified":"2025-12-10T21:32:31","modified_gmt":"2025-12-10T20:32:31","slug":"taraverdeintroduzione","status":"publish","type":"page","link":"https:\/\/bordo.org\/it\/corsi-di-dharma\/taraverdeintroduzione\/","title":{"rendered":"TaraVerdeIntroduzione"},"content":{"rendered":"<p>[et_pb_section fb_built=&#8221;1&#8243; _builder_version=&#8221;4.16&#8243; global_colors_info=&#8221;{}&#8221; theme_builder_area=&#8221;post_content&#8221;][et_pb_row _builder_version=&#8221;4.16&#8243; background_size=&#8221;initial&#8221; background_position=&#8221;top_left&#8221; background_repeat=&#8221;repeat&#8221; custom_padding=&#8221;0px|0px|0px|0px&#8221; global_colors_info=&#8221;{}&#8221; theme_builder_area=&#8221;post_content&#8221;][et_pb_column type=&#8221;4_4&#8243; _builder_version=&#8221;4.16&#8243; custom_padding=&#8221;|||&#8221; global_colors_info=&#8221;{}&#8221; custom_padding__hover=&#8221;|||&#8221; theme_builder_area=&#8221;post_content&#8221;][et_pb_text _builder_version=&#8221;4.16&#8243; custom_margin_tablet=&#8221;||-100px|&#8221; custom_margin_phone=&#8221;&#8221; custom_margin_last_edited=&#8221;on|tablet&#8221; global_colors_info=&#8221;{}&#8221; theme_builder_area=&#8221;post_content&#8221;]<\/p>\n<p><a href=\"https:\/\/bordo.org\/kursprogramm\/#18\">Al programma del corso<\/a><\/p>\n<p>[\/et_pb_text][\/et_pb_column][\/et_pb_row][et_pb_row _builder_version=&#8221;4.16&#8243; background_size=&#8221;initial&#8221; background_position=&#8221;top_left&#8221; background_repeat=&#8221;repeat&#8221; custom_padding=&#8221;25px|0px|40px|0px&#8221; global_colors_info=&#8221;{}&#8221; theme_builder_area=&#8221;post_content&#8221;][et_pb_column type=&#8221;4_4&#8243; _builder_version=&#8221;4.16&#8243; custom_padding=&#8221;|||&#8221; global_colors_info=&#8221;{}&#8221; custom_padding__hover=&#8221;|||&#8221; theme_builder_area=&#8221;post_content&#8221;][et_pb_text _builder_version=&#8221;4.19.5&#8243; custom_margin=&#8221;||-10px|&#8221; custom_margin_tablet=&#8221;||-50px|&#8221; custom_margin_phone=&#8221;&#8221; custom_margin_last_edited=&#8221;on|phone&#8221; custom_padding=&#8221;|||&#8221; hover_enabled=&#8221;0&#8243; global_colors_info=&#8221;{}&#8221; theme_builder_area=&#8221;post_content&#8221; sticky_enabled=&#8221;0&#8243;]<\/p>\n<p>23 &#8211; 24 maggio 2026<\/p>\n<h1>Bodhisattva Tara Verde &#8211; Introduzione<\/h1>\n<p>[\/et_pb_text][\/et_pb_column][\/et_pb_row][et_pb_row _builder_version=&#8221;4.16&#8243; custom_padding=&#8221;25px|0px|32px|0px&#8221; global_colors_info=&#8221;{}&#8221; column_structure=&#8221;2_3,1_3&#8243; theme_builder_area=&#8221;post_content&#8221;][et_pb_column type=&#8221;2_3&#8243; _builder_version=&#8221;4.16&#8243; custom_padding=&#8221;|||&#8221; global_colors_info=&#8221;{}&#8221; custom_padding__hover=&#8221;|||&#8221; theme_builder_area=&#8221;post_content&#8221;][et_pb_text _builder_version=&#8221;4.19.5&#8243; custom_margin_tablet=&#8221;||-40px|&#8221; custom_margin_phone=&#8221;&#8221; custom_margin_last_edited=&#8221;on|desktop&#8221; hover_enabled=&#8221;0&#8243; global_colors_info=&#8221;{}&#8221; theme_builder_area=&#8221;post_content&#8221; sticky_enabled=&#8221;0&#8243;]<\/p>\n<p class=\"p1\">La Tara Verde \u00e8 un&#8217;espressione femminile dell&#8217;energia di saggezza di tutti i Buddha e l&#8217;incarnazione della compassione attiva e pronta all&#8217;azione. A livello relativo, protegge noi e gli altri dalla paura, dalle ansie e dagli ostacoli di ogni tipo e, in ultima istanza, ci conduce all&#8217;illuminazione.<\/p>\n<p class=\"p1\">La meditazione enfatizza la recitazione delle 21 lodi a lei rivolte come mezzo per connetterci con le qualit\u00e0 di Tara.<\/p>\n<p class=\"p1\">Lama Ch\u00f6nyi fornir\u00e0 spiegazioni introduttive alla pratica e praticher\u00e0 con noi il rituale tibetano.<\/p>\n<p class=\"p1\">\u00c8 necessario aver gi\u00e0 preso formalmente rifugio ed avere familiarit\u00e0 con una pratica regolare. \u00c8 possibile partecipare solo nel fine settimana.<\/p>\n<p class=\"p1\">Il testo di pratica utilizzato per Tara Verde, in tibetano con traduzione italiana, \u00e8 disponibile a Bordo. Ringraziamo Ciogin Draua per il loro gentile permesso.<\/p>\n<p><strong>Inizio :<\/strong> sabato 23 maggio &#8211; ore 10 (arrivo possibile venerdi pomeriggio)<br \/><strong>Termine :<\/strong> domenica 24 maggio &#8211; ore 12<\/p>\n<p><strong>Condurr\u00e0 il corso :<\/strong> Lama Ch\u00f6nyi, assistito da Lama Lodreu Wangmo<br \/><strong>Lingua del corso:<\/strong> inglese\/ tedesco<\/p>\n<p><strong>Tassa del corso:<\/strong>\u00a0Quota dei costi dell\u2019organizzazione e una donazione per gli insegnanti. La vostra generosit\u00e0 permette loro di continuare a trasmettere il Dharma in futuro.<\/p>\n<p><strong>Alloggio e pasti:<\/strong>\u00a0Le donazioni per l\u2019alloggio e il vitto dovrebbero essere sufficienti a coprire le spese e consentire che Bordo pu\u00f2 essere mantenuto. Siamo a vostra disposizione per ulteriori informazioni.<\/p>\n<p><strong>Registrazione su\u00a0<a href=\"mailto:bodhipath@bordo.org\">bodhipath@bordo.org<\/a><\/strong><\/p>\n<p>Si prega di leggere le informazioni sul\u00a0<a href=\"https:\/\/bordo.org\/it\/arrivo-e-soggiorno\/soggiorno\/\">soggiorno a Bordo<\/a>\u00a0e sul\u00a0<a href=\"https:\/\/bordo.org\/it\/arrivo-e-soggiorno\/come-raggiungerci\/\">viaggio a Bordo<\/a>\u00a0prima della visita.<\/p>\n<p>[\/et_pb_text][\/et_pb_column][et_pb_column type=&#8221;1_3&#8243; _builder_version=&#8221;4.16&#8243; custom_padding=&#8221;|||&#8221; global_colors_info=&#8221;{}&#8221; custom_padding__hover=&#8221;|||&#8221; theme_builder_area=&#8221;post_content&#8221;][\/et_pb_column][\/et_pb_row][\/et_pb_section]<\/p>\n","protected":false},"excerpt":{"rendered":"<p>Al programma del corso23 &#8211; 24 maggio 2026 Bodhisattva Tara Verde &#8211; IntroduzioneLa Tara Verde \u00e8 un&#8217;espressione femminile dell&#8217;energia di saggezza di tutti i Buddha e l&#8217;incarnazione della compassione attiva e pronta all&#8217;azione. A livello relativo, protegge noi e gli altri dalla paura, dalle ansie e dagli ostacoli di ogni tipo e, in ultima istanza, [&hellip;]<\/p>\n","protected":false},"author":2,"featured_media":0,"parent":5233,"menu_order":0,"comment_status":"closed","ping_status":"closed","template":"","meta":{"_et_pb_use_builder":"on","_et_pb_old_content":"","_et_gb_content_width":""},"_links":{"self":[{"href":"https:\/\/bordo.org\/it\/wp-json\/wp\/v2\/pages\/10658\/"}],"collection":[{"href":"https:\/\/bordo.org\/it\/wp-json\/wp\/v2\/pages\/"}],"about":[{"href":"https:\/\/bordo.org\/it\/wp-json\/wp\/v2\/types\/page\/"}],"author":[{"embeddable":true,"href":"https:\/\/bordo.org\/it\/wp-json\/wp\/v2\/users\/2\/"}],"replies":[{"embeddable":true,"href":"https:\/\/bordo.org\/it\/wp-json\/wp\/v2\/comments\/?post=10658"}],"version-history":[{"count":2,"href":"https:\/\/bordo.org\/it\/wp-json\/wp\/v2\/pages\/10658\/revisions\/"}],"predecessor-version":[{"id":10661,"href":"https:\/\/bordo.org\/it\/wp-json\/wp\/v2\/pages\/10658\/revisions\/10661\/"}],"up":[{"embeddable":true,"href":"https:\/\/bordo.org\/it\/wp-json\/wp\/v2\/pages\/5233\/"}],"wp:attachment":[{"href":"https:\/\/bordo.org\/it\/wp-json\/wp\/v2\/media\/?parent=10658"}],"curies":[{"name":"wp","href":"https:\/\/api.w.org\/{rel}","templated":true}]}}