{"id":10671,"date":"2025-12-10T22:45:39","date_gmt":"2025-12-10T21:45:39","guid":{"rendered":"https:\/\/bordo.org\/?page_id=10671"},"modified":"2025-12-10T22:47:12","modified_gmt":"2025-12-10T21:47:12","slug":"lojongpertempidifficili","status":"publish","type":"page","link":"https:\/\/bordo.org\/it\/corsi-di-dharma\/lojongpertempidifficili\/","title":{"rendered":"Lojong per tempi difficili"},"content":{"rendered":"<p>[et_pb_section fb_built=&#8221;1&#8243; _builder_version=&#8221;4.16&#8243; global_colors_info=&#8221;{}&#8221; theme_builder_area=&#8221;post_content&#8221;][et_pb_row _builder_version=&#8221;4.16&#8243; background_size=&#8221;initial&#8221; background_position=&#8221;top_left&#8221; background_repeat=&#8221;repeat&#8221; custom_padding=&#8221;0px|0px|0px|0px&#8221; global_colors_info=&#8221;{}&#8221; theme_builder_area=&#8221;post_content&#8221;][et_pb_column type=&#8221;4_4&#8243; _builder_version=&#8221;4.16&#8243; custom_padding=&#8221;|||&#8221; global_colors_info=&#8221;{}&#8221; custom_padding__hover=&#8221;|||&#8221; theme_builder_area=&#8221;post_content&#8221;][et_pb_text _builder_version=&#8221;4.16&#8243; custom_margin_tablet=&#8221;||-100px|&#8221; custom_margin_phone=&#8221;&#8221; custom_margin_last_edited=&#8221;on|tablet&#8221; global_colors_info=&#8221;{}&#8221; theme_builder_area=&#8221;post_content&#8221;]<\/p>\n<p><a href=\"https:\/\/bordo.org\/kursprogramm\/#11\">Al programma del corso<\/a><\/p>\n<p>[\/et_pb_text][\/et_pb_column][\/et_pb_row][et_pb_row _builder_version=&#8221;4.16&#8243; background_size=&#8221;initial&#8221; background_position=&#8221;top_left&#8221; background_repeat=&#8221;repeat&#8221; custom_padding=&#8221;25px|0px|40px|0px&#8221; global_colors_info=&#8221;{}&#8221; theme_builder_area=&#8221;post_content&#8221;][et_pb_column type=&#8221;4_4&#8243; _builder_version=&#8221;4.16&#8243; custom_padding=&#8221;|||&#8221; global_colors_info=&#8221;{}&#8221; custom_padding__hover=&#8221;|||&#8221; theme_builder_area=&#8221;post_content&#8221;][et_pb_text _builder_version=&#8221;4.19.5&#8243; custom_margin=&#8221;||-10px|&#8221; custom_margin_tablet=&#8221;||-50px|&#8221; custom_margin_phone=&#8221;&#8221; custom_margin_last_edited=&#8221;on|phone&#8221; custom_padding=&#8221;|||&#8221; hover_enabled=&#8221;0&#8243; global_colors_info=&#8221;{}&#8221; theme_builder_area=&#8221;post_content&#8221; sticky_enabled=&#8221;0&#8243;]<\/p>\n<p>1 &#8211; 8 agosto 2026<\/p>\n<h1>Lojong per tempi difficili &#8211; Concedi agli altri la vittoria e accetta la perdita &#8211; senza perdere te stesso<\/h1>\n<p>[\/et_pb_text][\/et_pb_column][\/et_pb_row][et_pb_row column_structure=&#8221;2_3,1_3&#8243; _builder_version=&#8221;4.16&#8243; custom_padding=&#8221;25px|0px|32px|0px&#8221; global_colors_info=&#8221;{}&#8221; theme_builder_area=&#8221;post_content&#8221;][et_pb_column type=&#8221;2_3&#8243; _builder_version=&#8221;4.16&#8243; custom_padding=&#8221;|||&#8221; global_colors_info=&#8221;{}&#8221; custom_padding__hover=&#8221;|||&#8221; theme_builder_area=&#8221;post_content&#8221;][et_pb_text _builder_version=&#8221;4.19.5&#8243; custom_margin_tablet=&#8221;||-40px|&#8221; custom_margin_phone=&#8221;&#8221; custom_margin_last_edited=&#8221;on|desktop&#8221; hover_enabled=&#8221;0&#8243; global_colors_info=&#8221;{}&#8221; theme_builder_area=&#8221;post_content&#8221; sticky_enabled=&#8221;0&#8243;]<\/p>\n<p class=\"p1\">In un mondo in cui gli estremi diventano sempre pi\u00f9 forti, non vogliamo dimenticare che ci troviamo sulla via media. Una via in cui non ci lasciamo sedurre da soluzioni estreme che promettono una vita migliore, n\u00e9 cerchiamo nemici per distrarci dai problemi che noi stessi abbiamo causato. Non accetteremo ideologie n\u00e9 ci abbandoneremo alla nostalgia, ma cercheremo con determinazione ci\u00f2 che conta davvero: Bodhicitta, la mente del risveglio.<\/p>\n<p class=\"p1\">Al mattino si terr\u00e0 uno scambio sull&#8217;argomento con Lama Tsony, aperto a tutti. Nel pomeriggio sar\u00e0 possibile approfondire quanto ascoltato in un gruppo di studi, in modo da preparare domande e suggerimenti per il giorno successivo. \u00c8 anche possibile avere del tempo nel pomeriggio per la pratica personale. Ideale per chi desidera intensificare la propria pratica Ng\u00f6n Dro. Se questo \u00e8 il vostro caso, vi preghiamo di comunicarcelo in modo da poter prenotare una stanza adeguata.<strong><\/strong><\/p>\n<p><strong>Inizio :<\/strong> sabato 1 agosto &#8211; ore 18<br \/><strong>Fine :<\/strong> sabato 8 agosto &#8211; ore 12<\/p>\n<p><strong>Condurr\u00e0 il ritiro :<\/strong> Lama Tsony (Francis Devroux)<br \/><strong>Lingua del corso :\u00a0<\/strong>inglese<\/p>\n<p>.<strong style=\"font-size: 18px;\">Tassa del corso:<\/strong><span style=\"font-size: 18px;\">\u00a0Quota dei costi dell\u2019organizzazione e una donazione per gli insegnanti. La vostra generosit\u00e0 permette loro di continuare a trasmettere il Dharma in futuro.<\/span><\/p>\n<div class=\"et_pb_column et_pb_column_2_3 et_pb_column_2 et_pb_css_mix_blend_mode_passthrough\">\n<div class=\"et_pb_module et_pb_text et_pb_text_2 et_pb_bg_layout_light et_pb_text_align_left\">\n<div class=\"et_pb_text_inner\">\n<p><strong>Alloggio e pasti:<\/strong>\u00a0Le donazioni per l\u2019alloggio e il vitto dovrebbero essere sufficienti a coprire le spese e consentire che Bordo pu\u00f2 essere mantenuto. Siamo a vostra disposizione per ulteriori informazioni.<\/p>\n<p><strong>Registrazione su\u00a0<a href=\"mailto:bodhipath@bordo.org\">bodhipath@bordo.org<\/a><\/strong><\/p>\n<p>Si prega di leggere le informazioni sul\u00a0<a href=\"https:\/\/bordo.org\/it\/arrivo-e-soggiorno\/soggiorno\/\">soggiorno a Bordo<\/a>\u00a0e sul\u00a0<a href=\"https:\/\/bordo.org\/it\/arrivo-e-soggiorno\/come-raggiungerci\/\">viaggio a Bordo<\/a>\u00a0prima della visita.<\/p>\n<\/div>\n<\/div>\n<\/div>\n<p>[\/et_pb_text][\/et_pb_column][et_pb_column type=&#8221;1_3&#8243; _builder_version=&#8221;4.16&#8243; custom_padding=&#8221;|||&#8221; global_colors_info=&#8221;{}&#8221; custom_padding__hover=&#8221;|||&#8221; theme_builder_area=&#8221;post_content&#8221;][\/et_pb_column][\/et_pb_row][\/et_pb_section]<\/p>\n","protected":false},"excerpt":{"rendered":"<p>Al programma del corso1 &#8211; 8 agosto 2026 Lojong per tempi difficili &#8211; Concedi agli altri la vittoria e accetta la perdita &#8211; senza perdere te stessoIn un mondo in cui gli estremi diventano sempre pi\u00f9 forti, non vogliamo dimenticare che ci troviamo sulla via media. Una via in cui non ci lasciamo sedurre da [&hellip;]<\/p>\n","protected":false},"author":2,"featured_media":0,"parent":5233,"menu_order":0,"comment_status":"closed","ping_status":"closed","template":"","meta":{"_et_pb_use_builder":"on","_et_pb_old_content":"","_et_gb_content_width":""},"_links":{"self":[{"href":"https:\/\/bordo.org\/it\/wp-json\/wp\/v2\/pages\/10671\/"}],"collection":[{"href":"https:\/\/bordo.org\/it\/wp-json\/wp\/v2\/pages\/"}],"about":[{"href":"https:\/\/bordo.org\/it\/wp-json\/wp\/v2\/types\/page\/"}],"author":[{"embeddable":true,"href":"https:\/\/bordo.org\/it\/wp-json\/wp\/v2\/users\/2\/"}],"replies":[{"embeddable":true,"href":"https:\/\/bordo.org\/it\/wp-json\/wp\/v2\/comments\/?post=10671"}],"version-history":[{"count":2,"href":"https:\/\/bordo.org\/it\/wp-json\/wp\/v2\/pages\/10671\/revisions\/"}],"predecessor-version":[{"id":10673,"href":"https:\/\/bordo.org\/it\/wp-json\/wp\/v2\/pages\/10671\/revisions\/10673\/"}],"up":[{"embeddable":true,"href":"https:\/\/bordo.org\/it\/wp-json\/wp\/v2\/pages\/5233\/"}],"wp:attachment":[{"href":"https:\/\/bordo.org\/it\/wp-json\/wp\/v2\/media\/?parent=10671"}],"curies":[{"name":"wp","href":"https:\/\/api.w.org\/{rel}","templated":true}]}}