{"id":5197,"date":"2018-09-30T21:51:29","date_gmt":"2018-09-30T19:51:29","guid":{"rendered":"http:\/\/test.bordo.org\/?page_id=5197"},"modified":"2026-03-31T15:37:21","modified_gmt":"2026-03-31T13:37:21","slug":"come-raggiungerci","status":"publish","type":"page","link":"https:\/\/bordo.org\/it\/arrivo-e-soggiorno\/come-raggiungerci\/","title":{"rendered":"Come raggiungerci"},"content":{"rendered":"<p>[et_pb_section fb_built=&#8221;1&#8243; disabled_on=&#8221;off|off|off&#8221; admin_label=&#8221;section&#8221; _builder_version=&#8221;4.16&#8243; custom_padding=&#8221;64px|0px|64px|0px&#8221; global_colors_info=&#8221;{}&#8221;][et_pb_row disabled_on=&#8221;off|off|off&#8221; admin_label=&#8221;row&#8221; _builder_version=&#8221;4.16&#8243; background_size=&#8221;initial&#8221; background_position=&#8221;top_left&#8221; background_repeat=&#8221;repeat&#8221; global_colors_info=&#8221;{}&#8221;][et_pb_column type=&#8221;4_4&#8243; _builder_version=&#8221;4.16&#8243; custom_padding=&#8221;|||&#8221; global_colors_info=&#8221;{}&#8221; custom_padding__hover=&#8221;|||&#8221;][et_pb_text _builder_version=&#8221;4.16&#8243; global_colors_info=&#8221;{}&#8221;]<\/p>\n<h1>Arrivo &#8211; Il tuo cammino verso Bordo<\/h1>\n<p>[\/et_pb_text][\/et_pb_column][\/et_pb_row][et_pb_row admin_label=&#8221;row&#8221; _builder_version=&#8221;4.16&#8243; background_size=&#8221;initial&#8221; background_position=&#8221;top_left&#8221; background_repeat=&#8221;repeat&#8221; min_height=&#8221;965.5px&#8221; global_colors_info=&#8221;{}&#8221;][et_pb_column type=&#8221;4_4&#8243; _builder_version=&#8221;4.16&#8243; custom_padding=&#8221;|||&#8221; global_colors_info=&#8221;{}&#8221; custom_padding__hover=&#8221;|||&#8221;][et_pb_text _builder_version=&#8221;4.19.5&#8243; min_height=&#8221;400px&#8221; global_colors_info=&#8221;{}&#8221;]<\/p>\n<p><strong>Nel tuo cammino per Bordo ci sono alcune particolarit\u00e0. Per questo e importante di osservare i seguenti consigli:\u00a0<\/strong><\/p>\n<p>&#8211; Potete trovare la posizione della teleferica su <a href=\"https:\/\/www.openstreetmap.org\/?mlat=46.04995&amp;mlon=8.18459#map=17\/46.04995\/8.18459&amp;layers=N\" target=\"_blank\" rel=\"noopener noreferrer\">OpenStreetMap<\/a><\/p>\n<p>&#8211; Bordo pu\u00f2 essere raggiunto solo a piedi. Si prende la teleferica come punto di riferimento, e si inizia a camminare verso le case, nella parte alta di Rivera. A Rivera dopo circa 200m troverete la Chiesa alla vostra sinistra. Alla sua destra vedrete l&#8217;inizio del sentiero. Ci vogliono circa 25 minuti per 200 metri di altitudine. Portate scarpe comode e adatte, ed una torcia per la sera! In alternativa, soprattutto in caso di maltempo, potete percorrere la strada, leggermente pi\u00f9 lunga, che porta vicino al villaggio di Cheggio, dove troverete un ponte da attraversare che vi condurr\u00e0 a Bordo.<\/p>\n<p>&#8211; Vi raccomandiamo caldamente di pianificare il vostro viaggio in modo da arrivare a Bordo quand&#8217;\u00e9 ancora giorno.<\/p>\n<p>[\/et_pb_text][et_pb_image src=&#8221;https:\/\/bordo.org\/wp-content\/uploads\/2018\/10\/Karte_it.jpg&#8221; show_in_lightbox=&#8221;on&#8221; use_overlay=&#8221;on&#8221; overlay_icon_color=&#8221;#ffffff&#8221; hover_overlay_color=&#8221;rgba(28,28,28,0.15)&#8221; hover_icon=&#8221;&#x54;||divi||400&#8243; align_tablet=&#8221;center&#8221; align_phone=&#8221;center&#8221; align_last_edited=&#8221;on|desktop&#8221; _builder_version=&#8221;4.16&#8243; min_height=&#8221;459.5px&#8221; global_colors_info=&#8221;{}&#8221;]&nbsp;<br \/>\n[\/et_pb_image][et_pb_button _builder_version=&#8221;4.16&#8243; custom_margin=&#8221;||-22px|||&#8221; global_colors_info=&#8221;{}&#8221; button_text_size__hover_enabled=&#8221;off&#8221; button_one_text_size__hover_enabled=&#8221;off&#8221; button_two_text_size__hover_enabled=&#8221;off&#8221; button_text_color__hover_enabled=&#8221;off&#8221; button_one_text_color__hover_enabled=&#8221;off&#8221; button_two_text_color__hover_enabled=&#8221;off&#8221; button_border_width__hover_enabled=&#8221;off&#8221; button_one_border_width__hover_enabled=&#8221;off&#8221; button_two_border_width__hover_enabled=&#8221;off&#8221; button_border_color__hover_enabled=&#8221;off&#8221; button_one_border_color__hover_enabled=&#8221;off&#8221; button_two_border_color__hover_enabled=&#8221;off&#8221; button_border_radius__hover_enabled=&#8221;off&#8221; button_one_border_radius__hover_enabled=&#8221;off&#8221; button_two_border_radius__hover_enabled=&#8221;off&#8221; button_letter_spacing__hover_enabled=&#8221;off&#8221; button_one_letter_spacing__hover_enabled=&#8221;off&#8221; button_two_letter_spacing__hover_enabled=&#8221;off&#8221; button_bg_color__hover_enabled=&#8221;off&#8221; button_one_bg_color__hover_enabled=&#8221;off&#8221; button_two_bg_color__hover_enabled=&#8221;off&#8221;]&nbsp;<br \/>\n[\/et_pb_button][et_pb_button _builder_version=&#8221;4.16&#8243; global_colors_info=&#8221;{}&#8221; button_text_size__hover_enabled=&#8221;off&#8221; button_one_text_size__hover_enabled=&#8221;off&#8221; button_two_text_size__hover_enabled=&#8221;off&#8221; button_text_color__hover_enabled=&#8221;off&#8221; button_one_text_color__hover_enabled=&#8221;off&#8221; button_two_text_color__hover_enabled=&#8221;off&#8221; button_border_width__hover_enabled=&#8221;off&#8221; button_one_border_width__hover_enabled=&#8221;off&#8221; button_two_border_width__hover_enabled=&#8221;off&#8221; button_border_color__hover_enabled=&#8221;off&#8221; button_one_border_color__hover_enabled=&#8221;off&#8221; button_two_border_color__hover_enabled=&#8221;off&#8221; button_border_radius__hover_enabled=&#8221;off&#8221; button_one_border_radius__hover_enabled=&#8221;off&#8221; button_two_border_radius__hover_enabled=&#8221;off&#8221; button_letter_spacing__hover_enabled=&#8221;off&#8221; button_one_letter_spacing__hover_enabled=&#8221;off&#8221; button_two_letter_spacing__hover_enabled=&#8221;off&#8221; button_bg_color__hover_enabled=&#8221;off&#8221; button_one_bg_color__hover_enabled=&#8221;off&#8221; button_two_bg_color__hover_enabled=&#8221;off&#8221;]&nbsp;<br \/>\n[\/et_pb_button][\/et_pb_column][\/et_pb_row][et_pb_row _builder_version=&#8221;4.16&#8243; global_colors_info=&#8221;{}&#8221;][et_pb_column type=&#8221;4_4&#8243; _builder_version=&#8221;4.16&#8243; custom_padding=&#8221;|||&#8221; global_colors_info=&#8221;{}&#8221; custom_padding__hover=&#8221;|||&#8221;][et_pb_text _builder_version=&#8221;4.19.5&#8243; global_colors_info=&#8221;{}&#8221;]<\/p>\n<h4>Orari di arrivo:<\/h4>\n<p>&#8211; Se possibile, organizzatevi in modo di arrivare tra le 10:00 e le 18:00. La vostra camera sar\u00e0 pronta nel pomeriggio. Se desiderate il pranzo il giorno di arrivo, vi preghiamo di comunicarcelo in anticipo.<\/p>\n<p><strong>&#8211; Arrivo dopo il tramonto:<\/strong> Se si arriva di notte a causa di ingorghi stradali imprevisti ecc, si prega di parcheggiare sotto e camminare solo con le cose necessarie per la notte (la torcia elettrica \u00e8 indispensabile qui). La vostra camera \u00e8 elencata davanti alla sala da pranzo. La mattina dopo potremo ritirare i bagagli.<\/p>\n<h4>Orario di funzionamento e utilizzo della teleferica:<\/h4>\n<p>&#8211; C&#8217;\u00e8 una teleferica (vedi mappa): potete caricarla e legare i vostri bagagli. Quando arriverete a Bordo verr\u00e0 fatta partire. Non ci assumiamo nessuna responsabilit\u00e0 per eventuali oggetti di valore. Si prega che ve ne prendiate cura nel caso li vogliate trasportare sulla teleferica.<\/p>\n<p>&#8211; Funzionamento solo alla luce del giorno. Dal crepuscolo in poi, la teleferica pu\u00f2 essere utilizzata solo in casi eccezionali.<\/p>\n<p class=\"p1\"><strong>Note:<\/strong> Da sopra non si vede se c&#8217;\u00e8 qualcuno che la sta caricando e pu\u00f2 accadere\u00a0 che inaspettatamente venga attivata. Pertanto non state mai tra la teleferica ed il muro dalla parte della montagna!<\/p>\n<h4>Parcheggio:<\/h4>\n<p>&#8211; Ci sono ridotte possibilit\u00e0 di parcheggio, le trovate segnalate nella mappa. Per favore, rispettate il fatto che non si pu\u00f2 parcheggiare nei pressi della Chiesa di Rivera e di Cheggio.<\/p>\n<p class=\"p1\"><strong>Raccomandiamo di sfruttare i mezzi di trasporto pubblici per salvaguardare l&#8217;ambiente ed evitare il sovrafollamento dei parcheggi.<\/strong><\/p>\n<p>[\/et_pb_text][\/et_pb_column][\/et_pb_row][et_pb_row _builder_version=&#8221;4.16&#8243; global_colors_info=&#8221;{}&#8221;][et_pb_column type=&#8221;4_4&#8243; _builder_version=&#8221;4.16&#8243; custom_padding=&#8221;|||&#8221; global_colors_info=&#8221;{}&#8221; custom_padding__hover=&#8221;|||&#8221;][et_pb_text _builder_version=&#8221;4.16&#8243; global_colors_info=&#8221;{}&#8221;]<\/p>\n<h2>Arrivo con i mezzi pubblici<\/h2>\n<p>[\/et_pb_text][et_pb_text _builder_version=&#8221;4.19.5&#8243; global_colors_info=&#8221;{}&#8221;]<\/p>\n<p><span style=\"font-size: 20px;\"><strong>Taxi Domodossola &lt;-&gt; Rivera<\/strong><\/span><\/p>\n<p>Per prendere un Taxi dalla stazione di Domodossola fino all&#8217;Osteria Mezzavalle o alla teleferica, il costo \u00e8 di 45 euro. La destinazione \u00e8: &#8220;Teleferica di Bordo, Rivera, Comune di Viganella, Valle Antrona&#8221;. Qualche volta il Taxi arriva anche fino al parcheggio di Cheggio con una piccola aggiunta sul prezzo. Essendo spesso pieno le manovre sono difficoltose, pertanto questo servizio non pu\u00f2 essere sempre garantito.<\/p>\n<p>Radiotaxi Domodossola: <strong>+39 0324 2740<\/strong><br \/>Taxi Rinaldo (massimo 7 posti): <strong>+39 346 6916464<\/strong><br \/>Taxi De Marco Enzo: <strong>+39 347 9276837<\/strong><br \/>Taxi Lobardo Antonio: <strong>+39 393 280046201<\/strong><br \/>Taxi De Marco Pietro: <strong>+39 335 6731786<\/strong><\/p>\n<p><span style=\"font-size: 20px;\"><strong><\/strong><\/span><\/p>\n<p><span style=\"font-size: 20px;\"><strong>Bus Domodossola &lt;-&gt; Rivera<\/strong><\/span><\/p>\n<p>Da:\u00a0 <strong>Domodossola F.S.<\/strong> (Stazione di Domodossola)<br \/>Nach:\u00a0<strong>Le fermate Rivera, Bar La Tana di Cip e Ciop <\/strong>(non le troverete indicate negli orari dei Bus, si trovano tra i paesi di Viganella e Prato).<\/p>\n<p>Orari: <a title=\"Winterfahrplan\" href=\"http:\/\/www.comazzibus.com\/orario.php?p=29\" target=\"_blank\" rel=\"noopener noreferrer\">Orario invernale<\/a>, <a title=\"Sommerfahrplan\" href=\"http:\/\/www.comazzibus.com\/orario.php?p=15\" target=\"_blank\" rel=\"noopener noreferrer\">Orario estivo<\/a><\/p>\n<p>Alla <strong>domenica<\/strong> ed i <strong>giorni festivi<\/strong> non ci sono mezzi di collegamento verso Rivera.<\/p>\n<p>Vacanze scolastiche nella Regione Piemonte:\u00a0 <a title=\"Verwaltung der Region Piemonte\" href=\"http:\/\/www.regione.piemonte.it\/urp\/web\/tutte-le-news\/38-calendario-scolastico-per-l-anno-2017-2018.html\" target=\"_blank\" rel=\"noopener noreferrer\">Il calendario scolastico del prossimo anno<\/a><\/p>\n<p>Note: Per capire l&#8217;orario si deve sapere che \u00e8 orientato verso gli studenti ed i lavoratori. Il sabato \u00e8 un giorno lavorativo e scolastico, eccetto quando una festivit\u00e0 cade proprio in quel giorno.<\/p>\n<p><span style=\"font-size: 20px;\"><strong><\/strong><\/span><\/p>\n<p><span style=\"font-size: 20px;\"><strong>Bus Domodossola &lt;-&gt; Aereoporto Malpensa\u00a0<\/strong><\/span><\/p>\n<p>Orari: <a title=\"Flughafenbus\" href=\"http:\/\/www.comazzibus.com\/orario.php?p=107\" target=\"_blank\" rel=\"noopener noreferrer\">Bus aereoporto<\/a><\/p>\n<p>Il servizio \u00e8 solo su prenotazione, che pu\u00f2 essere fatta fino alle ore 12 del giorno precedente l&#8217;arrivo pianificato al numero:<br \/>+39 0324 240 333 o online al&#8217;indirizzo <a href=\"https:\/\/www.comazzialibus.com\/ComazziAlibus\/\" target=\"_blank\" rel=\"noopener\">https:\/\/www.comazzialibus.com\/ComazziAlibus\/<\/a><\/p>\n<p>Il prezzo per il tragitto Domodossola &lt;-&gt; Malpensa \u00e8 17 \u20ac.<\/p>\n<p>[\/et_pb_text][\/et_pb_column][\/et_pb_row][\/et_pb_section][et_pb_section fb_built=&#8221;1&#8243; _builder_version=&#8221;4.16&#8243; background_color=&#8221;#dbdbdb&#8221; use_background_color_gradient=&#8221;on&#8221; background_color_gradient_type=&#8221;circular&#8221; background_color_gradient_direction_radial=&#8221;bottom left&#8221; background_color_gradient_stops=&#8221;#f99b18 0%|#911e01 100%&#8221; background_color_gradient_start=&#8221;#f99b18&#8243; background_color_gradient_end=&#8221;#911e01&#8243; custom_padding=&#8221;0px||0px|&#8221; animation_style=&#8221;fade&#8221; global_colors_info=&#8221;{}&#8221;][et_pb_row _builder_version=&#8221;4.16&#8243; custom_margin=&#8221;|||&#8221; custom_padding=&#8221;40px|0px|40px|0px&#8221; custom_css_main_element=&#8221;text-align: center;&#8221; global_colors_info=&#8221;{}&#8221;][et_pb_column type=&#8221;4_4&#8243; _builder_version=&#8221;4.16&#8243; custom_padding=&#8221;0px|0px|0px|0px&#8221; global_colors_info=&#8221;{}&#8221; custom_padding__hover=&#8221;|||&#8221;][et_pb_button button_url=&#8221;http:\/\/eepurl.com\/bRFcN9&#8243; url_new_window=&#8221;on&#8221; button_text=&#8221;Iscriviti alla newsletter&#8221; _builder_version=&#8221;4.16&#8243; custom_button=&#8221;on&#8221; button_text_color=&#8221;#ffffff&#8221; button_bg_color=&#8221;rgba(0,0,0,0)&#8221; button_border_color=&#8221;#ffffff&#8221; button_use_icon=&#8221;off&#8221; button_text_color_hover=&#8221;#545454&#8243; button_border_color_hover=&#8221;#ffffff&#8221; button_bg_color_hover=&#8221;#ffffff&#8221; global_colors_info=&#8221;{}&#8221; button_text_size__hover_enabled=&#8221;off&#8221; button_one_text_size__hover_enabled=&#8221;off&#8221; button_two_text_size__hover_enabled=&#8221;off&#8221; button_text_color__hover_enabled=&#8221;on&#8221; button_text_color__hover=&#8221;#545454&#8243; button_one_text_color__hover_enabled=&#8221;off&#8221; button_two_text_color__hover_enabled=&#8221;off&#8221; button_border_width__hover_enabled=&#8221;off&#8221; button_one_border_width__hover_enabled=&#8221;off&#8221; button_two_border_width__hover_enabled=&#8221;off&#8221; button_border_color__hover_enabled=&#8221;on&#8221; button_border_color__hover=&#8221;#ffffff&#8221; button_one_border_color__hover_enabled=&#8221;off&#8221; button_two_border_color__hover_enabled=&#8221;off&#8221; button_border_radius__hover_enabled=&#8221;off&#8221; button_one_border_radius__hover_enabled=&#8221;off&#8221; button_two_border_radius__hover_enabled=&#8221;off&#8221; button_letter_spacing__hover_enabled=&#8221;off&#8221; button_one_letter_spacing__hover_enabled=&#8221;off&#8221; button_two_letter_spacing__hover_enabled=&#8221;off&#8221; button_bg_color__hover_enabled=&#8221;on&#8221; button_bg_color__hover=&#8221;#ffffff&#8221; button_one_bg_color__hover_enabled=&#8221;off&#8221; button_two_bg_color__hover_enabled=&#8221;off&#8221;]&nbsp;<br \/>\n[\/et_pb_button][\/et_pb_column][\/et_pb_row][\/et_pb_section]<\/p>\n","protected":false},"excerpt":{"rendered":"<p>Arrivo &#8211; Il tuo cammino verso BordoNel tuo cammino per Bordo ci sono alcune particolarit\u00e0. Per questo e importante di osservare i seguenti consigli:\u00a0 &#8211; Potete trovare la posizione della teleferica su OpenStreetMap &#8211; Bordo pu\u00f2 essere raggiunto solo a piedi. Si prende la teleferica come punto di riferimento, e si inizia a camminare verso [&hellip;]<\/p>\n","protected":false},"author":1,"featured_media":0,"parent":9271,"menu_order":0,"comment_status":"closed","ping_status":"closed","template":"","meta":{"_et_pb_use_builder":"on","_et_pb_old_content":"","_et_gb_content_width":""},"_links":{"self":[{"href":"https:\/\/bordo.org\/it\/wp-json\/wp\/v2\/pages\/5197\/"}],"collection":[{"href":"https:\/\/bordo.org\/it\/wp-json\/wp\/v2\/pages\/"}],"about":[{"href":"https:\/\/bordo.org\/it\/wp-json\/wp\/v2\/types\/page\/"}],"author":[{"embeddable":true,"href":"https:\/\/bordo.org\/it\/wp-json\/wp\/v2\/users\/1\/"}],"replies":[{"embeddable":true,"href":"https:\/\/bordo.org\/it\/wp-json\/wp\/v2\/comments\/?post=5197"}],"version-history":[{"count":17,"href":"https:\/\/bordo.org\/it\/wp-json\/wp\/v2\/pages\/5197\/revisions\/"}],"predecessor-version":[{"id":10702,"href":"https:\/\/bordo.org\/it\/wp-json\/wp\/v2\/pages\/5197\/revisions\/10702\/"}],"up":[{"embeddable":true,"href":"https:\/\/bordo.org\/it\/wp-json\/wp\/v2\/pages\/9271\/"}],"wp:attachment":[{"href":"https:\/\/bordo.org\/it\/wp-json\/wp\/v2\/media\/?parent=5197"}],"curies":[{"name":"wp","href":"https:\/\/api.w.org\/{rel}","templated":true}]}}