{"id":5237,"date":"2018-09-30T22:10:20","date_gmt":"2018-09-30T20:10:20","guid":{"rendered":"http:\/\/test.bordo.org\/?page_id=5237"},"modified":"2025-07-02T16:56:39","modified_gmt":"2025-07-02T14:56:39","slug":"ritiri","status":"publish","type":"page","link":"https:\/\/bordo.org\/it\/dharma\/ritiri\/","title":{"rendered":"Ritiri"},"content":{"rendered":"<p>[et_pb_section fb_built=&#8221;1&#8243; admin_label=&#8221;section&#8221; _builder_version=&#8221;4.16&#8243; global_colors_info=&#8221;{}&#8221;][et_pb_row _builder_version=&#8221;4.16&#8243; background_size=&#8221;initial&#8221; background_position=&#8221;top_left&#8221; background_repeat=&#8221;repeat&#8221; custom_padding=&#8221;35px|0px|35px|0px&#8221; global_colors_info=&#8221;{}&#8221;][et_pb_column type=&#8221;4_4&#8243; _builder_version=&#8221;4.16&#8243; custom_padding=&#8221;|||&#8221; global_colors_info=&#8221;{}&#8221; custom_padding__hover=&#8221;|||&#8221;][et_pb_text _builder_version=&#8221;4.16&#8243; background_size=&#8221;initial&#8221; background_position=&#8221;top_left&#8221; background_repeat=&#8221;repeat&#8221; custom_margin=&#8221;0px|0px|0px|0px&#8221; custom_padding=&#8221;|30px||30px&#8221; custom_padding_tablet=&#8221;&#8221; custom_padding_phone=&#8221;&#8221; custom_padding_last_edited=&#8221;on|tablet&#8221; global_colors_info=&#8221;{}&#8221;]<\/p>\n<h1 style=\"text-align: center;\">Ritiri Buddhisti<\/h1>\n<h1 style=\"text-align: center;\">a Bordo<\/h1>\n<p>[\/et_pb_text][\/et_pb_column][\/et_pb_row][et_pb_row _builder_version=&#8221;4.16&#8243; background_size=&#8221;initial&#8221; background_position=&#8221;top_left&#8221; background_repeat=&#8221;repeat&#8221; custom_padding=&#8221;32px|0px|0px|0px&#8221; global_colors_info=&#8221;{}&#8221;][et_pb_column type=&#8221;4_4&#8243; _builder_version=&#8221;4.16&#8243; custom_padding=&#8221;|||&#8221; global_colors_info=&#8221;{}&#8221; custom_padding__hover=&#8221;|||&#8221;][et_pb_text _builder_version=&#8221;4.16&#8243; background_size=&#8221;initial&#8221; background_position=&#8221;top_left&#8221; background_repeat=&#8221;repeat&#8221; custom_margin=&#8221;|||0px&#8221; custom_padding=&#8221;|120px||30px&#8221; custom_padding_tablet=&#8221;|0px||&#8221; custom_padding_phone=&#8221;|||0px&#8221; custom_padding_last_edited=&#8221;on|desktop&#8221; global_colors_info=&#8221;{}&#8221;]<\/p>\n<p style=\"text-align: left;\">Bordo \u00e8 un Centro Ritiri Buddhista particolarmente apprezzato per la sua semplicit\u00e0 e la speciale energia, per il silenzio che lo ricopre la maggior parte dell&#8217;anno, e per le benedizioni che gli sono state dispensate dai numerosi Maestri realizzati che lo hanno visitato.<\/p>\n<p>[\/et_pb_text][\/et_pb_column][\/et_pb_row][\/et_pb_section][et_pb_section fb_built=&#8221;1&#8243; fullwidth=&#8221;on&#8221; _builder_version=&#8221;4.16&#8243; global_colors_info=&#8221;{}&#8221;][et_pb_fullwidth_image src=&#8221;https:\/\/bordo.org\/wp-content\/uploads\/2018\/07\/Stupaplatz.jpg&#8221; _builder_version=&#8221;4.16&#8243; custom_margin=&#8221;|||100px&#8221; custom_margin_tablet=&#8221;|||0px&#8221; custom_margin_phone=&#8221;|||&#8221; custom_margin_last_edited=&#8221;on|phone&#8221; global_colors_info=&#8221;{}&#8221;]&nbsp;<br \/>\n[\/et_pb_fullwidth_image][\/et_pb_section][et_pb_section fb_built=&#8221;1&#8243; admin_label=&#8221;section&#8221; _builder_version=&#8221;4.16&#8243; global_colors_info=&#8221;{}&#8221;][et_pb_row column_structure=&#8221;3_4,1_4&#8243; _builder_version=&#8221;4.16&#8243; background_size=&#8221;initial&#8221; background_position=&#8221;top_left&#8221; background_repeat=&#8221;repeat&#8221; custom_padding=&#8221;32px|0px|0px|0px&#8221; global_colors_info=&#8221;{}&#8221;][et_pb_column type=&#8221;3_4&#8243; _builder_version=&#8221;4.16&#8243; custom_padding=&#8221;|||&#8221; global_colors_info=&#8221;{}&#8221; custom_padding__hover=&#8221;|||&#8221;][et_pb_text _builder_version=&#8221;4.16&#8243; background_size=&#8221;initial&#8221; background_position=&#8221;top_left&#8221; background_repeat=&#8221;repeat&#8221; custom_margin=&#8221;|||0px&#8221; custom_padding=&#8221;|120px||30px&#8221; custom_padding_tablet=&#8221;|0px||&#8221; custom_padding_phone=&#8221;|||0px&#8221; custom_padding_last_edited=&#8221;on|desktop&#8221; global_colors_info=&#8221;{}&#8221;]<\/p>\n<h2>Ritiri Buddhisti intensivi individuali<\/h2>\n<p>[\/et_pb_text][\/et_pb_column][et_pb_column type=&#8221;1_4&#8243; _builder_version=&#8221;4.16&#8243; custom_padding=&#8221;|||&#8221; global_colors_info=&#8221;{}&#8221; custom_padding__hover=&#8221;|||&#8221;][\/et_pb_column][\/et_pb_row][et_pb_row column_structure=&#8221;3_4,1_4&#8243; _builder_version=&#8221;4.16&#8243; background_size=&#8221;initial&#8221; background_position=&#8221;top_left&#8221; background_repeat=&#8221;repeat&#8221; custom_padding=&#8221;32px|0px|35px|0px&#8221; global_colors_info=&#8221;{}&#8221;][et_pb_column type=&#8221;3_4&#8243; _builder_version=&#8221;4.16&#8243; custom_padding=&#8221;|||&#8221; global_colors_info=&#8221;{}&#8221; custom_padding__hover=&#8221;|||&#8221;][et_pb_text _builder_version=&#8221;4.19.5&#8243; background_size=&#8221;initial&#8221; background_position=&#8221;top_left&#8221; background_repeat=&#8221;repeat&#8221; custom_margin=&#8221;|||0px&#8221; custom_padding=&#8221;|120px||30px&#8221; custom_padding_tablet=&#8221;|0px||&#8221; custom_padding_phone=&#8221;|||0px&#8221; custom_padding_last_edited=&#8221;on|desktop&#8221; hover_enabled=&#8221;0&#8243; global_colors_info=&#8221;{}&#8221; sticky_enabled=&#8221;0&#8243;]<\/p>\n<p>Per poter svolgere un ritiro individuale a Bordo \u00e8 necessario avere una sufficiente esperienza e una pratica formale stabile.<\/p>\n<p>Un ritiro individuale dovrebbe durare almeno una settimana, per consentire di approfondire la connessione con la nostra mente. Per facilitare questo processo ci diamo limiti di tempo e spazio. Almeno 6-7 ore al giorno si dedicano alla pratica formale. Brevi passeggiate nella natura con consapevolezza possono essere incluse, ma non escursioni nei villaggi limitrofi o nei paesi della Valle. Limitiamo anche le condivisioni con gli altri abitanti del villaggio ed evitiamo futili conversazioni.<\/p>\n<p>Un&#8217;ora al giorno aiutiamo nel lavoro (Karma Yoga), un&#8217;altra importante forma nella pratica del Dharma. La nostra attitudine \u00e8 fondamentale, sin dall&#8217;inizio. Cominciamo con un&#8217;attitudine benevola sia nei confronti di noi stessi che verso gli altri con l&#8217;augurio di sviluppare Bodhicitta, l&#8217;attitudine del risveglio, a beneficio di tutti gli esseri.<\/p>\n<p>Per un intensivo ritiro scegliamo uno stile di vita semplice. \u00c8 importante pianificare con un Lama o con un insegnante qualificato la struttura del ritiro (per esempio 6:00-8:00, 9:00-12:00, 15:00-18:00, 19:00-21:00). In alcuni periodi sono presenti a Bordo insegnanti in grado di guidare un ritiro (vedi il programma annuale).<\/p>\n<p>Si prega di consultare anticipatamente Tengye riguardo al programma del vostro ritiro e di comunicarle il tipo di pratica scelta. Lei organizzer\u00e0 il Karma Yoga al quale partecipare, che sosterr\u00e0 il ritiro. In un ritiro intensivo non si usano cellulari o Internet, eccetto per casi di vera emergenza. \u00c8 possibile utilizzare Skype per comunicare con l&#8217;insegnante di riferimento. Si prega di prenotare con anticipo.<\/p>\n<p>Fare un ritiro a Bordo significa sostenere il luogo attraverso una pratica intensa. Ma anche donazioni sono necessarie per coprire i costi e contribuire al mantenimento dell&#8217;area ritiri. Le condizioni per questo possono essere accordate con noi.<\/p>\n<p>[\/et_pb_text][\/et_pb_column][et_pb_column type=&#8221;1_4&#8243; _builder_version=&#8221;4.16&#8243; custom_padding=&#8221;|||&#8221; global_colors_info=&#8221;{}&#8221; custom_padding__hover=&#8221;|||&#8221;][\/et_pb_column][\/et_pb_row][\/et_pb_section][et_pb_section fb_built=&#8221;1&#8243; fullwidth=&#8221;on&#8221; _builder_version=&#8221;4.16&#8243; global_colors_info=&#8221;{}&#8221;][et_pb_fullwidth_image src=&#8221;https:\/\/bordo.org\/wp-content\/uploads\/2018\/03\/Aussenbereich_1.jpg&#8221; show_in_lightbox=&#8221;on&#8221; _builder_version=&#8221;4.16&#8243; custom_margin=&#8221;|400px||&#8221; custom_margin_tablet=&#8221;|0px||&#8221; custom_margin_phone=&#8221;&#8221; custom_margin_last_edited=&#8221;on|desktop&#8221; animation_style=&#8221;fade&#8221; animation_direction=&#8221;left&#8221; animation_duration=&#8221;800ms&#8221; animation_delay=&#8221;100ms&#8221; animation_speed_curve=&#8221;ease-in&#8221; global_colors_info=&#8221;{}&#8221;]&nbsp;<br \/>\n[\/et_pb_fullwidth_image][\/et_pb_section][et_pb_section fb_built=&#8221;1&#8243; admin_label=&#8221;section&#8221; _builder_version=&#8221;4.16&#8243; global_colors_info=&#8221;{}&#8221;][et_pb_row column_structure=&#8221;3_4,1_4&#8243; _builder_version=&#8221;4.16&#8243; background_size=&#8221;initial&#8221; background_position=&#8221;top_left&#8221; background_repeat=&#8221;repeat&#8221; custom_padding=&#8221;32px|0px|35px|0px&#8221; global_colors_info=&#8221;{}&#8221;][et_pb_column type=&#8221;3_4&#8243; _builder_version=&#8221;4.16&#8243; custom_padding=&#8221;|||&#8221; global_colors_info=&#8221;{}&#8221; custom_padding__hover=&#8221;|||&#8221;][et_pb_text _builder_version=&#8221;4.16&#8243; background_size=&#8221;initial&#8221; background_position=&#8221;top_left&#8221; background_repeat=&#8221;repeat&#8221; custom_margin=&#8221;|||0px&#8221; custom_padding=&#8221;|120px||30px&#8221; custom_padding_tablet=&#8221;|0px||&#8221; custom_padding_phone=&#8221;|||0px&#8221; custom_padding_last_edited=&#8221;on|desktop&#8221; global_colors_info=&#8221;{}&#8221;]Durante le attivit\u00e0 stagionali \u00e8 possibile mangiare con gli altri ospiti. Ma \u00e8 possibile anche prepararsi i pasti nella cucina della casa Dharma con un piccolo contributo per il suo uso. Naturalmente si prega di tenere la cucina ed i bagni puliti e di condividere gli spazi comuni in modo rispettoso.<\/p>\n<p>Preghiamo di lasciare ogni luogo cos\u00ec come lo vorresti trovare. Non abbiamo personale addetto alla pulizia, ed \u00e8 bene ricordare che tutti a Bordo offrono il proprio lavoro come volontari. Puoi esprimere l&#8217; apprezzamento verso il loro impegno con il tuo aiuto.<\/p>\n<p>In casi eccezionali, con un precedente accordo, \u00e8 attuabile un ritiro anche durante la stagione invernale, ma solo per praticanti esperti e che gi\u00e0 conoscono bene Bordo. Le condizioni sono molto semplici. Non pu\u00f2 essere garantita l&#8217;acqua calda, gli spazi comuni come la cucina e l&#8217;area docce sono freddi. Le camere sono riscaldate con stufe a legna. Si prega di fare una generosa donazione per la legna usata, difficile da procurare. C&#8217;\u00e8 solo un bollitore d&#8217;acqua (750W) che pu\u00f2 essere usato, altrimenti si crea un sovraccarico che pu\u00f2 provocare interruzioni all&#8217;energia elettrica. Per questo motivo anche stufette elettriche non possono essere utilizzate.<\/p>\n<p>Prima di fare domande si prega di leggere attentamente le informazioni in: <a href=\"https:\/\/bordo.org\/it\/arrivo-e-soggiorno\/come-raggiungerci\/\">Come raggiungerci<\/a> e <a href=\"https:\/\/bordo.org\/it\/arrivo-e-soggiorno\/soggiorno\/\">soggiorno<\/a>.<\/p>\n<p>Per un ritiro intensivo, \u00e8 necessario registrarsi con anticipo all&#8217;indirizzo mail <a href=\"mailto:bodhipath@bordo.org\">bodhipath@bordo.org<\/a> poich\u00e8 la disponibilit\u00e0 di stanze singole \u00e8 limitata.<\/p>\n<p>Auguriamo a tutti voi il meglio per una profonda e ricca pratica a beneficio di tutti gli esseri.<br \/>\n[\/et_pb_text][\/et_pb_column][et_pb_column type=&#8221;1_4&#8243; _builder_version=&#8221;4.16&#8243; custom_padding=&#8221;|||&#8221; global_colors_info=&#8221;{}&#8221; custom_padding__hover=&#8221;|||&#8221;][\/et_pb_column][\/et_pb_row][et_pb_row _builder_version=&#8221;4.16&#8243; background_size=&#8221;initial&#8221; background_position=&#8221;top_left&#8221; background_repeat=&#8221;repeat&#8221; custom_padding=&#8221;50px|0px|0px|0px&#8221; global_colors_info=&#8221;{}&#8221;][et_pb_column type=&#8221;4_4&#8243; _builder_version=&#8221;4.16&#8243; custom_padding=&#8221;|||&#8221; global_colors_info=&#8221;{}&#8221; custom_padding__hover=&#8221;|||&#8221;][et_pb_text _builder_version=&#8221;4.16&#8243; background_size=&#8221;initial&#8221; background_position=&#8221;top_left&#8221; background_repeat=&#8221;repeat&#8221; custom_margin=&#8221;|||0px&#8221; custom_padding=&#8221;|120px||30px&#8221; custom_padding_tablet=&#8221;|0px||&#8221; custom_padding_phone=&#8221;|||0px&#8221; custom_padding_last_edited=&#8221;on|desktop&#8221; global_colors_info=&#8221;{}&#8221;]<\/p>\n<h2>Semi-Ritiri Buddhista<\/h2>\n<p>&nbsp;<br \/>\n[\/et_pb_text][\/et_pb_column][\/et_pb_row][et_pb_row column_structure=&#8221;3_4,1_4&#8243; _builder_version=&#8221;4.16&#8243; background_size=&#8221;initial&#8221; background_position=&#8221;top_left&#8221; background_repeat=&#8221;repeat&#8221; custom_padding=&#8221;32px|0px|0px|0px&#8221; global_colors_info=&#8221;{}&#8221;][et_pb_column type=&#8221;3_4&#8243; _builder_version=&#8221;4.16&#8243; custom_padding=&#8221;|||&#8221; global_colors_info=&#8221;{}&#8221; custom_padding__hover=&#8221;|||&#8221;][et_pb_text _builder_version=&#8221;4.16&#8243; background_size=&#8221;initial&#8221; background_position=&#8221;top_left&#8221; background_repeat=&#8221;repeat&#8221; custom_margin=&#8221;|||0px&#8221; custom_padding=&#8221;|120px||30px&#8221; custom_padding_tablet=&#8221;|0px||&#8221; custom_padding_phone=&#8221;|||0px&#8221; custom_padding_last_edited=&#8221;on|desktop&#8221; global_colors_info=&#8221;{}&#8221;]<\/p>\n<p>Se un ritiro completo risulta troppo intenso o volete sostenere il centro con maggiore operosit\u00e0 \u00e8 possibile anche svolgere un semi-ritiro. In questo caso si lavora mezza giornata e si pratica in 2-3 sessioni. \u00c8 consigliabile finire alla sera con un&#8217;altra breve pratica. Perfetto sarebbe partecipare alla meditazione comune serale.<\/p>\n<p>Se si lavora quattro ore al giorno, aiutando anche con un lavoro per la comunit\u00e0 (per esempio aiutare a lavare i piatti),<span class=\"s1\"> <\/span>si paga solo un contributo per il cibo. Si prega di consultarci in anticipo sulle condizioni del ritiro individuale.<\/p>\n<p class=\"p1\">Tuttavia, questa forma di ritiro \u00e8 possibile solo se l&#8217;aiuto \u00e8 veramente necessario. Il tempo minimo \u00e8 di 2-3 settimane. Se non avete questo tempo a disposizione ma volete comunque dare una mano, potete farlo come ospiti del Dharma. Chiunque voglia estendere la consueta ora di aiuto al giorno in un modo costruttivo \u00e8 il benvenuto.<\/p>\n<p><a href=\"https:\/\/bordo.org\/it\/sostieni-bordo\/#Assistenza\">Assistenza in loco<\/a>.<\/p>\n<p>[\/et_pb_text][\/et_pb_column][et_pb_column type=&#8221;1_4&#8243; _builder_version=&#8221;4.16&#8243; custom_padding=&#8221;|||&#8221; global_colors_info=&#8221;{}&#8221; custom_padding__hover=&#8221;|||&#8221;][\/et_pb_column][\/et_pb_row][et_pb_row use_custom_gutter=&#8221;on&#8221; gutter_width=&#8221;0&#8243; _builder_version=&#8221;4.16&#8243; background_size=&#8221;initial&#8221; background_position=&#8221;top_left&#8221; background_repeat=&#8221;repeat&#8221; global_colors_info=&#8221;{}&#8221;][et_pb_column type=&#8221;4_4&#8243; _builder_version=&#8221;4.16&#8243; custom_padding=&#8221;|||&#8221; global_colors_info=&#8221;{}&#8221; custom_padding__hover=&#8221;|||&#8221;][et_pb_gallery gallery_ids=&#8221;3689,3669,3659,3671&#8243; gallery_captions=&#8221;,,,&#8221; show_title_and_caption=&#8221;off&#8221; show_pagination=&#8221;off&#8221; zoom_icon_color=&#8221;#ffffff&#8221; hover_overlay_color=&#8221;rgba(28,28,28,0.6)&#8221; hover_icon=&#8221;&#x54;||divi||400&#8243; _builder_version=&#8221;4.16&#8243; border_width_all=&#8221;5px&#8221; border_color_all=&#8221;#ffffff&#8221; border_style_all=&#8221;solid&#8221; use_border_color=&#8221;on&#8221; border_width=&#8221;5px&#8221; saved_tabs=&#8221;all&#8221; global_colors_info=&#8221;{}&#8221;]&nbsp;<br \/>\n[\/et_pb_gallery][\/et_pb_column][\/et_pb_row][\/et_pb_section][et_pb_section fb_built=&#8221;1&#8243; _builder_version=&#8221;4.16&#8243; background_color=&#8221;#dbdbdb&#8221; use_background_color_gradient=&#8221;on&#8221; background_color_gradient_type=&#8221;circular&#8221; background_color_gradient_direction_radial=&#8221;bottom left&#8221; background_color_gradient_stops=&#8221;#f99b18 0%|#911e01 100%&#8221; background_color_gradient_start=&#8221;#f99b18&#8243; background_color_gradient_end=&#8221;#911e01&#8243; custom_padding=&#8221;0px||0px|&#8221; animation_style=&#8221;fade&#8221; global_colors_info=&#8221;{}&#8221;][et_pb_row _builder_version=&#8221;4.16&#8243; custom_margin=&#8221;|||&#8221; custom_padding=&#8221;40px|0px|40px|0px&#8221; custom_css_main_element=&#8221;text-align: center;&#8221; global_colors_info=&#8221;{}&#8221;][et_pb_column type=&#8221;4_4&#8243; _builder_version=&#8221;4.16&#8243; custom_padding=&#8221;0px|0px|0px|0px&#8221; global_colors_info=&#8221;{}&#8221; custom_padding__hover=&#8221;|||&#8221;][et_pb_button button_url=&#8221;http:\/\/eepurl.com\/bRFcN9&#8243; url_new_window=&#8221;on&#8221; button_text=&#8221;Iscriviti alla newsletter&#8221; _builder_version=&#8221;4.16&#8243; custom_button=&#8221;on&#8221; button_text_color=&#8221;#ffffff&#8221; button_bg_color=&#8221;rgba(0,0,0,0)&#8221; button_border_color=&#8221;#ffffff&#8221; button_use_icon=&#8221;off&#8221; button_text_color_hover=&#8221;#545454&#8243; button_border_color_hover=&#8221;#ffffff&#8221; button_bg_color_hover=&#8221;#ffffff&#8221; global_colors_info=&#8221;{}&#8221; button_text_size__hover_enabled=&#8221;off&#8221; button_one_text_size__hover_enabled=&#8221;off&#8221; button_two_text_size__hover_enabled=&#8221;off&#8221; button_text_color__hover_enabled=&#8221;on&#8221; button_text_color__hover=&#8221;#545454&#8243; button_one_text_color__hover_enabled=&#8221;off&#8221; button_two_text_color__hover_enabled=&#8221;off&#8221; button_border_width__hover_enabled=&#8221;off&#8221; button_one_border_width__hover_enabled=&#8221;off&#8221; button_two_border_width__hover_enabled=&#8221;off&#8221; button_border_color__hover_enabled=&#8221;on&#8221; button_border_color__hover=&#8221;#ffffff&#8221; button_one_border_color__hover_enabled=&#8221;off&#8221; button_two_border_color__hover_enabled=&#8221;off&#8221; button_border_radius__hover_enabled=&#8221;off&#8221; button_one_border_radius__hover_enabled=&#8221;off&#8221; button_two_border_radius__hover_enabled=&#8221;off&#8221; button_letter_spacing__hover_enabled=&#8221;off&#8221; button_one_letter_spacing__hover_enabled=&#8221;off&#8221; button_two_letter_spacing__hover_enabled=&#8221;off&#8221; button_bg_color__hover_enabled=&#8221;on&#8221; button_bg_color__hover=&#8221;#ffffff&#8221; button_one_bg_color__hover_enabled=&#8221;off&#8221; button_two_bg_color__hover_enabled=&#8221;off&#8221;]&nbsp;<br \/>\n[\/et_pb_button][\/et_pb_column][\/et_pb_row][\/et_pb_section]<\/p>\n","protected":false},"excerpt":{"rendered":"<p>Ritiri Buddhisti a Bordo Bordo \u00e8 un Centro Ritiri Buddhista particolarmente apprezzato per la sua semplicit\u00e0 e la speciale energia, per il silenzio che lo ricopre la maggior parte dell&#8217;anno, e per le benedizioni che gli sono state dispensate dai numerosi Maestri realizzati che lo hanno visitato. &nbsp; Ritiri Buddhisti intensivi individuali Per poter svolgere [&hellip;]<\/p>\n","protected":false},"author":1,"featured_media":0,"parent":9287,"menu_order":0,"comment_status":"closed","ping_status":"closed","template":"","meta":{"_et_pb_use_builder":"on","_et_pb_old_content":"","_et_gb_content_width":""},"_links":{"self":[{"href":"https:\/\/bordo.org\/it\/wp-json\/wp\/v2\/pages\/5237\/"}],"collection":[{"href":"https:\/\/bordo.org\/it\/wp-json\/wp\/v2\/pages\/"}],"about":[{"href":"https:\/\/bordo.org\/it\/wp-json\/wp\/v2\/types\/page\/"}],"author":[{"embeddable":true,"href":"https:\/\/bordo.org\/it\/wp-json\/wp\/v2\/users\/1\/"}],"replies":[{"embeddable":true,"href":"https:\/\/bordo.org\/it\/wp-json\/wp\/v2\/comments\/?post=5237"}],"version-history":[{"count":10,"href":"https:\/\/bordo.org\/it\/wp-json\/wp\/v2\/pages\/5237\/revisions\/"}],"predecessor-version":[{"id":10343,"href":"https:\/\/bordo.org\/it\/wp-json\/wp\/v2\/pages\/5237\/revisions\/10343\/"}],"up":[{"embeddable":true,"href":"https:\/\/bordo.org\/it\/wp-json\/wp\/v2\/pages\/9287\/"}],"wp:attachment":[{"href":"https:\/\/bordo.org\/it\/wp-json\/wp\/v2\/media\/?parent=5237"}],"curies":[{"name":"wp","href":"https:\/\/api.w.org\/{rel}","templated":true}]}}