{"id":5245,"date":"2018-09-30T22:13:16","date_gmt":"2018-09-30T20:13:16","guid":{"rendered":"http:\/\/test.bordo.org\/?page_id=5245"},"modified":"2023-08-04T23:41:18","modified_gmt":"2023-08-04T21:41:18","slug":"storia","status":"publish","type":"page","link":"https:\/\/bordo.org\/it\/informazioni-su-bordo\/storia\/","title":{"rendered":"Come \u00e8 iniziato"},"content":{"rendered":"\n[et_pb_section bb_built=&#8221;1&#8243; admin_label=&#8221;section&#8221; _builder_version=&#8221;3.0.47&#8243;][et_pb_row custom_padding=&#8221;35px|0px|35px|0px&#8221; _builder_version=&#8221;3.0.47&#8243; background_size=&#8221;initial&#8221; background_position=&#8221;top_left&#8221; background_repeat=&#8221;repeat&#8221;][et_pb_column type=&#8221;4_4&#8243;][et_pb_text _builder_version=&#8221;3.0.47&#8243; background_size=&#8221;initial&#8221; background_position=&#8221;top_left&#8221; background_repeat=&#8221;repeat&#8221; custom_margin=&#8221;0px|0px|0px|0px&#8221; custom_padding=&#8221;|30px||30px&#8221; custom_padding_phone=&#8221;|30px||30px&#8221; custom_padding_last_edited=&#8221;on|tablet&#8221;]\r\n\r\n<h1 style=\"text-align: center;\">Origine e sviluppo<\/h1>\r\n<h1 style=\"text-align: center;\">del progetto<\/h1>\r\n\r\n[\/et_pb_text][\/et_pb_column][\/et_pb_row][et_pb_row custom_margin=&#8221;|||&#8221; padding_top_1=&#8221; &#8221; padding_right_1=&#8221; &#8221; padding_bottom_1=&#8221; &#8221; padding_left_1=&#8221;30px&#8221; padding_top_2=&#8221; &#8221; padding_right_2=&#8221; &#8221; padding_bottom_2=&#8221; &#8221; padding_left_2=&#8221;30px&#8221; padding_1_tablet=&#8221;|||30px&#8221; padding_1_phone=&#8221;|||0px&#8221; padding_2_phone=&#8221;|||0px&#8221; padding_1_last_edited=&#8221;on|desktop&#8221; padding_2_last_edited=&#8221;on|tablet&#8221; _builder_version=&#8221;3.0.47&#8243; background_size=&#8221;initial&#8221; background_position=&#8221;top_left&#8221; background_repeat=&#8221;repeat&#8221; custom_margin_tablet=&#8221;-60px|||&#8221; custom_margin_phone=&#8221;-60px|||&#8221; custom_margin_last_edited=&#8221;on|phone&#8221;][et_pb_column type=&#8221;1_2&#8243;][et_pb_testimonial quote_icon=&#8221;off&#8221; use_background_color=&#8221;off&#8221; background_layout=&#8221;light&#8221; _builder_version=&#8221;3.0.47&#8243; background_size=&#8221;initial&#8221; background_position=&#8221;top_left&#8221; background_repeat=&#8221;repeat&#8221; custom_margin=&#8221;|||&#8221; custom_padding=&#8221;|||&#8221;]\r\n\r\n<p style=\"text-align: left;\">\u201c Nel 1981 un\u2019amica mi mostr\u00f2 un villaggio abbandonato tra le montagne del nord Italia. L\u2019anno seguente, nel 1982 partecipai con un gruppo di svizzeri  alla cerimonia di cremazione del 16th Karmapa. Entusiasta, ne parlai ai miei amici, mostrando loro le foto. Rimasi cos\u00ec  impressionato dalla benedizione di  questa cerimonia che insieme chiedemmo a Shamar Rinpoche il suo aiuto nel ricostruire e far rivivere questo luogo. Lui gli diede il nome \u201cKarma Dechen Yangtse\u201d, Luogo di  gioia suprema.<\/p>\r\n<p style=\"text-align: left;\">\r\n\r\nEravamo particolarmente ispirati ai racconti di comunit\u00e0 spirituali come Findhorn, che pensammo di poter costriure anche noi qualcosa di simile su basi Buddhiste. Nello stesso anno fondammo la cooperativa. Un piccolo gruppo di pionieri inizi\u00f2 a ripulire l\u2019intera area e a comprare case. Molto presto venne costruita la sala di meditazione e subito dopo lo Stupa.<\/p>\r\n\r\n[\/et_pb_testimonial][\/et_pb_column][et_pb_column type=&#8221;1_2&#8243;][et_pb_testimonial author=&#8221;Gerard Frei&#8221; job_title=&#8221;Membro fondatore&#8221; company_name=&#8221;Cooperativa Bordo&#8221; quote_icon=&#8221;off&#8221; use_background_color=&#8221;off&#8221; background_layout=&#8221;light&#8221; _builder_version=&#8221;3.0.47&#8243; background_size=&#8221;initial&#8221; background_position=&#8221;top_left&#8221; background_repeat=&#8221;repeat&#8221; custom_margin=&#8221;0px|||&#8221; custom_margin_tablet=&#8221;-80px|||&#8221; custom_margin_phone=&#8221;-80px|||&#8221; custom_margin_last_edited=&#8221;on|desktop&#8221; custom_padding=&#8221;|||&#8221;]\r\n\r\n<p style=\"text-align: left;\">Pi\u00f9 tardi iniziarono a formarsi famiglie, con la nascita di numerosi bambini, e presto ci fu la realizzazione di un asilo, dal quale nacque \u201cBordo free family school\u201d. Questo gruppo formato da circa 15 adulti e 15 bambini \u00e8 stato la comunit\u00e0 residente per 10 anni. Gli uomini guadagnavano principalmente all\u2019estero mentre le donne si occupavano dei seminari e degli ospiti. Anche le maggiori attivit\u00e0 di costruzioni si fecero in questi 10 anni.<\/p>\r\n<p style=\"text-align: left;\">Molte persone che hanno vissuto a Bordo o lo hanno visitato in tutti questi anni, sono rimasti nella Valle e costruito le loro case nei villaggi vicini. Bordo ha avuto inoltre una notevole influenza sulla ricolonizzazione dell\u2019intera Valle. L\u2019integrazione e il cordiale interscambio con la popolazione locale mi sembra davvero unico.\u201d<\/p>\r\n\r\n[\/et_pb_testimonial][\/et_pb_column][\/et_pb_row][et_pb_row use_custom_gutter=&#8221;on&#8221; gutter_width=&#8221;0&#8243; _builder_version=&#8221;3.0.47&#8243; background_size=&#8221;initial&#8221; background_position=&#8221;top_left&#8221; background_repeat=&#8221;repeat&#8221;][et_pb_column type=&#8221;4_4&#8243;][et_pb_gallery gallery_ids=&#8221;3583,3589,3591,3587&#8243; gallery_captions=&#8221;,,,&#8221; posts_number=&#8221;4&#8243; show_title_and_caption=&#8221;off&#8221; show_pagination=&#8221;off&#8221; zoom_icon_color=&#8221;#ffffff&#8221; hover_overlay_color=&#8221;rgba(28,28,28,0.6)&#8221; hover_icon=&#8221;T&#8221; _builder_version=&#8221;3.0.72&#8243; use_border_color=&#8221;on&#8221; border_width=&#8221;5px&#8221; saved_tabs=&#8221;all&#8221; \/][\/et_pb_column][\/et_pb_row][et_pb_row custom_padding=&#8221;32px|0px|0px|0px&#8221; _builder_version=&#8221;3.0.47&#8243; background_size=&#8221;initial&#8221; background_position=&#8221;top_left&#8221; background_repeat=&#8221;repeat&#8221;][et_pb_column type=&#8221;4_4&#8243;][et_pb_text _builder_version=&#8221;3.0.72&#8243; background_size=&#8221;initial&#8221; background_position=&#8221;top_left&#8221; background_repeat=&#8221;repeat&#8221; custom_margin=&#8221;|||0px&#8221; custom_padding=&#8221;|120px||30px&#8221; custom_padding_tablet=&#8221;|0px||&#8221; custom_padding_phone=&#8221;|||0px&#8221; custom_padding_last_edited=&#8221;on|desktop&#8221;]\r\n\r\nMolti alti realizzati Maestri nel lignaggio Kagyu, come  Kalu Rinpoche, Chime Rinpoche, Gend\u00fcn Rinpoche, Tenga Rinpoche, Gyaltsab Rinpoche, Khandro Rinpoche, e il 17 Karmapa, Shamar Rinpoche e Jigme Rinpoche hanno fin\u2019ad oggi visitato il villaggio.\r\n\r\n[\/et_pb_text][\/et_pb_column][\/et_pb_row][et_pb_row _builder_version=&#8221;3.0.72&#8243;][et_pb_column type=&#8221;1_2&#8243;][et_pb_image src=&#8221;https:\/\/bordo.org\/wp-content\/uploads\/2017\/12\/17-Karmapa.jpg&#8221; _builder_version=&#8221;3.0.72&#8243; \/][\/et_pb_column][et_pb_column type=&#8221;1_2&#8243;][et_pb_image src=&#8221;https:\/\/bordo.org\/wp-content\/uploads\/2017\/12\/Shamar-Rinpoche.jpg&#8221; _builder_version=&#8221;3.0.72&#8243; \/][\/et_pb_column][\/et_pb_row][et_pb_row _builder_version=&#8221;3.0.47&#8243; background_size=&#8221;initial&#8221; background_position=&#8221;top_left&#8221; background_repeat=&#8221;repeat&#8221;][et_pb_column type=&#8221;4_4&#8243;][et_pb_text _builder_version=&#8221;3.0.72&#8243; background_size=&#8221;initial&#8221; background_position=&#8221;top_left&#8221; background_repeat=&#8221;repeat&#8221; custom_margin=&#8221;|||0px&#8221; custom_padding=&#8221;|120px||30px&#8221; custom_padding_tablet=&#8221;|0px||&#8221; custom_padding_phone=&#8221;|||0px&#8221; custom_padding_last_edited=&#8221;on|desktop&#8221; background_layout=&#8221;light&#8221; text_orientation=&#8221;left&#8221; border_style=&#8221;solid&#8221;]\r\n\r\nFin dall\u2019inizio Bordo \u00e8 sempre stato un luogo in cui poter trovare ispirazione ed entrare in contatto per la prima volta con il Buddhismo in modo informale. Molti qualificati insegnanti di Dharma sono nati tra i residenti o i semplici visitatori, che hanno praticato per tre o sei anni nel centro di Lama Gend\u00fcn Rinpoche e che ancora oggi sostengono il luogo con le loro attivit\u00e0.\r\n\r\nIl Villaggio \u00e8 sotto la direzione spirituale di Shamar Rinpoche e Jigme Rinpoche. Dopo la visita di  Shamar Rinpoche nel 2006, l\u2019Assemblea  della  Cooperativa  decise di seguire  la sua proposta e di associare il centro ritiri al associazione Bodhi Path. \u201cBodhi Path\u201d vuol dire \u201cIl cammino verso il risveglio\u201d.\r\n\r\n[\/et_pb_text][\/et_pb_column][\/et_pb_row][et_pb_row use_custom_gutter=&#8221;on&#8221; gutter_width=&#8221;0&#8243; _builder_version=&#8221;3.0.72&#8243; background_size=&#8221;initial&#8221; background_position=&#8221;top_left&#8221; background_repeat=&#8221;repeat&#8221;][et_pb_column type=&#8221;4_4&#8243;][et_pb_gallery gallery_ids=&#8221;3599,3601,3603,3607&#8243; gallery_captions=&#8221;1982,1983,1991,1985&#8243; posts_number=&#8221;4&#8243; show_title_and_caption=&#8221;off&#8221; show_pagination=&#8221;off&#8221; zoom_icon_color=&#8221;#ffffff&#8221; hover_overlay_color=&#8221;rgba(28,28,28,0.6)&#8221; hover_icon=&#8221;T&#8221; _builder_version=&#8221;3.0.72&#8243; use_border_color=&#8221;on&#8221; border_width=&#8221;5px&#8221; saved_tabs=&#8221;all&#8221; \/][\/et_pb_column][\/et_pb_row][et_pb_row _builder_version=&#8221;3.0.47&#8243; background_size=&#8221;initial&#8221; background_position=&#8221;top_left&#8221; background_repeat=&#8221;repeat&#8221;][et_pb_column type=&#8221;4_4&#8243;][et_pb_text _builder_version=&#8221;3.0.72&#8243; background_size=&#8221;initial&#8221; background_position=&#8221;top_left&#8221; background_repeat=&#8221;repeat&#8221; custom_margin=&#8221;|||0px&#8221; custom_padding=&#8221;|120px||30px&#8221; custom_padding_tablet=&#8221;|0px||&#8221; custom_padding_phone=&#8221;|||0px&#8221; custom_padding_last_edited=&#8221;on|desktop&#8221; background_layout=&#8221;light&#8221; text_orientation=&#8221;left&#8221; border_style=&#8221;solid&#8221;]\r\n\r\nSvariati motivi \u2013 esistenziali, famigliari, professionali, carriera, l\u2019educazione dei figli ecc. \u2013 portarono ad un graduale esodo della prima generazione. Da allora molti nuovi residenti e tanti volontari hanno sostenuto il Villaggio con la loro operosit\u00e0 per lunghi e brevi periodi. Tuttavia la comunit\u00e0 si stava sempre pi\u00f9 riducendo.\r\n\r\nDal 2015 abbiamo lavorato con successo ad un nuovo capitolo di Bordo, con un\u2019appropriata struttura e nuovi concetti.\r\n\r\nUn grazie di cuore alle numerose persone che hanno sostenuto e aiutato Bordo fino ad oggi, e che hanno contibuito alla sua ricostruzione, al suo mantenimento e che permettono di continuare la sua esistenza.\r\n\r\n[\/et_pb_text][\/et_pb_column][\/et_pb_row][\/et_pb_section][et_pb_section bb_built=&#8221;1&#8243; background_color=&#8221;#dbdbdb&#8221; custom_padding=&#8221;0px||0px|&#8221; _builder_version=&#8221;3.0.72&#8243; use_background_color_gradient=&#8221;on&#8221; background_color_gradient_start=&#8221;#f99b18&#8243; background_color_gradient_end=&#8221;#911e01&#8243; background_color_gradient_type=&#8221;radial&#8221; background_color_gradient_direction_radial=&#8221;bottom left&#8221; animation_style=&#8221;fade&#8221; global_module=&#8221;3247&#8243;][et_pb_row global_parent=&#8221;3247&#8243; custom_padding=&#8221;40px|0px|40px|0px&#8221; custom_margin=&#8221;|||&#8221; padding_top_1=&#8221;0px&#8221; padding_right_1=&#8221;0px&#8221; padding_bottom_1=&#8221;0px&#8221; padding_left_1=&#8221;0px&#8221; background_repeat_1=&#8221;no-repeat&#8221; _builder_version=&#8221;3.0.72&#8243; custom_css_main_element=&#8221;text-align: center;&#8221;][et_pb_column type=&#8221;4_4&#8243;][et_pb_button global_parent=&#8221;3247&#8243; button_url=&#8221;http:\/\/eepurl.com\/bRFcN9&#8243; url_new_window=&#8221;on&#8221; button_text=&#8221;Iscriviti alla newsletter&#8221; _builder_version=&#8221;3.0.72&#8243; custom_button=&#8221;on&#8221; button_text_size=&#8221;18&#8243; button_text_color=&#8221;#ffffff&#8221; button_bg_color=&#8221;rgba(0,0,0,0)&#8221; button_border_color=&#8221;#ffffff&#8221; button_use_icon=&#8221;off&#8221; button_text_color_hover=&#8221;#545454&#8243; button_bg_color_hover=&#8221;#ffffff&#8221; button_border_color_hover=&#8221;#ffffff&#8221; button_border_radius_hover=&#8221;0px&#8221; background_color=&#8221;#911e01&#8243; \/][\/et_pb_column][\/et_pb_row][\/et_pb_section]\n","protected":false},"excerpt":{"rendered":"<p>Origine e sviluppo del progetto \u201c Nel 1981 un\u2019amica mi mostr\u00f2 un villaggio abbandonato tra le montagne del nord Italia. L\u2019anno seguente, nel 1982 partecipai con un gruppo di svizzeri alla cerimonia di cremazione del 16th Karmapa. Entusiasta, ne parlai ai miei amici, mostrando loro le foto. Rimasi cos\u00ec impressionato dalla benedizione di questa cerimonia [&hellip;]<\/p>\n","protected":false},"author":1,"featured_media":0,"parent":5175,"menu_order":0,"comment_status":"closed","ping_status":"closed","template":"","meta":{"_et_pb_use_builder":"on","_et_pb_old_content":"","_et_gb_content_width":""},"_links":{"self":[{"href":"https:\/\/bordo.org\/it\/wp-json\/wp\/v2\/pages\/5245\/"}],"collection":[{"href":"https:\/\/bordo.org\/it\/wp-json\/wp\/v2\/pages\/"}],"about":[{"href":"https:\/\/bordo.org\/it\/wp-json\/wp\/v2\/types\/page\/"}],"author":[{"embeddable":true,"href":"https:\/\/bordo.org\/it\/wp-json\/wp\/v2\/users\/1\/"}],"replies":[{"embeddable":true,"href":"https:\/\/bordo.org\/it\/wp-json\/wp\/v2\/comments\/?post=5245"}],"version-history":[{"count":8,"href":"https:\/\/bordo.org\/it\/wp-json\/wp\/v2\/pages\/5245\/revisions\/"}],"predecessor-version":[{"id":9340,"href":"https:\/\/bordo.org\/it\/wp-json\/wp\/v2\/pages\/5245\/revisions\/9340\/"}],"up":[{"embeddable":true,"href":"https:\/\/bordo.org\/it\/wp-json\/wp\/v2\/pages\/5175\/"}],"wp:attachment":[{"href":"https:\/\/bordo.org\/it\/wp-json\/wp\/v2\/media\/?parent=5245"}],"curies":[{"name":"wp","href":"https:\/\/api.w.org\/{rel}","templated":true}]}}