{"id":5812,"date":"2018-11-18T23:30:34","date_gmt":"2018-11-18T22:30:34","guid":{"rendered":"http:\/\/bordo.org\/?page_id=5812"},"modified":"2021-01-30T14:58:45","modified_gmt":"2021-01-30T13:58:45","slug":"la-natura-della-mente","status":"publish","type":"page","link":"https:\/\/bordo.org\/it\/corsi-di-dharma\/la-natura-della-mente\/","title":{"rendered":"La natura della mente"},"content":{"rendered":"<p>[et_pb_section fb_built=&#8221;1&#8243; _builder_version=&#8221;3.0.72&#8243;][et_pb_row custom_padding=&#8221;0px|0px|0px|0px&#8221; _builder_version=&#8221;3.0.47&#8243; background_size=&#8221;initial&#8221; background_position=&#8221;top_left&#8221; background_repeat=&#8221;repeat&#8221;][et_pb_column type=&#8221;4_4&#8243; _builder_version=&#8221;3.0.47&#8243;][et_pb_text _builder_version=&#8221;3.21&#8243; custom_margin_tablet=&#8221;||-100px|&#8221; custom_margin_last_edited=&#8221;on|tablet&#8221;]<\/p>\n<p><a href=\"https:\/\/bordo.org\/kursprogramm\/#5\">Al programma del corso<\/a><\/p>\n<p>[\/et_pb_text][\/et_pb_column][\/et_pb_row][et_pb_row custom_padding=&#8221;25px|0px|40px|0px&#8221; _builder_version=&#8221;3.0.47&#8243; background_size=&#8221;initial&#8221; background_position=&#8221;top_left&#8221; background_repeat=&#8221;repeat&#8221;][et_pb_column type=&#8221;4_4&#8243; _builder_version=&#8221;3.0.47&#8243;][et_pb_text _builder_version=&#8221;3.15&#8243; custom_margin=&#8221;||-10px|&#8221; custom_margin_tablet=&#8221;||-50px|&#8221; custom_margin_last_edited=&#8221;on|phone&#8221; custom_padding=&#8221;|||&#8221;]<\/p>\n<p>21 &#8211; 24 maggio 2021\u00a0 |\u00a0\u00a0Bodhi Path Retreat<\/p>\n<h1>La natura della mente &#8211; Introduzione e approfondimento della meditazione<\/h1>\n<p>[\/et_pb_text][\/et_pb_column][\/et_pb_row][et_pb_row custom_padding=&#8221;25px|0px|32px|0px&#8221; _builder_version=&#8221;3.0.72&#8243;][et_pb_column type=&#8221;2_3&#8243; _builder_version=&#8221;3.0.47&#8243;][et_pb_text _builder_version=&#8221;3.15&#8243; custom_margin_tablet=&#8221;||-40px|&#8221; custom_margin_last_edited=&#8221;on|desktop&#8221;]<\/p>\n<p>Trehor Lama ritorner\u00e0 a Bordo anche quest&#8217;anno per tenere un ritiro sugli aspetti pratici della meditazione. Venerd\u00ec pomeriggio introdurr\u00e0 la pratica della meditazione. Da sabato al luned\u00ec successivo ne dar\u00e0 un approfondimento, in concomitanza con la celebrazione del Vesak, alternandosi con altri insegnanti di differenti tradizioni buddhiste. La profonda conoscenza, nonch\u00e8 la grande esperienza di Trehor Lama saranno fonte di ispirazione per noi, principianti o progrediti, per migliorare ognuno la propria pratica nel corso di questo ritiro. Trehor Lama ci offrir\u00e0 il dono prezioso di praticare insieme a noi, trasmettendoci cos\u00ec la sua esperienza in forma diretta !<\/p>\n<p>Venerd\u00ec mattina, per coloro che lo vorranno ci sar\u00e0 un &#8220;rituale di purificazione&#8221; (Sang puja) e anche la Mahakala puja (quotidiana). Domenica sera, infine, \u00e8 prevista una puja di Milarepa con offerta dello tzog.<\/p>\n<p><strong>Inizio :<\/strong> venerd\u00ec 21 maggio &#8211; ore 10<br \/><strong>Termine :<\/strong> luned\u00ec 24 maggio, dopo il pranzo.<\/p>\n<p><strong>Condurr\u00e0 il corso :<\/strong> Trehor Lama<br \/><strong>Lingua :<\/strong> tibetano con traduzioni in inglese e in italiano.<\/p>\n<p><strong>Tassa del corso:<\/strong>\u00a0Quota dei costi dell\u2019organizzazione e una donazione per gli insegnanti. La vostra generosit\u00e0 permette loro di continuare a trasmettere il Dharma in futuro.<\/p>\n<p><strong>Alloggio e pasti:<\/strong>\u00a0Le donazioni per l\u2019alloggio e il vitto dovrebbero essere sufficienti a coprire le spese e consentire che Bordo pu\u00f2 essere mantenuto. Siamo a vostra disposizione per ulteriori informazioni.<\/p>\n<p><strong>Registrazione su\u00a0<a href=\"mailto:bodhipath@bordo.org\">bodhipath@bordo.org<\/a><\/strong><\/p>\n<p>Si prega di leggere le informazioni sul\u00a0<a href=\"https:\/\/bordo.org\/it\/arrivo-e-soggiorno\/soggiorno\/\">soggiorno a Bordo<\/a>\u00a0e sul\u00a0<a href=\"https:\/\/bordo.org\/it\/arrivo-e-soggiorno\/come-raggiungerci\/\">viaggio a Bordo<\/a>\u00a0prima della visita.<\/p>\n<p>[\/et_pb_text][\/et_pb_column][et_pb_column type=&#8221;1_3&#8243; _builder_version=&#8221;3.0.47&#8243;][\/et_pb_column][\/et_pb_row][\/et_pb_section]<\/p>\n","protected":false},"excerpt":{"rendered":"<p>Al programma del corso21 &#8211; 24 maggio 2021\u00a0 |\u00a0\u00a0Bodhi Path Retreat La natura della mente &#8211; Introduzione e approfondimento della meditazioneTrehor Lama ritorner\u00e0 a Bordo anche quest&#8217;anno per tenere un ritiro sugli aspetti pratici della meditazione. Venerd\u00ec pomeriggio introdurr\u00e0 la pratica della meditazione. Da sabato al luned\u00ec successivo ne dar\u00e0 un approfondimento, in concomitanza con [&hellip;]<\/p>\n","protected":false},"author":1,"featured_media":0,"parent":5233,"menu_order":0,"comment_status":"closed","ping_status":"closed","template":"","meta":{"_et_pb_use_builder":"on","_et_pb_old_content":"","_et_gb_content_width":""},"_links":{"self":[{"href":"https:\/\/bordo.org\/it\/wp-json\/wp\/v2\/pages\/5812\/"}],"collection":[{"href":"https:\/\/bordo.org\/it\/wp-json\/wp\/v2\/pages\/"}],"about":[{"href":"https:\/\/bordo.org\/it\/wp-json\/wp\/v2\/types\/page\/"}],"author":[{"embeddable":true,"href":"https:\/\/bordo.org\/it\/wp-json\/wp\/v2\/users\/1\/"}],"replies":[{"embeddable":true,"href":"https:\/\/bordo.org\/it\/wp-json\/wp\/v2\/comments\/?post=5812"}],"version-history":[{"count":10,"href":"https:\/\/bordo.org\/it\/wp-json\/wp\/v2\/pages\/5812\/revisions\/"}],"predecessor-version":[{"id":7460,"href":"https:\/\/bordo.org\/it\/wp-json\/wp\/v2\/pages\/5812\/revisions\/7460\/"}],"up":[{"embeddable":true,"href":"https:\/\/bordo.org\/it\/wp-json\/wp\/v2\/pages\/5233\/"}],"wp:attachment":[{"href":"https:\/\/bordo.org\/it\/wp-json\/wp\/v2\/media\/?parent=5812"}],"curies":[{"name":"wp","href":"https:\/\/api.w.org\/{rel}","templated":true}]}}