{"id":5829,"date":"2018-11-19T00:03:22","date_gmt":"2018-11-18T23:03:22","guid":{"rendered":"http:\/\/bordo.org\/?page_id=5829"},"modified":"2025-12-10T00:11:45","modified_gmt":"2025-12-09T23:11:45","slug":"lojong-intenso-maggio","status":"publish","type":"page","link":"https:\/\/bordo.org\/it\/corsi-di-dharma\/lojong-intenso-maggio\/","title":{"rendered":"Lojong intenso maggio"},"content":{"rendered":"<p>[et_pb_section fb_built=&#8221;1&#8243; _builder_version=&#8221;4.16&#8243; global_colors_info=&#8221;{}&#8221;][et_pb_row _builder_version=&#8221;4.16&#8243; background_size=&#8221;initial&#8221; background_position=&#8221;top_left&#8221; background_repeat=&#8221;repeat&#8221; custom_padding=&#8221;0px|0px|0px|0px&#8221; global_colors_info=&#8221;{}&#8221;][et_pb_column type=&#8221;4_4&#8243; _builder_version=&#8221;4.16&#8243; custom_padding=&#8221;|||&#8221; global_colors_info=&#8221;{}&#8221; custom_padding__hover=&#8221;|||&#8221;][et_pb_text _builder_version=&#8221;4.16&#8243; custom_margin_tablet=&#8221;||-100px|&#8221; custom_margin_phone=&#8221;&#8221; custom_margin_last_edited=&#8221;on|tablet&#8221; global_colors_info=&#8221;{}&#8221;]<\/p>\n<p><a href=\"https:\/\/bordo.org\/kursprogramm\/#12\">Al programma del corso<\/a><\/p>\n<p>[\/et_pb_text][\/et_pb_column][\/et_pb_row][et_pb_row _builder_version=&#8221;4.16&#8243; background_size=&#8221;initial&#8221; background_position=&#8221;top_left&#8221; background_repeat=&#8221;repeat&#8221; custom_padding=&#8221;25px|0px|40px|0px&#8221; global_colors_info=&#8221;{}&#8221;][et_pb_column type=&#8221;4_4&#8243; _builder_version=&#8221;4.16&#8243; custom_padding=&#8221;|||&#8221; global_colors_info=&#8221;{}&#8221; custom_padding__hover=&#8221;|||&#8221;][et_pb_text _builder_version=&#8221;4.19.5&#8243; custom_margin=&#8221;||-10px|&#8221; custom_margin_tablet=&#8221;||-50px|&#8221; custom_margin_phone=&#8221;&#8221; custom_margin_last_edited=&#8221;on|phone&#8221; custom_padding=&#8221;|||&#8221; global_colors_info=&#8221;{}&#8221;]<\/p>\n<p>11 &#8211; 12 luglio 2026\u00a0 |\u00a0 Ritiro Bodhi Path<\/p>\n<h1>Lojong intenso<\/h1>\n<p>[\/et_pb_text][\/et_pb_column][\/et_pb_row][et_pb_row column_structure=&#8221;2_3,1_3&#8243; _builder_version=&#8221;4.16&#8243; custom_padding=&#8221;25px|0px|32px|0px|false|false&#8221; global_colors_info=&#8221;{}&#8221;][et_pb_column type=&#8221;2_3&#8243; _builder_version=&#8221;4.16&#8243; custom_padding=&#8221;|||&#8221; global_colors_info=&#8221;{}&#8221; custom_padding__hover=&#8221;|||&#8221;][et_pb_text _builder_version=&#8221;4.19.5&#8243; global_colors_info=&#8221;{}&#8221;]<\/p>\n<p class=\"p1\">Tempo dedicato ad approfondire insieme la meditazione Scine e lo scambio di s\u00e9 stessi con gli altri (Tonglen). Questo allenamento su noi stessi, unito al nostro desiderio che tutti gli esseri possano sperimentare la vera felicit\u00e0 e siano liberi dalla sofferenza, ci porter\u00e0 a una nuova definizione delle priorit\u00e0 nella nostra vita, a concentrarci cio\u00e8 su ci\u00f2 che \u00e8 essenziale. Questo ci consentir\u00e0 di sviluppare maggiore soddisfazione e serenit\u00e0 nella nostra vita.<span class=\"s1\">\u00a0<\/span><\/p>\n<p class=\"p2\">\u00c8 possibile arrivare gi\u00e0 venerd\u00ec pomeriggio e partecipare alle meditazioni in comune.<\/p>\n<p><strong>Inizio :<\/strong> sabato 11 luglio &#8211; ore 10<br \/><strong>Termine :<\/strong> domenica 12 luglio &#8211; ore 16<\/p>\n<p><strong>Condurr\u00e0 il corso :<\/strong>\u00a0insegnante di dharma Tengye<br \/><strong>Lingua del corso:<\/strong> italiano<\/p>\n<p>&nbsp;<\/p>\n<p><strong>Tassa del corso:<\/strong>\u00a0Quota dei costi dell\u2019organizzazione e una donazione per gli insegnanti. La vostra generosit\u00e0 permette loro di continuare a trasmettere il Dharma in futuro.<\/p>\n<p><strong>Alloggio e pasti:<\/strong>\u00a0Le donazioni per l\u2019alloggio e il vitto dovrebbero essere sufficienti a coprire le spese e consentire che Bordo pu\u00f2 essere mantenuto. Siamo a vostra disposizione per ulteriori informazioni.<\/p>\n<p><strong>Registrazione su\u00a0<a href=\"mailto:bodhipath@bordo.org\">bodhipath@bordo.org<\/a><\/strong><\/p>\n<p>Si prega di leggere le informazioni sul\u00a0<a href=\"https:\/\/bordo.org\/it\/arrivo-e-soggiorno\/soggiorno\/\">soggiorno a Bordo<\/a>\u00a0e sul\u00a0<a href=\"https:\/\/bordo.org\/it\/arrivo-e-soggiorno\/come-raggiungerci\/\">viaggio a Bordo<\/a>\u00a0prima della visita.<\/p>\n<p>[\/et_pb_text][\/et_pb_column][et_pb_column type=&#8221;1_3&#8243; _builder_version=&#8221;4.16&#8243; custom_padding=&#8221;|||&#8221; global_colors_info=&#8221;{}&#8221; custom_padding__hover=&#8221;|||&#8221;][\/et_pb_column][\/et_pb_row][\/et_pb_section]<\/p>\n","protected":false},"excerpt":{"rendered":"<p>Al programma del corso11 &#8211; 12 luglio 2026\u00a0 |\u00a0 Ritiro Bodhi Path Lojong intensoTempo dedicato ad approfondire insieme la meditazione Scine e lo scambio di s\u00e9 stessi con gli altri (Tonglen). Questo allenamento su noi stessi, unito al nostro desiderio che tutti gli esseri possano sperimentare la vera felicit\u00e0 e siano liberi dalla sofferenza, ci [&hellip;]<\/p>\n","protected":false},"author":1,"featured_media":0,"parent":5233,"menu_order":0,"comment_status":"closed","ping_status":"closed","template":"","meta":{"_et_pb_use_builder":"on","_et_pb_old_content":"","_et_gb_content_width":""},"_links":{"self":[{"href":"https:\/\/bordo.org\/it\/wp-json\/wp\/v2\/pages\/5829\/"}],"collection":[{"href":"https:\/\/bordo.org\/it\/wp-json\/wp\/v2\/pages\/"}],"about":[{"href":"https:\/\/bordo.org\/it\/wp-json\/wp\/v2\/types\/page\/"}],"author":[{"embeddable":true,"href":"https:\/\/bordo.org\/it\/wp-json\/wp\/v2\/users\/1\/"}],"replies":[{"embeddable":true,"href":"https:\/\/bordo.org\/it\/wp-json\/wp\/v2\/comments\/?post=5829"}],"version-history":[{"count":17,"href":"https:\/\/bordo.org\/it\/wp-json\/wp\/v2\/pages\/5829\/revisions\/"}],"predecessor-version":[{"id":10650,"href":"https:\/\/bordo.org\/it\/wp-json\/wp\/v2\/pages\/5829\/revisions\/10650\/"}],"up":[{"embeddable":true,"href":"https:\/\/bordo.org\/it\/wp-json\/wp\/v2\/pages\/5233\/"}],"wp:attachment":[{"href":"https:\/\/bordo.org\/it\/wp-json\/wp\/v2\/media\/?parent=5829"}],"curies":[{"name":"wp","href":"https:\/\/api.w.org\/{rel}","templated":true}]}}