{"id":5859,"date":"2018-11-19T16:34:54","date_gmt":"2018-11-19T15:34:54","guid":{"rendered":"http:\/\/bordo.org\/?page_id=5859"},"modified":"2021-06-19T01:00:09","modified_gmt":"2021-06-18T23:00:09","slug":"cenresi-passo-dopo-passo-2","status":"publish","type":"page","link":"https:\/\/bordo.org\/it\/corsi-di-dharma\/cenresi-passo-dopo-passo-2\/","title":{"rendered":"Cenresi, passo dopo passo"},"content":{"rendered":"<p>[et_pb_section fb_built=&#8221;1&#8243; _builder_version=&#8221;3.0.72&#8243;][et_pb_row custom_padding=&#8221;0px|0px|0px|0px&#8221; _builder_version=&#8221;3.0.47&#8243; background_size=&#8221;initial&#8221; background_position=&#8221;top_left&#8221; background_repeat=&#8221;repeat&#8221;][et_pb_column type=&#8221;4_4&#8243; _builder_version=&#8221;3.0.47&#8243;][et_pb_text _builder_version=&#8221;3.21&#8243; custom_margin_tablet=&#8221;||-100px|&#8221; custom_margin_last_edited=&#8221;on|tablet&#8221;]<\/p>\n<p><a href=\"https:\/\/bordo.org\/kursprogramm\/#9\">Al programma del corso<\/a><\/p>\n<p>[\/et_pb_text][\/et_pb_column][\/et_pb_row][et_pb_row custom_padding=&#8221;25px|0px|40px|0px&#8221; _builder_version=&#8221;3.0.47&#8243; background_size=&#8221;initial&#8221; background_position=&#8221;top_left&#8221; background_repeat=&#8221;repeat&#8221;][et_pb_column type=&#8221;4_4&#8243; _builder_version=&#8221;3.0.47&#8243;][et_pb_text _builder_version=&#8221;3.15&#8243; custom_margin=&#8221;||-10px|&#8221; custom_margin_tablet=&#8221;||-50px|&#8221; custom_margin_last_edited=&#8221;on|phone&#8221; custom_padding=&#8221;|||&#8221;]<\/p>\n<p>26 &#8211; 27 giugno 2021<\/p>\n<h1>Cenresi, passo dopo passo<\/h1>\n<p>[\/et_pb_text][\/et_pb_column][\/et_pb_row][et_pb_row custom_padding=&#8221;25px|0px|32px|0px&#8221; _builder_version=&#8221;3.0.72&#8243;][et_pb_column type=&#8221;2_3&#8243; _builder_version=&#8221;3.0.47&#8243;][et_pb_text _builder_version=&#8221;3.15&#8243; custom_margin_tablet=&#8221;||-40px|&#8221; custom_margin_last_edited=&#8221;on|desktop&#8221;]<\/p>\n<p><span style=\"color: #911e01;\"><strong>&#8212;&#8212;&#8212;\u00a0\u00a0 CANCELLATO\u00a0 &#8212;&#8212;&#8212;<\/strong><\/span><em><span style=\"font-size: 18px;\"><\/span><\/em><\/p>\n<p><em><span style=\"font-size: 18px;\"><\/span><\/em><\/p>\n<p><em><span style=\"font-size: 18px;\">Possano tutti gli esseri possedere la felicit\u00e0 e le cause della felicit\u00e0.<br \/><\/span>Possano essere liberi dalla sofferenza e dalle cause della sofferenza.<\/em><br \/><em>Possano non esser mai separati dalla grande felicit\u00e0 libera da ogni sofferenza.<\/em><br \/><em>Possano dimorare nella grande equanimit\u00e0 libera da attaccamenti ed avversioni parziali.<\/em><\/p>\n<p>Con la recitazione di questa preghiera, chiamata &#8220;i 4 Incommensurabili&#8221; comprenderemo che possiamo connetterci con le nostre qualit\u00e0 pi\u00f9 profonde di amore, compassione, gioia ultima ed equanimit\u00e0 nel loro aspetto trascendente. Dopo le istruzioni, ci dedicheremo alla meditazione di Cenresi e con la contemplazione ci connetteremo personalmente con la preghiera. Molto indicata anche per i principianti.<\/p>\n<p><strong>Inizio :<\/strong> sabato 26 giugno &#8211; ore 10<br \/><strong>Termine :<\/strong> domenica 27 giugno &#8211; ore 17<\/p>\n<p><strong>Condurr\u00e0 il corso :<\/strong> Lama Tsultrim Wangmo<br \/><strong>Lingua :<\/strong> tedesco<\/p>\n<p><strong>Tassa del corso:<\/strong>\u00a0Quota dei costi dell\u2019organizzazione e una donazione per gli insegnanti. La vostra generosit\u00e0 permette loro di continuare a trasmettere il Dharma in futuro.<\/p>\n<p><strong>Alloggio e pasti:<\/strong>\u00a0Le donazioni per l\u2019alloggio e il vitto dovrebbero essere sufficienti a coprire le spese e consentire che Bordo pu\u00f2 essere mantenuto. Siamo a vostra disposizione per ulteriori informazioni.<\/p>\n<p><strong>Registrazione su\u00a0<a href=\"mailto:bodhipath@bordo.org\">bodhipath@bordo.org<\/a><\/strong><\/p>\n<p>Si prega di leggere le informazioni sul\u00a0<a href=\"https:\/\/bordo.org\/it\/arrivo-e-soggiorno\/soggiorno\/\">soggiorno a Bordo<\/a>\u00a0e sul\u00a0<a href=\"https:\/\/bordo.org\/it\/arrivo-e-soggiorno\/come-raggiungerci\/\">viaggio a Bordo<\/a>\u00a0prima della visita.<\/p>\n<p>[\/et_pb_text][\/et_pb_column][et_pb_column type=&#8221;1_3&#8243; _builder_version=&#8221;3.0.47&#8243;][\/et_pb_column][\/et_pb_row][\/et_pb_section]<\/p>\n","protected":false},"excerpt":{"rendered":"<p>Al programma del corso26 &#8211; 27 giugno 2021 Cenresi, passo dopo passo&#8212;&#8212;&#8212;\u00a0\u00a0 CANCELLATO\u00a0 &#8212;&#8212;&#8212; Possano tutti gli esseri possedere la felicit\u00e0 e le cause della felicit\u00e0.Possano essere liberi dalla sofferenza e dalle cause della sofferenza.Possano non esser mai separati dalla grande felicit\u00e0 libera da ogni sofferenza.Possano dimorare nella grande equanimit\u00e0 libera da attaccamenti ed avversioni [&hellip;]<\/p>\n","protected":false},"author":1,"featured_media":0,"parent":5233,"menu_order":0,"comment_status":"closed","ping_status":"closed","template":"","meta":{"_et_pb_use_builder":"on","_et_pb_old_content":"","_et_gb_content_width":""},"_links":{"self":[{"href":"https:\/\/bordo.org\/it\/wp-json\/wp\/v2\/pages\/5859\/"}],"collection":[{"href":"https:\/\/bordo.org\/it\/wp-json\/wp\/v2\/pages\/"}],"about":[{"href":"https:\/\/bordo.org\/it\/wp-json\/wp\/v2\/types\/page\/"}],"author":[{"embeddable":true,"href":"https:\/\/bordo.org\/it\/wp-json\/wp\/v2\/users\/1\/"}],"replies":[{"embeddable":true,"href":"https:\/\/bordo.org\/it\/wp-json\/wp\/v2\/comments\/?post=5859"}],"version-history":[{"count":11,"href":"https:\/\/bordo.org\/it\/wp-json\/wp\/v2\/pages\/5859\/revisions\/"}],"predecessor-version":[{"id":7883,"href":"https:\/\/bordo.org\/it\/wp-json\/wp\/v2\/pages\/5859\/revisions\/7883\/"}],"up":[{"embeddable":true,"href":"https:\/\/bordo.org\/it\/wp-json\/wp\/v2\/pages\/5233\/"}],"wp:attachment":[{"href":"https:\/\/bordo.org\/it\/wp-json\/wp\/v2\/media\/?parent=5859"}],"curies":[{"name":"wp","href":"https:\/\/api.w.org\/{rel}","templated":true}]}}