{"id":5879,"date":"2018-11-19T23:31:20","date_gmt":"2018-11-19T22:31:20","guid":{"rendered":"http:\/\/bordo.org\/?page_id=5879"},"modified":"2025-12-10T00:04:00","modified_gmt":"2025-12-09T23:04:00","slug":"meditazione-e-movimento","status":"publish","type":"page","link":"https:\/\/bordo.org\/it\/corsi-di-dharma\/meditazione-e-movimento\/","title":{"rendered":"Meditazione e movimento"},"content":{"rendered":"<p>[et_pb_section fb_built=&#8221;1&#8243; _builder_version=&#8221;4.16&#8243; global_colors_info=&#8221;{}&#8221;][et_pb_row _builder_version=&#8221;4.16&#8243; background_size=&#8221;initial&#8221; background_position=&#8221;top_left&#8221; background_repeat=&#8221;repeat&#8221; custom_padding=&#8221;0px|0px|0px|0px&#8221; global_colors_info=&#8221;{}&#8221;][et_pb_column type=&#8221;4_4&#8243; _builder_version=&#8221;4.16&#8243; custom_padding=&#8221;|||&#8221; global_colors_info=&#8221;{}&#8221; custom_padding__hover=&#8221;|||&#8221;][et_pb_text _builder_version=&#8221;4.16&#8243; custom_margin_tablet=&#8221;||-100px|&#8221; custom_margin_phone=&#8221;&#8221; custom_margin_last_edited=&#8221;on|tablet&#8221; global_colors_info=&#8221;{}&#8221;]<\/p>\n<p><a href=\"https:\/\/bordo.org\/kursprogramm\/#13\">Al programma del corso<\/a><\/p>\n<p>[\/et_pb_text][\/et_pb_column][\/et_pb_row][et_pb_row _builder_version=&#8221;4.16&#8243; background_size=&#8221;initial&#8221; background_position=&#8221;top_left&#8221; background_repeat=&#8221;repeat&#8221; custom_padding=&#8221;25px|0px|40px|0px&#8221; global_colors_info=&#8221;{}&#8221;][et_pb_column type=&#8221;4_4&#8243; _builder_version=&#8221;4.16&#8243; custom_padding=&#8221;|||&#8221; global_colors_info=&#8221;{}&#8221; custom_padding__hover=&#8221;|||&#8221;][et_pb_text _builder_version=&#8221;4.19.5&#8243; custom_margin=&#8221;||-10px|&#8221; custom_margin_tablet=&#8221;||-50px|&#8221; custom_margin_phone=&#8221;&#8221; custom_margin_last_edited=&#8221;on|phone&#8221; custom_padding=&#8221;|||&#8221; global_colors_info=&#8221;{}&#8221;]<\/p>\n<p>4 &#8211; 9 luglio 2026<\/p>\n<h1>Meditazione e movimento &#8211; rilassamento del corpo e della mente<\/h1>\n<p>[\/et_pb_text][\/et_pb_column][\/et_pb_row][et_pb_row column_structure=&#8221;2_3,1_3&#8243; _builder_version=&#8221;4.16&#8243; custom_padding=&#8221;25px|0px|32px|0px&#8221; global_colors_info=&#8221;{}&#8221;][et_pb_column type=&#8221;2_3&#8243; _builder_version=&#8221;4.16&#8243; custom_padding=&#8221;|||&#8221; global_colors_info=&#8221;{}&#8221; custom_padding__hover=&#8221;|||&#8221;][et_pb_text _builder_version=&#8221;4.19.5&#8243; custom_margin_tablet=&#8221;||-40px|&#8221; custom_margin_phone=&#8221;&#8221; custom_margin_last_edited=&#8221;on|desktop&#8221; global_colors_info=&#8221;{}&#8221;]<\/p>\n<p class=\"p1\">Corpo e Mente sono strettamente connessi e si influenzano reciprocamente. Con la pratica di esercizi consapevoli, molto lenti, dello yoga tibetano della salute (Kum Nye) acquisiamo consapevolezza del nostro corpo in modo molto sottile, sciogliamo tensioni e blocchi a livello profondo, sia mentali che fisici, e sviluppiamo sensazioni di leggerezza e di apertura. Questo tipo di yoga \u00e8 molto indicato per ottenere una buona postura seduta e quindi una migliore stabilit\u00e0 meditativa. Il corso \u00e8 adatto anche a principianti e si tiene il pomeriggio.<\/p>\n<p class=\"p1\"><span class=\"s1\">Per informazioni : <\/span><a href=\"mailto:sherab.palmo@gmx.net\"><span class=\"s2\">sherab.palmo@gmx.net<\/span><\/a><\/p>\n<p><strong>Inizio :<\/strong> sabato 4 luglio &#8211; ore 18<br \/><strong>Termine :<\/strong> gioved\u00ec 9 luglio &#8211; ore 18<\/p>\n<p><strong>Condurr\u00e0 il corso : <\/strong>Lama Sherab Palmo<\/p>\n<p><strong>Lingua :<\/strong> tedesco, con traduzione in italiano se richiesto in anticipo<\/p>\n<p><strong>Tassa del corso :<\/strong>\u00a0Quota dei costi dell\u2019organizzazione e una donazione per gli insegnanti. La vostra generosit\u00e0 permette loro di continuare a trasmettere il Dharma in futuro.<\/p>\n<p><strong>Alloggio e pasti :<\/strong>\u00a0Le donazioni per l\u2019alloggio e il vitto dovrebbero essere sufficienti a coprire le spese e consentire che Bordo pu\u00f2 essere mantenuto. Siamo a vostra disposizione per ulteriori informazioni.<\/p>\n<p><strong>Registrazione su\u00a0<a href=\"mailto:bodhipath@bordo.org\">bodhipath@bordo.org<\/a><\/strong><\/p>\n<p>Si prega di leggere le informazioni sul\u00a0<a href=\"https:\/\/bordo.org\/it\/arrivo-e-soggiorno\/soggiorno\/\">soggiorno a Bordo<\/a>\u00a0e sul\u00a0<a href=\"https:\/\/bordo.org\/it\/arrivo-e-soggiorno\/come-raggiungerci\/\">viaggio a Bordo<\/a>\u00a0prima della visita.<\/p>\n<p>[\/et_pb_text][\/et_pb_column][et_pb_column type=&#8221;1_3&#8243; _builder_version=&#8221;4.16&#8243; custom_padding=&#8221;|||&#8221; global_colors_info=&#8221;{}&#8221; custom_padding__hover=&#8221;|||&#8221;][\/et_pb_column][\/et_pb_row][\/et_pb_section]<\/p>\n","protected":false},"excerpt":{"rendered":"<p>Al programma del corso4 &#8211; 9 luglio 2026 Meditazione e movimento &#8211; rilassamento del corpo e della menteCorpo e Mente sono strettamente connessi e si influenzano reciprocamente. Con la pratica di esercizi consapevoli, molto lenti, dello yoga tibetano della salute (Kum Nye) acquisiamo consapevolezza del nostro corpo in modo molto sottile, sciogliamo tensioni e blocchi [&hellip;]<\/p>\n","protected":false},"author":1,"featured_media":0,"parent":5233,"menu_order":0,"comment_status":"closed","ping_status":"closed","template":"","meta":{"_et_pb_use_builder":"on","_et_pb_old_content":"","_et_gb_content_width":""},"_links":{"self":[{"href":"https:\/\/bordo.org\/it\/wp-json\/wp\/v2\/pages\/5879\/"}],"collection":[{"href":"https:\/\/bordo.org\/it\/wp-json\/wp\/v2\/pages\/"}],"about":[{"href":"https:\/\/bordo.org\/it\/wp-json\/wp\/v2\/types\/page\/"}],"author":[{"embeddable":true,"href":"https:\/\/bordo.org\/it\/wp-json\/wp\/v2\/users\/1\/"}],"replies":[{"embeddable":true,"href":"https:\/\/bordo.org\/it\/wp-json\/wp\/v2\/comments\/?post=5879"}],"version-history":[{"count":16,"href":"https:\/\/bordo.org\/it\/wp-json\/wp\/v2\/pages\/5879\/revisions\/"}],"predecessor-version":[{"id":10648,"href":"https:\/\/bordo.org\/it\/wp-json\/wp\/v2\/pages\/5879\/revisions\/10648\/"}],"up":[{"embeddable":true,"href":"https:\/\/bordo.org\/it\/wp-json\/wp\/v2\/pages\/5233\/"}],"wp:attachment":[{"href":"https:\/\/bordo.org\/it\/wp-json\/wp\/v2\/media\/?parent=5879"}],"curies":[{"name":"wp","href":"https:\/\/api.w.org\/{rel}","templated":true}]}}