{"id":5980,"date":"2018-11-29T21:27:51","date_gmt":"2018-11-29T20:27:51","guid":{"rendered":"http:\/\/bordo.org\/?page_id=5980"},"modified":"2024-11-24T17:00:08","modified_gmt":"2024-11-24T16:00:08","slug":"nyung-ne","status":"publish","type":"page","link":"https:\/\/bordo.org\/it\/corsi-di-dharma\/nyung-ne\/","title":{"rendered":"Nyung Ne"},"content":{"rendered":"<p>[et_pb_section fb_built=&#8221;1&#8243; _builder_version=&#8221;4.16&#8243; global_colors_info=&#8221;{}&#8221;][et_pb_row _builder_version=&#8221;4.16&#8243; background_size=&#8221;initial&#8221; background_position=&#8221;top_left&#8221; background_repeat=&#8221;repeat&#8221; custom_padding=&#8221;0px|0px|0px|0px&#8221; global_colors_info=&#8221;{}&#8221;][et_pb_column type=&#8221;4_4&#8243; _builder_version=&#8221;4.16&#8243; custom_padding=&#8221;|||&#8221; global_colors_info=&#8221;{}&#8221; custom_padding__hover=&#8221;|||&#8221;][et_pb_text _builder_version=&#8221;4.16&#8243; custom_margin_tablet=&#8221;||-100px|&#8221; custom_margin_phone=&#8221;&#8221; custom_margin_last_edited=&#8221;on|tablet&#8221; global_colors_info=&#8221;{}&#8221;]<\/p>\n<p><a href=\"https:\/\/bordo.org\/kursprogramm\/#4\">Al programma del corso<\/a><\/p>\n<p>[\/et_pb_text][\/et_pb_column][\/et_pb_row][et_pb_row _builder_version=&#8221;4.16&#8243; background_size=&#8221;initial&#8221; background_position=&#8221;top_left&#8221; background_repeat=&#8221;repeat&#8221; custom_padding=&#8221;25px|0px|40px|0px&#8221; global_colors_info=&#8221;{}&#8221;][et_pb_column type=&#8221;4_4&#8243; _builder_version=&#8221;4.16&#8243; custom_padding=&#8221;|||&#8221; global_colors_info=&#8221;{}&#8221; custom_padding__hover=&#8221;|||&#8221;][et_pb_text _builder_version=&#8221;4.19.5&#8243; custom_margin=&#8221;||-10px|&#8221; custom_margin_tablet=&#8221;||-50px|&#8221; custom_margin_phone=&#8221;&#8221; custom_margin_last_edited=&#8221;on|phone&#8221; custom_padding=&#8221;|||&#8221; hover_enabled=&#8221;0&#8243; global_colors_info=&#8221;{}&#8221; sticky_enabled=&#8221;0&#8243;]<\/p>\n<p>5 &#8211; 12 maggio 2025\u00a0 <span>\u00a0 |\u00a0 Ritiro Bodhi Path<\/span><\/p>\n<h1>3 cicli di pratica di Cenresi a 1000 braccia (Nyung Ne)<\/h1>\n<p>[\/et_pb_text][\/et_pb_column][\/et_pb_row][et_pb_row column_structure=&#8221;2_3,1_3&#8243; _builder_version=&#8221;4.16&#8243; custom_padding=&#8221;25px|0px|32px|0px&#8221; global_colors_info=&#8221;{}&#8221;][et_pb_column type=&#8221;2_3&#8243; _builder_version=&#8221;4.16&#8243; custom_padding=&#8221;|||&#8221; global_colors_info=&#8221;{}&#8221; custom_padding__hover=&#8221;|||&#8221;][et_pb_text _builder_version=&#8221;4.19.5&#8243; custom_margin_tablet=&#8221;||-40px|&#8221; custom_margin_phone=&#8221;&#8221; custom_margin_last_edited=&#8221;on|desktop&#8221; hover_enabled=&#8221;0&#8243; global_colors_info=&#8221;{}&#8221; sticky_enabled=&#8221;0&#8243;]<\/p>\n<p class=\"p1\">La pratica del Cenresi a 1000 braccia \u00e8 un potente mezzo di purificazione e di grande benedizione. Ogni ciclo ha una durata di due giorni e del mattino successivo. Per partecipare alla pratica \u00e8 necessario aver preso formalmente rifugio nei tre Gioielli. Per coloro che non hanno familiarit\u00e0 con la pratica: si prega di venire gi\u00e0 il 24 luglio per le spiegazioni.<\/p>\n<p class=\"p1\"><strong>4 maggio \u2013 ore 15 al 5 maggio \u2013 ore 12:<\/strong> Introduzione alla pratica di Nyung Ne<\/p>\n<p class=\"p1\"><strong>5 maggio \u2013 ore 17 al 12 maggio \u2013 ore 12:<\/strong> Tre cicli della pratica di Nyung Ne<\/p>\n<p><strong><\/strong><\/p>\n<p><strong>Condurr\u00e0 il corso :<\/strong> Lama Jampa dal Bodhi Path Menlo Park, California<\/p>\n<p><strong>Lingua del insegnamento : <\/strong>Tibetano, Inglese<\/p>\n<p><strong style=\"font-size: 18px;\">Tassa del corso:<\/strong><span style=\"font-size: 18px;\">\u00a0Quota dei costi dell\u2019organizzazione e una donazione per gli insegnanti. La vostra generosit\u00e0 permette loro di continuare a trasmettere il Dharma in futuro.<\/span><\/p>\n<div class=\"et_pb_column et_pb_column_2_3 et_pb_column_2 et_pb_css_mix_blend_mode_passthrough\">\n<div class=\"et_pb_module et_pb_text et_pb_text_2 et_pb_bg_layout_light et_pb_text_align_left\">\n<div class=\"et_pb_text_inner\">\n<p><strong>Alloggio e pasti:<\/strong>\u00a0Le donazioni per l\u2019alloggio e il vitto dovrebbero essere sufficienti a coprire le spese e consentire che Bordo pu\u00f2 essere mantenuto. Siamo a vostra disposizione per ulteriori informazioni.<\/p>\n<p><strong>Registrazione su\u00a0<a href=\"mailto:bodhipath@bordo.org\">bodhipath@bordo.org<\/a><\/strong><\/p>\n<p>Si prega di leggere le informazioni sul\u00a0<a href=\"https:\/\/bordo.org\/it\/arrivo-e-soggiorno\/soggiorno\/\">soggiorno a Bordo<\/a>\u00a0e sul\u00a0<a href=\"https:\/\/bordo.org\/it\/arrivo-e-soggiorno\/come-raggiungerci\/\">viaggio a Bordo<\/a>\u00a0prima della visita.<\/p>\n<\/div>\n<\/div>\n<\/div>\n<p>[\/et_pb_text][\/et_pb_column][et_pb_column type=&#8221;1_3&#8243; _builder_version=&#8221;4.16&#8243; custom_padding=&#8221;|||&#8221; global_colors_info=&#8221;{}&#8221; custom_padding__hover=&#8221;|||&#8221;][\/et_pb_column][\/et_pb_row][et_pb_row use_custom_gutter=&#8221;on&#8221; gutter_width=&#8221;1&#8243; disabled_on=&#8221;on|on|on&#8221; _builder_version=&#8221;4.16&#8243; disabled=&#8221;on&#8221; global_colors_info=&#8221;{}&#8221;][et_pb_column type=&#8221;4_4&#8243; _builder_version=&#8221;4.16&#8243; custom_padding=&#8221;|||&#8221; global_colors_info=&#8221;{}&#8221; custom_padding__hover=&#8221;|||&#8221;][et_pb_text _builder_version=&#8221;4.16&#8243; global_colors_info=&#8221;{}&#8221;]<\/p>\n<h2>Impressionen<\/h2>\n<p>[\/et_pb_text][et_pb_gallery gallery_ids=&#8221;3613,3609,3625,3623,3617,3611,3619,3621&#8243; gallery_captions=&#8221;,Test,,,,,,&#8221; posts_number=&#8221;8&#8243; show_title_and_caption=&#8221;off&#8221; show_pagination=&#8221;off&#8221; zoom_icon_color=&#8221;#ffffff&#8221; hover_overlay_color=&#8221;rgba(28,28,28,0.6)&#8221; hover_icon=&#8221;&#x54;||divi||400&#8243; _builder_version=&#8221;4.16&#8243; border_width_all=&#8221;5px&#8221; border_color_all=&#8221;#ffffff&#8221; border_style_all=&#8221;solid&#8221; use_border_color=&#8221;on&#8221; border_width=&#8221;5px&#8221; saved_tabs=&#8221;all&#8221; global_colors_info=&#8221;{}&#8221;]&nbsp;<br \/>\n[\/et_pb_gallery][\/et_pb_column][\/et_pb_row][\/et_pb_section][et_pb_section fb_built=&#8221;1&#8243; _builder_version=&#8221;4.16&#8243; global_colors_info=&#8221;{}&#8221;][et_pb_row _builder_version=&#8221;4.16&#8243; background_size=&#8221;initial&#8221; background_position=&#8221;top_left&#8221; background_repeat=&#8221;repeat&#8221; global_colors_info=&#8221;{}&#8221;][\/et_pb_row][\/et_pb_section]<\/p>\n","protected":false},"excerpt":{"rendered":"<p>Al programma del corso5 &#8211; 12 maggio 2025\u00a0 \u00a0 |\u00a0 Ritiro Bodhi Path 3 cicli di pratica di Cenresi a 1000 braccia (Nyung Ne)La pratica del Cenresi a 1000 braccia \u00e8 un potente mezzo di purificazione e di grande benedizione. Ogni ciclo ha una durata di due giorni e del mattino successivo. Per partecipare alla [&hellip;]<\/p>\n","protected":false},"author":1,"featured_media":0,"parent":5233,"menu_order":0,"comment_status":"closed","ping_status":"closed","template":"","meta":{"_et_pb_use_builder":"on","_et_pb_old_content":"","_et_gb_content_width":""},"_links":{"self":[{"href":"https:\/\/bordo.org\/it\/wp-json\/wp\/v2\/pages\/5980\/"}],"collection":[{"href":"https:\/\/bordo.org\/it\/wp-json\/wp\/v2\/pages\/"}],"about":[{"href":"https:\/\/bordo.org\/it\/wp-json\/wp\/v2\/types\/page\/"}],"author":[{"embeddable":true,"href":"https:\/\/bordo.org\/it\/wp-json\/wp\/v2\/users\/1\/"}],"replies":[{"embeddable":true,"href":"https:\/\/bordo.org\/it\/wp-json\/wp\/v2\/comments\/?post=5980"}],"version-history":[{"count":21,"href":"https:\/\/bordo.org\/it\/wp-json\/wp\/v2\/pages\/5980\/revisions\/"}],"predecessor-version":[{"id":10235,"href":"https:\/\/bordo.org\/it\/wp-json\/wp\/v2\/pages\/5980\/revisions\/10235\/"}],"up":[{"embeddable":true,"href":"https:\/\/bordo.org\/it\/wp-json\/wp\/v2\/pages\/5233\/"}],"wp:attachment":[{"href":"https:\/\/bordo.org\/it\/wp-json\/wp\/v2\/media\/?parent=5980"}],"curies":[{"name":"wp","href":"https:\/\/api.w.org\/{rel}","templated":true}]}}