{"id":7073,"date":"2019-12-18T09:13:06","date_gmt":"2019-12-18T08:13:06","guid":{"rendered":"https:\/\/bordo.org\/?page_id=7073"},"modified":"2022-06-28T12:52:41","modified_gmt":"2022-06-28T10:52:41","slug":"ritiri-individuali-guidati-e-practica","status":"publish","type":"page","link":"https:\/\/bordo.org\/it\/corsi-di-dharma\/ritiri-individuali-guidati-e-practica\/","title":{"rendered":"Ritiri individuali guidati e pratica in comune"},"content":{"rendered":"<p>[et_pb_section fb_built=&#8221;1&#8243; _builder_version=&#8221;3.0.72&#8243;][et_pb_row custom_padding=&#8221;0px|0px|0px|0px&#8221; _builder_version=&#8221;3.0.47&#8243; background_size=&#8221;initial&#8221; background_position=&#8221;top_left&#8221; background_repeat=&#8221;repeat&#8221;][et_pb_column type=&#8221;4_4&#8243; _builder_version=&#8221;3.0.47&#8243;][et_pb_text _builder_version=&#8221;3.21&#8243; custom_margin_tablet=&#8221;||-100px|&#8221; custom_margin_last_edited=&#8221;on|tablet&#8221;]<\/p>\n<p><a href=\"https:\/\/bordo.org\/kursprogramm\/#17\">Al programma del corso<\/a><\/p>\n<p>[\/et_pb_text][\/et_pb_column][\/et_pb_row][et_pb_row custom_padding=&#8221;25px|0px|40px|0px&#8221; _builder_version=&#8221;3.0.47&#8243; background_size=&#8221;initial&#8221; background_position=&#8221;top_left&#8221; background_repeat=&#8221;repeat&#8221;][et_pb_column type=&#8221;4_4&#8243; _builder_version=&#8221;3.0.47&#8243;][et_pb_text _builder_version=&#8221;3.15&#8243; custom_margin=&#8221;||-10px|&#8221; custom_margin_tablet=&#8221;||-50px|&#8221; custom_margin_last_edited=&#8221;on|phone&#8221; custom_padding=&#8221;|||&#8221;]<\/p>\n<p>12 &#8211; 17 agosto 2022<\/p>\n<h1>Ritiri individuali guidati e pratica in comune<\/h1>\n<p>[\/et_pb_text][\/et_pb_column][\/et_pb_row][et_pb_row custom_padding=&#8221;25px|0px|32px|0px&#8221; _builder_version=&#8221;3.0.72&#8243;][et_pb_column type=&#8221;2_3&#8243; _builder_version=&#8221;3.0.47&#8243;][et_pb_text _builder_version=&#8221;3.15&#8243; custom_margin_tablet=&#8221;||-40px|&#8221; custom_margin_last_edited=&#8221;on|desktop&#8221;]<\/p>\n<p class=\"p1\">Per dieci giorni Lama Teundroup sar\u00e0 nuovamente a Bordo e condivider\u00e0 con noi la pratica e la vita quotidiana. Durante tutto il tempo \u00e8 possibile fare ritiri individuali sotto la sua guida. Questa \u00e8 una buona opportunit\u00e0,<span class=\"Apple-converted-space\">\u00a0 <\/span>anche per praticanti avanzati, per approfondire la loro pratica e per essere in grado di chiarire eventuali questioni legate alla pratica.<\/p>\n<p><strong>Inizio :<\/strong>\u00a0giovedi 12 agosto &#8211; ore 16<br \/><strong>Termine :<\/strong> martedi 17 agosto &#8211; ore 12<\/p>\n<p><strong>Condurr\u00e0 il corso :<\/strong> Lama Teundroup<br \/><strong>Lingua :<\/strong> francese, italiano e inglese<\/p>\n<p><strong>Tassa del corso:<\/strong>\u00a0Quota dei costi dell\u2019organizzazione e una donazione per gli insegnanti. La vostra generosit\u00e0 permette loro di continuare a trasmettere il Dharma in futuro.<\/p>\n<p><strong>Alloggio e pasti:<\/strong>\u00a0Le donazioni per l\u2019alloggio e il vitto dovrebbero essere sufficienti a coprire le spese e consentire che Bordo pu\u00f2 essere mantenuto. Siamo a vostra disposizione per ulteriori informazioni.<\/p>\n<p><strong>Registrazione su\u00a0<a href=\"mailto:bodhipath@bordo.org\">bodhipath@bordo.org<\/a><\/strong><\/p>\n<p>Si prega di leggere le informazioni sul\u00a0<a href=\"https:\/\/bordo.org\/it\/arrivo-e-soggiorno\/soggiorno\/\">soggiorno a Bordo<\/a>\u00a0e sul\u00a0<a href=\"https:\/\/bordo.org\/it\/arrivo-e-soggiorno\/come-raggiungerci\/\">viaggio a Bordo<\/a>\u00a0prima della visita.<\/p>\n<p>[\/et_pb_text][\/et_pb_column][et_pb_column type=&#8221;1_3&#8243; _builder_version=&#8221;3.0.47&#8243;][\/et_pb_column][\/et_pb_row][\/et_pb_section]<\/p>\n","protected":false},"excerpt":{"rendered":"<p>Al programma del corso12 &#8211; 17 agosto 2022 Ritiri individuali guidati e pratica in comunePer dieci giorni Lama Teundroup sar\u00e0 nuovamente a Bordo e condivider\u00e0 con noi la pratica e la vita quotidiana. Durante tutto il tempo \u00e8 possibile fare ritiri individuali sotto la sua guida. Questa \u00e8 una buona opportunit\u00e0,\u00a0 anche per praticanti avanzati, [&hellip;]<\/p>\n","protected":false},"author":1,"featured_media":0,"parent":5233,"menu_order":0,"comment_status":"closed","ping_status":"closed","template":"","meta":{"_et_pb_use_builder":"on","_et_pb_old_content":"","_et_gb_content_width":""},"_links":{"self":[{"href":"https:\/\/bordo.org\/it\/wp-json\/wp\/v2\/pages\/7073\/"}],"collection":[{"href":"https:\/\/bordo.org\/it\/wp-json\/wp\/v2\/pages\/"}],"about":[{"href":"https:\/\/bordo.org\/it\/wp-json\/wp\/v2\/types\/page\/"}],"author":[{"embeddable":true,"href":"https:\/\/bordo.org\/it\/wp-json\/wp\/v2\/users\/1\/"}],"replies":[{"embeddable":true,"href":"https:\/\/bordo.org\/it\/wp-json\/wp\/v2\/comments\/?post=7073"}],"version-history":[{"count":10,"href":"https:\/\/bordo.org\/it\/wp-json\/wp\/v2\/pages\/7073\/revisions\/"}],"predecessor-version":[{"id":8561,"href":"https:\/\/bordo.org\/it\/wp-json\/wp\/v2\/pages\/7073\/revisions\/8561\/"}],"up":[{"embeddable":true,"href":"https:\/\/bordo.org\/it\/wp-json\/wp\/v2\/pages\/5233\/"}],"wp:attachment":[{"href":"https:\/\/bordo.org\/it\/wp-json\/wp\/v2\/media\/?parent=7073"}],"curies":[{"name":"wp","href":"https:\/\/api.w.org\/{rel}","templated":true}]}}