{"id":7206,"date":"2020-05-12T00:30:54","date_gmt":"2020-05-11T22:30:54","guid":{"rendered":"https:\/\/bordo.org\/?page_id=7206"},"modified":"2020-05-16T22:05:59","modified_gmt":"2020-05-16T20:05:59","slug":"tonglen","status":"publish","type":"page","link":"https:\/\/bordo.org\/it\/tonglen\/","title":{"rendered":"Tonglen"},"content":{"rendered":"<p>[et_pb_section fb_built=&#8221;1&#8243; admin_label=&#8221;section&#8221; _builder_version=&#8221;3.0.47&#8243;][et_pb_row custom_padding=&#8221;35px|0px|35px|0px|false|false&#8221; _builder_version=&#8221;3.0.47&#8243; background_size=&#8221;initial&#8221; background_position=&#8221;top_left&#8221; background_repeat=&#8221;repeat&#8221;][et_pb_column type=&#8221;4_4&#8243; _builder_version=&#8221;3.0.47&#8243;][et_pb_text _builder_version=&#8221;3.21&#8243; background_size=&#8221;initial&#8221; background_position=&#8221;top_left&#8221; background_repeat=&#8221;repeat&#8221; custom_margin=&#8221;0px|0px|0px|0px&#8221; custom_padding=&#8221;|30px||30px&#8221; custom_padding_last_edited=&#8221;on|tablet&#8221;]<\/p>\n<h1 style=\"text-align: center;\">Tonglen<\/h1>\n<p>[\/et_pb_text][\/et_pb_column][\/et_pb_row][et_pb_row custom_padding=&#8221;32px|0px|0px|0px|false|false&#8221; _builder_version=&#8221;3.0.47&#8243; background_size=&#8221;initial&#8221; background_position=&#8221;top_left&#8221; background_repeat=&#8221;repeat&#8221;][et_pb_column type=&#8221;3_4&#8243; _builder_version=&#8221;3.0.47&#8243;][et_pb_text _builder_version=&#8221;3.0.74&#8243; background_size=&#8221;initial&#8221; background_position=&#8221;top_left&#8221; background_repeat=&#8221;repeat&#8221; custom_margin=&#8221;|||0px&#8221; custom_padding=&#8221;|120px||30px&#8221; custom_padding_tablet=&#8221;|0px||&#8221; custom_padding_phone=&#8221;|||0px&#8221; custom_padding_last_edited=&#8221;on|desktop&#8221;]<\/p>\n<p>Prendiamo rifugio e sviluppiamo l\u2019attitudine del risveglio:<\/p>\n<p><em>Nel Buddha, nel Dharma e nel nobile Sangha prendo rifugio fino al risveglio.<br \/>Praticando la generosit\u00e0 e le altre virt\u00f9 Possa io realizzare la buddhit\u00e0 per il bene degli esseri.<\/em><\/p>\n<p>&nbsp;<\/p>\n<p><em>Possano tutti gli esseri possedere la felicit\u00e0 e le cause della felicit\u00e0.<\/em><\/p>\n<p><em>Possano essere liberi dalla sofferenza e dalle cause della sofferenza.<\/em><\/p>\n<p><em>Possano non esser mai separati dalla grande felicit\u00e0 libera da ogni sofferenza.<\/em><\/p>\n<p><em>Possano dimorare nella grande equanimit\u00e0 libera da attaccamenti ed avversioni parziali.<\/em><\/p>\n<p>&nbsp;<\/p>\n<p>Per sviluppare un attitudine interiore piena di amore e compassione abbiamo bisogno di una pratica. Lo scambio tra noi stessi e gli altri nella forma di dare e ricevere \u00e9 in special modo utile a questo scopo. Oltre ad un attivit\u00e0 di benevolenza e compassione nella vita quotidiana \u00e8 importante fare questa pratica formale. Questa meditazione consiste di diverse fasi e fa uso del respiro come sostengo.<\/p>\n<p>Lasciamo completamente rilassare la nostra mente e trovare la sua profonda calma interiore senza aggrapparsi a niente. Rimaniamo totalmente consapevoli che tutto ci\u00f2 che appare \u00e8 la nostra mente. Ci riposiamo in questa mente calma e pacifica, nella consapevolezza che tutto ci\u00f2 che appare dentro e intorno a noi non \u00e9 separato da noi stessi. (3-5 min.)<\/p>\n<p>In modo naturale diventiamo consapevoli del movimento del nostro respiro senza alcuna intenzione o desiderio di volerlo cambiare. Lo seguiamo fino a che ne siamo completamente consapevoli. (5 min.)<\/p>\n<p>Quando espiriamo, immaginiamo una luce bianca fuoriuscire dal nostro cuore, che raggiunge tutti gli esseri nel vasto universo, e si fonde in loro. Questa luce contiene tutte le nostre qualit\u00e0, tutte le circostanze favorevoli, tutta la nostra energia positiva che abbiamo accumulato sin da tempi senza inizio. Contiene tutto ci\u00f2 che pu\u00f2 portare gioia agli esseri. (5 min.)<\/p>\n<p>Quando inspiriamo, immaginiamo di prendere nel nostro cuore tutte le sofferenze, tutte le insoddisfazioni e tutte le difficolt\u00e0 di tutti gli esseri nella forma di una nebbia scura, che viene assorbita nella vastit\u00e0 del nostro cuore compassionevole, e l\u00ec si dissolve. Immaginiamo che in questo modo liberiamo tutti gli esseri dalle loro sofferenze, dalle loro insoddisfazioni e dalle loro negativit\u00e0, come anche dalle loro cause. Sviluppiamo una profonda gioia per essere in grado di farlo. (5-10 min.)<\/p>\n<p>In fine, lasciamo riposare la nostra mente nella completa vastit\u00e0, nella realt\u00e0 ultima, dove non c\u2019\u00e9 separazione tra noi e gli altri, oltre ogni riferimento e liberi da ogni concetto di una realt\u00e0 ultima di gioia o di sofferenza. La mente rimane nella sua dimensione naturale. (5-8 min.)<\/p>\n<p>Per concludere dedichiamo l\u2019energia positiva di questa pratica al beneficio di tutti gli esseri:<\/p>\n<p><em>In virt\u00f9 di questa pratica meritoria possa io, dopo aver realizzato l\u2019onniscienza e sconfitto tutte le negativit\u00e0, liberare tutti gli esseri dall\u2019oceano del divenire, agitato dalle onde di nascita, vecchiaia, malattia e morte.<\/em><\/p>\n<p><em><\/em><\/p>\n<p>Adattato da: Gendun Rinpoche, Heart Advice from a Mahamudra Master<\/p>\n<p>[\/et_pb_text][\/et_pb_column][et_pb_column type=&#8221;1_4&#8243; _builder_version=&#8221;3.0.47&#8243;][et_pb_text _builder_version=&#8221;3.21&#8243;]<\/p>\n<p><a href=\"https:\/\/bordo.org\/wp-content\/uploads\/2020\/05\/Tonglen-Gendun-R.-italiano.pdf\" target=\"_blank\" rel=\"noopener noreferrer\" title=\"Tonglen-Gendun-R.-italiano\">Scaricare printversion (PDF | 21 KB)<\/a><\/p>\n<p>[\/et_pb_text][\/et_pb_column][\/et_pb_row][\/et_pb_section][et_pb_section fb_built=&#8221;1&#8243; fullwidth=&#8221;on&#8221; _builder_version=&#8221;3.0.72&#8243;][et_pb_fullwidth_image src=&#8221;https:\/\/bordo.org\/wp-content\/uploads\/2018\/03\/Stupaplatz.jpg&#8221; _builder_version=&#8221;3.0.72&#8243; custom_margin=&#8221;|||100px&#8221; custom_margin_tablet=&#8221;|||0px&#8221; custom_margin_phone=&#8221;|||&#8221; custom_margin_last_edited=&#8221;on|phone&#8221;][\/et_pb_fullwidth_image][\/et_pb_section][et_pb_section fb_built=&#8221;1&#8243; admin_label=&#8221;section&#8221; _builder_version=&#8221;3.0.47&#8243;][\/et_pb_section]<\/p>\n","protected":false},"excerpt":{"rendered":"<p>TonglenPrendiamo rifugio e sviluppiamo l\u2019attitudine del risveglio: Nel Buddha, nel Dharma e nel nobile Sangha prendo rifugio fino al risveglio.Praticando la generosit\u00e0 e le altre virt\u00f9 Possa io realizzare la buddhit\u00e0 per il bene degli esseri. &nbsp; Possano tutti gli esseri possedere la felicit\u00e0 e le cause della felicit\u00e0. Possano essere liberi dalla sofferenza e [&hellip;]<\/p>\n","protected":false},"author":1,"featured_media":0,"parent":0,"menu_order":0,"comment_status":"closed","ping_status":"closed","template":"","meta":{"_et_pb_use_builder":"on","_et_pb_old_content":"","_et_gb_content_width":""},"_links":{"self":[{"href":"https:\/\/bordo.org\/it\/wp-json\/wp\/v2\/pages\/7206\/"}],"collection":[{"href":"https:\/\/bordo.org\/it\/wp-json\/wp\/v2\/pages\/"}],"about":[{"href":"https:\/\/bordo.org\/it\/wp-json\/wp\/v2\/types\/page\/"}],"author":[{"embeddable":true,"href":"https:\/\/bordo.org\/it\/wp-json\/wp\/v2\/users\/1\/"}],"replies":[{"embeddable":true,"href":"https:\/\/bordo.org\/it\/wp-json\/wp\/v2\/comments\/?post=7206"}],"version-history":[{"count":4,"href":"https:\/\/bordo.org\/it\/wp-json\/wp\/v2\/pages\/7206\/revisions\/"}],"predecessor-version":[{"id":7218,"href":"https:\/\/bordo.org\/it\/wp-json\/wp\/v2\/pages\/7206\/revisions\/7218\/"}],"wp:attachment":[{"href":"https:\/\/bordo.org\/it\/wp-json\/wp\/v2\/media\/?parent=7206"}],"curies":[{"name":"wp","href":"https:\/\/api.w.org\/{rel}","templated":true}]}}