{"id":7245,"date":"2020-05-20T00:06:31","date_gmt":"2020-05-19T22:06:31","guid":{"rendered":"https:\/\/bordo.org\/?page_id=7245"},"modified":"2021-03-21T23:19:05","modified_gmt":"2021-03-21T22:19:05","slug":"covid-19-informazioni","status":"publish","type":"page","link":"https:\/\/bordo.org\/it\/covid-19-informazioni\/","title":{"rendered":"Covid-19 Informazioni"},"content":{"rendered":"<p>[et_pb_section fb_built=&#8221;1&#8243; _builder_version=&#8221;3.0.47&#8243; custom_padding=&#8221;64px|0px|0px|0px&#8221;][et_pb_row _builder_version=&#8221;3.0.47&#8243; background_size=&#8221;initial&#8221; background_position=&#8221;top_left&#8221; background_repeat=&#8221;repeat&#8221;][et_pb_column type=&#8221;4_4&#8243; _builder_version=&#8221;3.0.47&#8243;][et_pb_text _builder_version=&#8221;3.0.74&#8243;]<\/p>\n<h1>Covid-19 Informazioni<\/h1>\n<p>[\/et_pb_text][\/et_pb_column][\/et_pb_row][\/et_pb_section][et_pb_section fb_built=&#8221;1&#8243; _builder_version=&#8221;3.0.47&#8243; custom_padding=&#8221;64px|0px|0px|0px|false|false&#8221;][et_pb_row custom_margin=&#8221;|||&#8221; use_background_color_gradient_1=&#8221;off&#8221; use_background_color_gradient_2=&#8221;on&#8221; background_color_gradient_start_1=&#8221;#2b87da&#8221; background_color_gradient_start_2=&#8221;#f99b18&#8243; background_color_gradient_end_1=&#8221;#29c4a9&#8243; background_color_gradient_end_2=&#8221;#911e01&#8243; background_color_gradient_type_2=&#8221;radial&#8221; background_color_gradient_direction_radial_2=&#8221;left&#8221; padding_top_2=&#8221;1px&#8221; padding_right_2=&#8221;1px&#8221; padding_bottom_2=&#8221;1px&#8221; padding_left_2=&#8221;1px&#8221; _builder_version=&#8221;3.0.72&#8243;][et_pb_column type=&#8221;1_2&#8243; _builder_version=&#8221;3.0.47&#8243;][et_pb_text _builder_version=&#8221;3.21&#8243; border_style=&#8221;solid&#8221;]<\/p>\n<p>Il Covid19 condiziona in questo momento anche le attivit\u00e0 di Bordo. Vi terremo, pertanto, informati periodicamente con le newsletters (<a href=\"https:\/\/bordo.us12.list-manage.com\/subscribe?u=a35d2ced1718501c7351579c4&amp;id=d760ac5f12\" target=\"_blank\" rel=\"noopener noreferrer\">previa iscrizione alle stesse<\/a>) ed anche su <a href=\"https:\/\/www.facebook.com\/BordoBergdorf\/\" target=\"_blank\" rel=\"noopener noreferrer\">Facebook<\/a>.<\/p>\n<p>Per poter realizzare il programma 2021, \u00e8 necessario l&#8217;aiuto di tutti i residenti e visitatori.<\/p>\n<p>Per poter rispettare senza problemi le norme igieniche, riceveremo meno iscritti degli anni precedenti.<\/p>\n<p>La distanza e l&#8217;uso di mascherine quando la distanza non pu\u00f2 essere mantenuta sono particolarmente importanti durante i periodi in cui le finestre e le porte non possono rimanere aperte continuamente. Si prega di disinfettare le mani prima di entrare nelle aree comuni.<\/p>\n<p>I gruppi mangiano insieme in una zona separata. Questo \u00e8 anche il caso dei volontari a lungo termine che sono considerati &#8220;famiglia&#8221;. Per favore, rispettate questo e in quanto ospiti non sedetevi al loro tavolo.<\/p>\n<p>Quando si assegnano le stanze, facciamo in modo che i percorsi dei diversi gruppi non si incrocino, se possibile. Il numero limitato di persone nelle aree sanitarie \u00e8 segnalato. Vi chiediamo gentilmente di prestare attenzione a questo.<\/p>\n<p>Chiediamo la vostra comprensione per il fatto che attualmente i membri che rimangono per un periodo di tempo pi\u00f9 lungo hanno la priorit\u00e0 su quelli di breve durata, al fine di ridurre al minimo il rischio di infezione e, in caso, di rendere la catena di infezione pi\u00f9 rintracciabile.<\/p>\n<p>La durata minima di un singolo ritiro \u00e8 di una settimana (esclusi i giorni di arrivo e di partenza). Anche qui, i soggiorni pi\u00f9 lunghi hanno la priorit\u00e0.<\/p>\n<p>Un test Covid19 \u00e8 consigliato.<\/p>\n<p><strong>Informazioni ufficiali:<\/strong><\/p>\n<p><span color=\"#000080\" style=\"color: #000080;\"><span lang=\"zxx\"><u><a href=\"http:\/\/www.italia.it\/it\/info-utili-e-faq\/aggiornamenti-covid-19-informazioni-utili-per-i-turisti.html\" target=\"_blank\" rel=\"noopener noreferrer\">http:\/\/www.italia.it\/it\/info-utili-e-faq\/aggiornamenti-covid-19-informazioni-utili-per-i-turisti.html<\/a><\/u><\/span><\/span><\/p>\n<p>&nbsp;<\/p>\n<p><strong>Autodichiarazione e allegato:<\/strong><\/p>\n<p><span color=\"#000080\" style=\"color: #000080;\"><span lang=\"zxx\"><u><a href=\"https:\/\/www.esteri.it\/mae\/it\/ministero\/normativaonline\/decreto-iorestoacasa-domande-frequenti\/focus-cittadini-italiani-in-rientro-dall-estero-e-cittadini-stranieri-in-italia.html\" target=\"_blank\" rel=\"noopener noreferrer\">https:\/\/www.esteri.it\/mae\/it\/ministero\/normativaonline\/decreto-iorestoacasa-domande-frequenti\/focus-cittadini-italiani-in-rientro-dall-estero-e-cittadini-stranieri-in-italia.html<\/a><\/u><\/span><\/span><\/p>\n<p>&nbsp;<\/p>\n<p><span style=\"font-size: 18px;\"><\/span><\/p>\n<p>[\/et_pb_text][\/et_pb_column][et_pb_column type=&#8221;1_2&#8243; _builder_version=&#8221;3.0.47&#8243;][et_pb_text _builder_version=&#8221;3.0.74&#8243; background_color=&#8221;#ffffff&#8221; custom_margin=&#8221;|||&#8221; custom_padding=&#8221;20px|20px|20px|20px&#8221;]<\/p>\n<p><strong>In generale per ogni soggiorno a Bordo si applica:<\/strong><\/p>\n<p><strong><\/strong><\/p>\n<p><strong><\/strong><\/p>\n<ul>\n<li>Vi pregiamo di verificare personalmente le disposizioni per gli spostamenti in Italia, poich\u00e8 possono cambiare da un momento all&#8217;altro, a causa di eventuali incrementi dei contagi.<\/li>\n<li>\n<p style=\"margin-bottom: 0cm;\">Nel caso la situazione dovesse improvvisamente peggiorare, non potremo garantire il vostro soggiorno nei tempi da voi richiesti.<\/p>\n<\/li>\n<li>\n<p style=\"margin-bottom: 0cm;\">Come noto, non \u00e8 possibile viaggiare in Italia qualora la vostra temperatura corporea dovesse superare i 37,5\u00b0C e neppure se avvertiste sintomi influenzali. Nel caso in cui ci\u00f2 si verificasse, all&#8217;arrivo o durante il vostro soggiorno a Bordo, noi saremo tenuti ad avvisare le autorit\u00e0 sanitarie locali e qualora le stesse disponessero un auto-isolamento, la nostra squadra vi dar\u00e0 il suo sostegno.<\/p>\n<\/li>\n<li>\n<p class=\"Standard\">A Bordo, come in tutta Italia, osserviamo le regole della distanza, indossando una mascherina dove richiesto, <span style=\"color: black;\">oltre al lavaggio o disinfezione frequente delle mani, con una<\/span> particolare attenzione se si tossisce o si starnutisce. <span style=\"color: black;\">Vi invitiamo a portare con voi un adeguato numero di mascherine personali.<\/span><o:p><\/o:p><\/p>\n<\/li>\n<li>\n<p class=\"Standard\">Nel comune di Borgomezzavalle, di cui facciamo parte, sono stato, finora, pochi casi di Covid19. E&#8217; molto importante non essere noi, a Bordo, il veicolo di possibili altri contagi. Gli ospiti che arriveranno a Bordo sono un potenziale pericolo. Vi preghiamo, pertanto, di usare la massima cautela per il benessere di tutti !<o:p><\/o:p><\/p>\n<\/li>\n<\/ul>\n<p>[\/et_pb_text][\/et_pb_column][\/et_pb_row][\/et_pb_section][et_pb_section fb_built=&#8221;1&#8243; _builder_version=&#8221;3.0.47&#8243; custom_padding=&#8221;0px|0px|64px|0px&#8221;][\/et_pb_section][et_pb_section fb_built=&#8221;1&#8243; _builder_version=&#8221;3.0.74&#8243; background_color=&#8221;#dbdbdb&#8221; use_background_color_gradient=&#8221;on&#8221; background_color_gradient_start=&#8221;#f99b18&#8243; background_color_gradient_end=&#8221;#911e01&#8243; background_color_gradient_type=&#8221;radial&#8221; background_color_gradient_direction_radial=&#8221;bottom left&#8221; custom_padding=&#8221;0px||0px|&#8221; animation_style=&#8221;fade&#8221;][et_pb_row custom_padding=&#8221;40px|0px|40px|0px&#8221; custom_margin=&#8221;|||&#8221; background_repeat_1=&#8221;no-repeat&#8221; padding_top_1=&#8221;0px&#8221; padding_right_1=&#8221;0px&#8221; padding_bottom_1=&#8221;0px&#8221; padding_left_1=&#8221;0px&#8221; _builder_version=&#8221;3.0.72&#8243; custom_css_main_element=&#8221;text-align: center;&#8221;][et_pb_column type=&#8221;4_4&#8243; _builder_version=&#8221;3.0.47&#8243;][et_pb_button button_url=&#8221;http:\/\/eepurl.com\/bRFcN9&#8243; url_new_window=&#8221;on&#8221; button_text=&#8221;Iscriviti alla newsletter&#8221; _builder_version=&#8221;3.21&#8243; custom_button=&#8221;on&#8221; button_text_color=&#8221;#ffffff&#8221; button_bg_color=&#8221;rgba(0,0,0,0)&#8221; button_border_color=&#8221;#ffffff&#8221; button_use_icon=&#8221;off&#8221; button_text_color_hover=&#8221;#545454&#8243; button_border_color_hover=&#8221;#ffffff&#8221; button_border_radius_hover=&#8221;0px&#8221; button_bg_color_hover=&#8221;#ffffff&#8221; button_text_size__hover_enabled=&#8221;off&#8221; button_one_text_size__hover_enabled=&#8221;off&#8221; button_two_text_size__hover_enabled=&#8221;off&#8221; button_text_color__hover_enabled=&#8221;on&#8221; button_text_color__hover=&#8221;#545454&#8243; button_one_text_color__hover_enabled=&#8221;off&#8221; button_two_text_color__hover_enabled=&#8221;off&#8221; button_border_width__hover_enabled=&#8221;off&#8221; button_one_border_width__hover_enabled=&#8221;off&#8221; button_two_border_width__hover_enabled=&#8221;off&#8221; button_border_color__hover_enabled=&#8221;on&#8221; button_border_color__hover=&#8221;#ffffff&#8221; button_one_border_color__hover_enabled=&#8221;off&#8221; button_two_border_color__hover_enabled=&#8221;off&#8221; button_border_radius__hover_enabled=&#8221;on&#8221; button_border_radius__hover=&#8221;0px&#8221; button_one_border_radius__hover_enabled=&#8221;off&#8221; button_two_border_radius__hover_enabled=&#8221;off&#8221; button_letter_spacing__hover_enabled=&#8221;off&#8221; button_one_letter_spacing__hover_enabled=&#8221;off&#8221; button_two_letter_spacing__hover_enabled=&#8221;off&#8221; button_bg_color__hover_enabled=&#8221;on&#8221; button_bg_color__hover=&#8221;#ffffff&#8221; button_one_bg_color__hover_enabled=&#8221;off&#8221; button_two_bg_color__hover_enabled=&#8221;off&#8221;]<\/p>\n<p>\u00a0<\/p>\n<p>[\/et_pb_button][\/et_pb_column][\/et_pb_row][\/et_pb_section]<\/p>\n","protected":false},"excerpt":{"rendered":"<p>Covid-19 InformazioniIl Covid19 condiziona in questo momento anche le attivit\u00e0 di Bordo. Vi terremo, pertanto, informati periodicamente con le newsletters (previa iscrizione alle stesse) ed anche su Facebook. Per poter realizzare il programma 2021, \u00e8 necessario l&#8217;aiuto di tutti i residenti e visitatori. Per poter rispettare senza problemi le norme igieniche, riceveremo meno iscritti degli [&hellip;]<\/p>\n","protected":false},"author":1,"featured_media":0,"parent":0,"menu_order":0,"comment_status":"closed","ping_status":"closed","template":"","meta":{"_et_pb_use_builder":"on","_et_pb_old_content":"","_et_gb_content_width":""},"_links":{"self":[{"href":"https:\/\/bordo.org\/it\/wp-json\/wp\/v2\/pages\/7245\/"}],"collection":[{"href":"https:\/\/bordo.org\/it\/wp-json\/wp\/v2\/pages\/"}],"about":[{"href":"https:\/\/bordo.org\/it\/wp-json\/wp\/v2\/types\/page\/"}],"author":[{"embeddable":true,"href":"https:\/\/bordo.org\/it\/wp-json\/wp\/v2\/users\/1\/"}],"replies":[{"embeddable":true,"href":"https:\/\/bordo.org\/it\/wp-json\/wp\/v2\/comments\/?post=7245"}],"version-history":[{"count":8,"href":"https:\/\/bordo.org\/it\/wp-json\/wp\/v2\/pages\/7245\/revisions\/"}],"predecessor-version":[{"id":7750,"href":"https:\/\/bordo.org\/it\/wp-json\/wp\/v2\/pages\/7245\/revisions\/7750\/"}],"wp:attachment":[{"href":"https:\/\/bordo.org\/it\/wp-json\/wp\/v2\/media\/?parent=7245"}],"curies":[{"name":"wp","href":"https:\/\/api.w.org\/{rel}","templated":true}]}}