{"id":8286,"date":"2021-12-15T20:57:07","date_gmt":"2021-12-15T19:57:07","guid":{"rendered":"https:\/\/bordo.org\/?page_id=8286"},"modified":"2024-11-24T18:24:28","modified_gmt":"2024-11-24T17:24:28","slug":"meditazione-mente-respiro-corpo-agosto","status":"publish","type":"page","link":"https:\/\/bordo.org\/it\/corsi-di-dharma\/meditazione-mente-respiro-corpo-agosto\/","title":{"rendered":"Meditazione con mente, respiro e corpo agosto"},"content":{"rendered":"<p>[et_pb_section fb_built=&#8221;1&#8243; _builder_version=&#8221;4.16&#8243; global_colors_info=&#8221;{}&#8221;][et_pb_row _builder_version=&#8221;4.16&#8243; background_size=&#8221;initial&#8221; background_position=&#8221;top_left&#8221; background_repeat=&#8221;repeat&#8221; custom_padding=&#8221;0px|0px|0px|0px&#8221; global_colors_info=&#8221;{}&#8221;][et_pb_column type=&#8221;4_4&#8243; _builder_version=&#8221;4.16&#8243; custom_padding=&#8221;|||&#8221; global_colors_info=&#8221;{}&#8221; custom_padding__hover=&#8221;|||&#8221;][et_pb_text _builder_version=&#8221;4.16&#8243; custom_margin_tablet=&#8221;||-100px|&#8221; custom_margin_phone=&#8221;&#8221; custom_margin_last_edited=&#8221;on|tablet&#8221; global_colors_info=&#8221;{}&#8221;]<\/p>\n<p><a href=\"https:\/\/bordo.org\/kursprogramm\/#7\">Al programma del corso<\/a><\/p>\n<p>[\/et_pb_text][\/et_pb_column][\/et_pb_row][et_pb_row _builder_version=&#8221;4.16&#8243; background_size=&#8221;initial&#8221; background_position=&#8221;top_left&#8221; background_repeat=&#8221;repeat&#8221; custom_padding=&#8221;25px|0px|40px|0px|false|false&#8221; global_colors_info=&#8221;{}&#8221;][et_pb_column type=&#8221;4_4&#8243; _builder_version=&#8221;4.16&#8243; custom_padding=&#8221;|||&#8221; global_colors_info=&#8221;{}&#8221; custom_padding__hover=&#8221;|||&#8221;][et_pb_text _builder_version=&#8221;4.19.5&#8243; custom_margin=&#8221;||-10px|&#8221; custom_margin_tablet=&#8221;||-50px|&#8221; custom_margin_phone=&#8221;&#8221; custom_margin_last_edited=&#8221;on|phone&#8221; custom_padding=&#8221;|||&#8221; hover_enabled=&#8221;0&#8243; global_colors_info=&#8221;{}&#8221; sticky_enabled=&#8221;0&#8243;]<\/p>\n<p>9 &#8211; 16 agosto 2025<\/p>\n<h1>Meditazione con mente, respiro e corpo<\/h1>\n<p>[\/et_pb_text][\/et_pb_column][\/et_pb_row][et_pb_row column_structure=&#8221;2_3,1_3&#8243; _builder_version=&#8221;4.16&#8243; custom_padding=&#8221;25px|0px|32px|0px&#8221; global_colors_info=&#8221;{}&#8221;][et_pb_column type=&#8221;2_3&#8243; _builder_version=&#8221;4.16&#8243; custom_padding=&#8221;|||&#8221; global_colors_info=&#8221;{}&#8221; custom_padding__hover=&#8221;|||&#8221;][et_pb_text _builder_version=&#8221;4.19.5&#8243; custom_margin_tablet=&#8221;||-40px|&#8221; custom_margin_phone=&#8221;&#8221; custom_margin_last_edited=&#8221;on|desktop&#8221; hover_enabled=&#8221;0&#8243; global_colors_info=&#8221;{}&#8221; sticky_enabled=&#8221;0&#8243;]<\/p>\n<p class=\"p1\">La meditazione del tranquillo dimorare (Scine) \u00e8 una base importante per la nostra pratica sul sentiero buddhista. Un chiaro orientamento interiore e una buona postura ci aiutano a concentrarci su ci\u00f2 che \u00e8 essenziale e a rinforzare un atteggiamento benevolo, che \u00e8 benefico sia per noi che per gli altri.<\/p>\n<p class=\"p1\">Le ulteriori spiegazioni che verranno fornite sulla meditazione, si baseranno sugli insegnamenti di Shamar Rinpoche, Jigme Rinpoche e Trinlay Tulku. Ci aiuteranno ad integrare la pratica nella nostra vita quotidiana. Il lavoro sulla respirazione e selezionate asanas di yoga ci permetteranno di ottenere una postura di meditazione aperta e rilassata, cosa che a sua volta approfondir\u00e0 la nostra meditazione.<\/p>\n<p class=\"p1\">Tengye \u00e8 l&#8217;insegnante di Dharma Bodhi Path<\/p>\n<p class=\"p1\">Carsten Schier ha una lunga esperienza nella meditazione Zen e nella pratica dello yoga<\/p>\n<p class=\"p1\">\n<p class=\"p1\"><strong style=\"font-size: 18px;\">Inizio :<\/strong><span style=\"font-size: 18px;\"> sabato 9 agosto &#8211; ore 19:15<\/span><\/p>\n<p><strong>Termine :<\/strong> sabato 16 agosto &#8211; ore 8<\/p>\n<p><strong>Condurr\u00e0 il corso :<\/strong> Tengye e Carsten<br \/><strong>Lingua : <\/strong>\u00a0tedesco (corso inglese dal 21 al 28 giugno)<\/p>\n<p><strong>Tassa del corso:<\/strong>\u00a0Quota dei costi dell\u2019organizzazione e una donazione per gli insegnanti. La vostra generosit\u00e0 permette loro di continuare a trasmettere il Dharma in futuro.<\/p>\n<p><strong>Alloggio e pasti:<\/strong>\u00a0Le donazioni per l\u2019alloggio e il vitto dovrebbero essere sufficienti a coprire le spese e consentire che Bordo pu\u00f2 essere mantenuto. Siamo a vostra disposizione per ulteriori informazioni.<\/p>\n<p><strong>Registrazione su\u00a0<a href=\"mailto:bodhipath@bordo.org\">bodhipath@bordo.org<\/a><\/strong><\/p>\n<p>Si prega di leggere le informazioni sul\u00a0<a href=\"https:\/\/bordo.org\/it\/arrivo-e-soggiorno\/soggiorno\/\">soggiorno a Bordo<\/a>\u00a0e sul\u00a0<a href=\"https:\/\/bordo.org\/it\/arrivo-e-soggiorno\/come-raggiungerci\/\">viaggio a Bordo<\/a>\u00a0prima della visita.<\/p>\n<p>[\/et_pb_text][\/et_pb_column][et_pb_column type=&#8221;1_3&#8243; _builder_version=&#8221;4.16&#8243; custom_padding=&#8221;|||&#8221; global_colors_info=&#8221;{}&#8221; custom_padding__hover=&#8221;|||&#8221;][\/et_pb_column][\/et_pb_row][\/et_pb_section]<\/p>\n","protected":false},"excerpt":{"rendered":"<p>Al programma del corso9 &#8211; 16 agosto 2025 Meditazione con mente, respiro e corpoLa meditazione del tranquillo dimorare (Scine) \u00e8 una base importante per la nostra pratica sul sentiero buddhista. Un chiaro orientamento interiore e una buona postura ci aiutano a concentrarci su ci\u00f2 che \u00e8 essenziale e a rinforzare un atteggiamento benevolo, che \u00e8 [&hellip;]<\/p>\n","protected":false},"author":2,"featured_media":0,"parent":5233,"menu_order":0,"comment_status":"closed","ping_status":"closed","template":"","meta":{"_et_pb_use_builder":"on","_et_pb_old_content":"","_et_gb_content_width":""},"_links":{"self":[{"href":"https:\/\/bordo.org\/it\/wp-json\/wp\/v2\/pages\/8286\/"}],"collection":[{"href":"https:\/\/bordo.org\/it\/wp-json\/wp\/v2\/pages\/"}],"about":[{"href":"https:\/\/bordo.org\/it\/wp-json\/wp\/v2\/types\/page\/"}],"author":[{"embeddable":true,"href":"https:\/\/bordo.org\/it\/wp-json\/wp\/v2\/users\/2\/"}],"replies":[{"embeddable":true,"href":"https:\/\/bordo.org\/it\/wp-json\/wp\/v2\/comments\/?post=8286"}],"version-history":[{"count":5,"href":"https:\/\/bordo.org\/it\/wp-json\/wp\/v2\/pages\/8286\/revisions\/"}],"predecessor-version":[{"id":10256,"href":"https:\/\/bordo.org\/it\/wp-json\/wp\/v2\/pages\/8286\/revisions\/10256\/"}],"up":[{"embeddable":true,"href":"https:\/\/bordo.org\/it\/wp-json\/wp\/v2\/pages\/5233\/"}],"wp:attachment":[{"href":"https:\/\/bordo.org\/it\/wp-json\/wp\/v2\/media\/?parent=8286"}],"curies":[{"name":"wp","href":"https:\/\/api.w.org\/{rel}","templated":true}]}}