{"id":8860,"date":"2023-01-13T09:22:09","date_gmt":"2023-01-13T08:22:09","guid":{"rendered":"https:\/\/bordo.org\/?page_id=8860"},"modified":"2025-12-09T20:00:12","modified_gmt":"2025-12-09T19:00:12","slug":"benevolenza_e_compassione","status":"publish","type":"page","link":"https:\/\/bordo.org\/it\/corsi-di-dharma\/benevolenza_e_compassione\/","title":{"rendered":"Benevolenza e compassione"},"content":{"rendered":"<p>[et_pb_section fb_built=&#8221;1&#8243; _builder_version=&#8221;4.16&#8243; global_colors_info=&#8221;{}&#8221;][et_pb_row _builder_version=&#8221;4.16&#8243; background_size=&#8221;initial&#8221; background_position=&#8221;top_left&#8221; background_repeat=&#8221;repeat&#8221; custom_padding=&#8221;0px|0px|0px|0px&#8221; global_colors_info=&#8221;{}&#8221;][et_pb_column type=&#8221;4_4&#8243; _builder_version=&#8221;4.16&#8243; custom_padding=&#8221;|||&#8221; global_colors_info=&#8221;{}&#8221; custom_padding__hover=&#8221;|||&#8221;][et_pb_text _builder_version=&#8221;4.16&#8243; custom_margin_tablet=&#8221;||-100px|&#8221; custom_margin_phone=&#8221;&#8221; custom_margin_last_edited=&#8221;on|tablet&#8221; global_colors_info=&#8221;{}&#8221;]<\/p>\n<p><a href=\"https:\/\/bordo.org\/kursprogramm\/#5\">Al programma del corso<\/a><\/p>\n<p>[\/et_pb_text][\/et_pb_column][\/et_pb_row][et_pb_row _builder_version=&#8221;4.16&#8243; background_size=&#8221;initial&#8221; background_position=&#8221;top_left&#8221; background_repeat=&#8221;repeat&#8221; custom_padding=&#8221;25px|0px|40px|0px&#8221; global_colors_info=&#8221;{}&#8221;][et_pb_column type=&#8221;4_4&#8243; _builder_version=&#8221;4.16&#8243; custom_padding=&#8221;|||&#8221; global_colors_info=&#8221;{}&#8221; custom_padding__hover=&#8221;|||&#8221;][et_pb_text _builder_version=&#8221;4.19.5&#8243; custom_margin=&#8221;||-10px|&#8221; custom_margin_tablet=&#8221;||-50px|&#8221; custom_margin_phone=&#8221;&#8221; custom_margin_last_edited=&#8221;on|phone&#8221; custom_padding=&#8221;|||&#8221; global_colors_info=&#8221;{}&#8221;]<\/p>\n<p>2 &#8211; 20 maggio 2026 <span>\u00a0 |\u00a0 Ritiro Bodhi Path<\/span><\/p>\n<h1>Benevolenza e compassione<\/h1>\n<p>[\/et_pb_text][\/et_pb_column][\/et_pb_row][et_pb_row column_structure=&#8221;2_3,1_3&#8243; _builder_version=&#8221;4.19.5&#8243; custom_padding=&#8221;25px|0px|32px|0px&#8221; global_colors_info=&#8221;{}&#8221;][et_pb_column type=&#8221;2_3&#8243; _builder_version=&#8221;4.16&#8243; custom_padding=&#8221;|||&#8221; global_colors_info=&#8221;{}&#8221; custom_padding__hover=&#8221;|||&#8221;][et_pb_text _builder_version=&#8221;4.19.5&#8243; custom_margin_tablet=&#8221;||-40px|&#8221; custom_margin_phone=&#8221;&#8221; custom_margin_last_edited=&#8221;on|desktop&#8221; hover_enabled=&#8221;0&#8243; global_colors_info=&#8221;{}&#8221; sticky_enabled=&#8221;0&#8243;]<\/p>\n<p class=\"p1\">Per tre settimane, Lama Jampa praticher\u00e0 insieme a noi, dando quotidianamente un insegnamento, e condivider\u00e0 la vita quotidiana. Non vediamo l&#8217;ora di vivere con lui questo momento cos\u00ec benefico che ci dar\u00e0 tante occasioni per connetterci alla la sua grande esperienza e alla sua pratica profonda. In questo periodo verr\u00e0 data particolare enfasi alla pratica dei 35 Buddha, che reciteremo insieme ogni giorno.<\/p>\n<p class=\"p1\">Con la sua presenza, Lama Jampa porter\u00e0 anche la benedizione di Shamar Rinpoche, con cui \u00e8 stato in stretto contatto durante la sua vita.<\/p>\n<p class=\"p1\">\u00c8 possibile per i praticanti buddhisti esperti fare un ritiro personale a Bordo durante questo periodo. Si tratta di un&#8217;opportunit\u00e0 eccezionale. Il soggiorno minimo \u00e8 di una settimana.<\/p>\n<p class=\"p1\"><strong style=\"font-size: 18px;\">Inizio :<\/strong><span style=\"font-size: 18px;\"> sabato, 2 maggio &#8211; ore 18<\/span><\/p>\n<p class=\"p1\"><strong>Termine :<\/strong> mercoledi, 20 maggio &#8211; ore 12<\/p>\n<p><strong>Condurr\u00e0 il corso :<\/strong> Lama Jampa dal Bodhi Path Menlo Park, California<br \/><strong>Lingua :\u00a0<\/strong>tibetano, inglese<\/p>\n<p>.<strong style=\"font-size: 18px;\">Tassa del corso:<\/strong><span style=\"font-size: 18px;\">\u00a0Quota dei costi dell\u2019organizzazione e una donazione per gli insegnanti. La vostra generosit\u00e0 permette loro di continuare a trasmettere il Dharma in futuro.<\/span><\/p>\n<p><strong>Alloggio e pasti:<\/strong>\u00a0Le donazioni per l\u2019alloggio e il vitto dovrebbero essere sufficienti a coprire le spese e consentire che Bordo pu\u00f2 essere mantenuto. Siamo a vostra disposizione per ulteriori informazioni.<\/p>\n<p><strong>Registrazione su\u00a0<a href=\"mailto:bodhipath@bordo.org\">bodhipath@bordo.org<\/a><\/strong><\/p>\n<p>Si prega di leggere le informazioni sul\u00a0<a href=\"https:\/\/bordo.org\/it\/arrivo-e-soggiorno\/soggiorno\/\">soggiorno a Bordo<\/a>\u00a0e sul\u00a0<a href=\"https:\/\/bordo.org\/it\/arrivo-e-soggiorno\/come-raggiungerci\/\">viaggio a Bordo<\/a>\u00a0prima della visita.<\/p>\n<p>[\/et_pb_text][\/et_pb_column][et_pb_column type=&#8221;1_3&#8243; _builder_version=&#8221;4.16&#8243; custom_padding=&#8221;|||&#8221; global_colors_info=&#8221;{}&#8221; custom_padding__hover=&#8221;|||&#8221;][\/et_pb_column][\/et_pb_row][\/et_pb_section]<\/p>\n","protected":false},"excerpt":{"rendered":"<p>Al programma del corso2 &#8211; 20 maggio 2026 \u00a0 |\u00a0 Ritiro Bodhi Path Benevolenza e compassionePer tre settimane, Lama Jampa praticher\u00e0 insieme a noi, dando quotidianamente un insegnamento, e condivider\u00e0 la vita quotidiana. Non vediamo l&#8217;ora di vivere con lui questo momento cos\u00ec benefico che ci dar\u00e0 tante occasioni per connetterci alla la sua grande [&hellip;]<\/p>\n","protected":false},"author":2,"featured_media":0,"parent":5233,"menu_order":0,"comment_status":"closed","ping_status":"closed","template":"","meta":{"_et_pb_use_builder":"on","_et_pb_old_content":"","_et_gb_content_width":""},"_links":{"self":[{"href":"https:\/\/bordo.org\/it\/wp-json\/wp\/v2\/pages\/8860\/"}],"collection":[{"href":"https:\/\/bordo.org\/it\/wp-json\/wp\/v2\/pages\/"}],"about":[{"href":"https:\/\/bordo.org\/it\/wp-json\/wp\/v2\/types\/page\/"}],"author":[{"embeddable":true,"href":"https:\/\/bordo.org\/it\/wp-json\/wp\/v2\/users\/2\/"}],"replies":[{"embeddable":true,"href":"https:\/\/bordo.org\/it\/wp-json\/wp\/v2\/comments\/?post=8860"}],"version-history":[{"count":7,"href":"https:\/\/bordo.org\/it\/wp-json\/wp\/v2\/pages\/8860\/revisions\/"}],"predecessor-version":[{"id":10618,"href":"https:\/\/bordo.org\/it\/wp-json\/wp\/v2\/pages\/8860\/revisions\/10618\/"}],"up":[{"embeddable":true,"href":"https:\/\/bordo.org\/it\/wp-json\/wp\/v2\/pages\/5233\/"}],"wp:attachment":[{"href":"https:\/\/bordo.org\/it\/wp-json\/wp\/v2\/media\/?parent=8860"}],"curies":[{"name":"wp","href":"https:\/\/api.w.org\/{rel}","templated":true}]}}