{"id":9284,"date":"2023-08-03T23:10:12","date_gmt":"2023-08-03T21:10:12","guid":{"rendered":"https:\/\/bordo.org\/karma-dechen-yangtse\/da-associazione-a-fondazione\/"},"modified":"2023-10-24T17:50:31","modified_gmt":"2023-10-24T15:50:31","slug":"da-associazione-a-fondazione","status":"publish","type":"page","link":"https:\/\/bordo.org\/it\/karma-dechen-yangtse\/da-associazione-a-fondazione\/","title":{"rendered":"Da associazione a fondazione"},"content":{"rendered":"<p>[et_pb_section fb_built=&#8221;1&#8243; _builder_version=&#8221;4.19.5&#8243; _module_preset=&#8221;default&#8221; global_colors_info=&#8221;{}&#8221;][et_pb_row _builder_version=&#8221;4.19.5&#8243; _module_preset=&#8221;default&#8221; custom_margin=&#8221;-38px|auto||auto||&#8221; global_colors_info=&#8221;{}&#8221;][et_pb_column type=&#8221;4_4&#8243; _builder_version=&#8221;4.19.5&#8243; _module_preset=&#8221;default&#8221; global_colors_info=&#8221;{}&#8221;][et_pb_text _builder_version=&#8221;4.19.5&#8243; _module_preset=&#8221;default&#8221; global_colors_info=&#8221;{}&#8221;]<\/p>\n<h1>Dall&#8217;Associazione di Dharma alla Fondazione Karma Dechen Yangtse<\/h1>\n<p>[\/et_pb_text][et_pb_text _builder_version=&#8221;4.19.5&#8243; _module_preset=&#8221;default&#8221; hover_enabled=&#8221;0&#8243; global_colors_info=&#8221;{}&#8221; sticky_enabled=&#8221;0&#8243;]<\/p>\n<p class=\"p1\">Fin dai primi anni della rinascita di Bordo, il villaggio ha visto un flusso costante di residenti, visitatori, amici, aiutanti o semplicemente persone interessate al progetto e al suo carisma. Era una grande famiglia incentrata sul dharma che voleva vivere in comunit\u00e0 e realizzare nuovi ideali.<\/p>\n<p class=\"p1\">Nel 1986, il centro di dharma Karma Dechen Yangtse \u00e8 stato riconosciuto come cento associato dell&#8217;<a href=\"https:\/\/unionebuddhistaitaliana.it\/\" target=\"_blank\" rel=\"noopener\">Unione Buddhista Italiana<\/a>.<\/p>\n<p>[\/et_pb_text][\/et_pb_column][\/et_pb_row][et_pb_row _builder_version=&#8221;4.19.5&#8243; _module_preset=&#8221;default&#8221; global_colors_info=&#8221;{}&#8221;][et_pb_column type=&#8221;4_4&#8243; _builder_version=&#8221;4.19.5&#8243; _module_preset=&#8221;default&#8221; global_colors_info=&#8221;{}&#8221;][et_pb_image src=&#8221;https:\/\/bordo.org\/wp-content\/uploads\/2023\/10\/Shamar-Rinpoche-1.jpeg&#8221; title_text=&#8221;Shamar Rinpoche&#8221; align=&#8221;center&#8221; _builder_version=&#8221;4.19.5&#8243; _module_preset=&#8221;default&#8221; global_colors_info=&#8221;{}&#8221;][\/et_pb_image][\/et_pb_column][\/et_pb_row][et_pb_row _builder_version=&#8221;4.19.5&#8243; _module_preset=&#8221;default&#8221; global_colors_info=&#8221;{}&#8221;][et_pb_column type=&#8221;4_4&#8243; _builder_version=&#8221;4.19.5&#8243; _module_preset=&#8221;default&#8221; global_colors_info=&#8221;{}&#8221;][et_pb_text _builder_version=&#8221;4.19.5&#8243; _module_preset=&#8221;default&#8221; global_colors_info=&#8221;{}&#8221;]<\/p>\n<p class=\"p1\">Oltre alle visite di alti maestri buddhisti si sono svolti eventi annuali di dharma e per molti anni una pratica giornaliera di Cenresi. Nel corso del tempo si sono aggiunte altre attivit\u00e0 di consapevolezza. Per racchiudere tutto ci\u00f2 il 13 settembre 1997 \u00e8 stata fondata l&#8217;Associazione Karma Dechen Yangtse. I membri fondatori furono Susanne Schatz, Andrea Lorenz, Andrea D\u00fcrkopp, Beatrice Ruckstuhl, Andreas Lorenz, Bernhard Machaczek, Norbert Schatz, Paula Seeger e Michael Steiner. Tutti gli ospiti di dharma erano tenuti a diventare soci dell&#8217;associazione per l&#8217;anno in corso. Questo permetteva di ospitarli in camere semplici, non sempre a norma, e di dar loro la refezione. Per altri ospiti, nel corso del tempo, sono state sperimentate alcune altre soluzioni.<\/p>\n<p class=\"p1\">Negli ultimi anni, il focus delle attivit\u00e0 degli ospiti si \u00e8 spostato, ponendo ancora di pi\u00f9 l&#8217;accento sul dharma. Le persone apprezzano le offerte quotidiane di meditazione, fruiscono di un ricco programma di dharma, possono fare un ritiro nei bellissimi dintorni e godere della semplicit\u00e0 e del silenzio nelle case tradizionali.<\/p>\n<p>[\/et_pb_text][\/et_pb_column][\/et_pb_row][et_pb_row _builder_version=&#8221;4.19.5&#8243; _module_preset=&#8221;default&#8221; custom_margin=&#8221;|auto|18px|auto||&#8221; global_colors_info=&#8221;{}&#8221;][et_pb_column type=&#8221;4_4&#8243; _builder_version=&#8221;4.19.5&#8243; _module_preset=&#8221;default&#8221; global_colors_info=&#8221;{}&#8221;][et_pb_text _builder_version=&#8221;4.19.5&#8243; _module_preset=&#8221;default&#8221; global_colors_info=&#8221;{}&#8221;]<\/p>\n<h4>La Fondazione di partecipazione Karma Dechen Yangtse<\/h4>\n<p>[\/et_pb_text][et_pb_text _builder_version=&#8221;4.19.5&#8243; _module_preset=&#8221;default&#8221; global_colors_info=&#8221;{}&#8221;]<\/p>\n<p class=\"p1\">Un cambiamento e una descrizione pi\u00f9 precisa delle attivit\u00e0 delle associazioni in Italia ci ha portato a trovare una nuova strada. Guidati dal dott. Matteo Bottari, presidente dell&#8217;Associazione di Dharma, da uno studio legale e da uno studio notarile si \u00e8 redatto lo statuto di una nuova forma di fondazione creata in Italia, in cui possono partecipare sia persone giuridiche che private. I fondatori sono la Cooperativa Bordo e l&#8217;Associazione Karma Dechen Yangtse. Il 6 novembre 2020 i due presidenti, Gerhardt Frei e Matteo Bottari, hanno firmato l&#8217;atto.<\/p>\n<p class=\"p1\">I membri onorari a vita sono Trinley Thaye Dorje, il 17\u00b0 Karmapa, Kunsig Shamar Rinpoche e Lama Jigme Rinpoche. Lo statuto stabilisce che essi sono il nostro riferimento in termini di trasmissione degli insegnamenti buddhisti in loco ed hanno il diritto di veto sulle decisioni riguardanti l&#8217;affiliazione spirituale della Fondazione.<\/p>\n<p>[\/et_pb_text][\/et_pb_column][\/et_pb_row][et_pb_row column_structure=&#8221;1_2,1_2&#8243; _builder_version=&#8221;4.19.5&#8243; _module_preset=&#8221;default&#8221; global_colors_info=&#8221;{}&#8221;][et_pb_column type=&#8221;1_2&#8243; _builder_version=&#8221;4.19.5&#8243; _module_preset=&#8221;default&#8221; global_colors_info=&#8221;{}&#8221;][et_pb_image src=&#8221;https:\/\/bordo.org\/wp-content\/uploads\/2023\/10\/17-Karmapa-1.jpeg&#8221; title_text=&#8221;17 Karmapa&#8221; align=&#8221;center&#8221; _builder_version=&#8221;4.19.5&#8243; _module_preset=&#8221;default&#8221; global_colors_info=&#8221;{}&#8221;][\/et_pb_image][\/et_pb_column][et_pb_column type=&#8221;1_2&#8243; _builder_version=&#8221;4.19.5&#8243; _module_preset=&#8221;default&#8221; global_colors_info=&#8221;{}&#8221;][et_pb_image src=&#8221;https:\/\/bordo.org\/wp-content\/uploads\/2023\/10\/Jigme-Rinpoche.jpeg&#8221; title_text=&#8221;Jigme Rinpoche&#8221; align=&#8221;center&#8221; _builder_version=&#8221;4.19.5&#8243; _module_preset=&#8221;default&#8221; global_colors_info=&#8221;{}&#8221;][\/et_pb_image][\/et_pb_column][\/et_pb_row][et_pb_row _builder_version=&#8221;4.19.5&#8243; _module_preset=&#8221;default&#8221; global_colors_info=&#8221;{}&#8221;][et_pb_column type=&#8221;4_4&#8243; _builder_version=&#8221;4.19.5&#8243; _module_preset=&#8221;default&#8221; global_colors_info=&#8221;{}&#8221;][et_pb_text _builder_version=&#8221;4.19.5&#8243; _module_preset=&#8221;default&#8221; hover_enabled=&#8221;0&#8243; global_colors_info=&#8221;{}&#8221; sticky_enabled=&#8221;0&#8243;]<\/p>\n<p class=\"p1\">Dal 2022, le attivit\u00e0 degli ospiti di Bordo sono gestite dalla Fondazione, che \u00e8 stata accolta dall&#8217;<a href=\"https:\/\/unionebuddhistaitaliana.it\/\" target=\"_blank\" rel=\"noopener\">Unione Buddhista Italiana<\/a> come centro associato il 9.12.2022, quale successore dell&#8217;Associazione Karma Dechen Yangtse. Con questo riconoscimento, l&#8217;Associazione ha potuto essere sciolta e il patrimonio residuo trasferito alla Fondazione.<\/p>\n<p class=\"p1\">La Fondazione Karma Dechen Yangtse \u00e8 un ente cultuale affiliato all&#8217;<a href=\"https:\/\/unionebuddhistaitaliana.it\/\" target=\"_blank\" rel=\"noopener\">Unione Buddhista Italiana<\/a>. Questa forma giuridica, sostenuta dallo Stato Italiano, ci fornisce agevolazioni, anche amministrative, e ci permettono di continuare a gestire le strutture di Bordo nel modo consueto. La Fondazione lavora senza scopo di lucro e tutti i residenti e i partecipanti, come anche i consiglieri, lavorano per Bordo come volontari. Le donazioni derivanti dai corsi e dagli ospiti di dharma vengono utilizzate interamente per la manutenzione, il miglioramento e la gestione.<\/p>\n<p class=\"p1\">Tutte le persone che pernottano a Bordo diventano Partecipanti Sostenitori per l&#8217;anno solare in corso, come gi\u00e0 avveniva per l&#8217;Associazione di dharma.<\/p>\n<p>[\/et_pb_text][\/et_pb_column][\/et_pb_row][et_pb_row _builder_version=&#8221;4.19.5&#8243; _module_preset=&#8221;default&#8221; global_colors_info=&#8221;{}&#8221;][et_pb_column type=&#8221;4_4&#8243; _builder_version=&#8221;4.19.5&#8243; _module_preset=&#8221;default&#8221; global_colors_info=&#8221;{}&#8221;][et_pb_text _builder_version=&#8221;4.19.5&#8243; _module_preset=&#8221;default&#8221; global_colors_info=&#8221;{}&#8221;]<\/p>\n<h4>Gli statuti<\/h4>\n<p>[\/et_pb_text][et_pb_text _builder_version=&#8221;4.19.5&#8243; _module_preset=&#8221;default&#8221; global_colors_info=&#8221;{}&#8221;]<\/p>\n<p class=\"p1\">Presidente iniziale della Fondazione Karma Dechen Yangtse \u00e8 il dott. Matteo Bottari, che \u00e8 stato in contatto con Bordo fin dagli anni &#8217;80 come assistente del segretario comunale di lunga data Daniele Miazza. Solo persone legate al nostro lignaggio, che sostengono l&#8217;orientamento e il funzionamento della Fondazione e che garantiscono che Bordo continuer\u00e0 a essere un luogo di dharma, sono accettate come partecipanti Fondatori del Comitato.<\/p>\n<p class=\"p1\">Il Presidente della Fondazione e il Consiglio di Amministrazione sono eletti o confermati dal Comitato dei Fondatori ogni 5 anni. Un revisore legale e il Comitato dei Fondatori verificano l&#8217;esercizio della Fondazione e intervengono se necessario.<\/p>\n<p class=\"p2\"><a href=\"https:\/\/bordo.org\/wp-content\/uploads\/2023\/10\/Statuto-Fondazione-di-Partecipazione-Karma.pdf\" target=\"_blank\" rel=\"noopener\">(PDF statuti)<\/a><\/p>\n<p>[\/et_pb_text][\/et_pb_column][\/et_pb_row][et_pb_row _builder_version=&#8221;4.19.5&#8243; _module_preset=&#8221;default&#8221; global_colors_info=&#8221;{}&#8221;][et_pb_column type=&#8221;4_4&#8243; _builder_version=&#8221;4.19.5&#8243; _module_preset=&#8221;default&#8221; global_colors_info=&#8221;{}&#8221;][et_pb_image src=&#8221;https:\/\/bordo.org\/wp-content\/uploads\/2023\/10\/Bar-Milano-1.jpeg&#8221; title_text=&#8221;Bar Milano&#8221; align=&#8221;center&#8221; _builder_version=&#8221;4.19.5&#8243; _module_preset=&#8221;default&#8221; global_colors_info=&#8221;{}&#8221;][\/et_pb_image][\/et_pb_column][\/et_pb_row][\/et_pb_section]<\/p>\n","protected":false},"excerpt":{"rendered":"<p>Dall&#8217;Associazione di Dharma alla Fondazione Karma Dechen YangtseFin dai primi anni della rinascita di Bordo, il villaggio ha visto un flusso costante di residenti, visitatori, amici, aiutanti o semplicemente persone interessate al progetto e al suo carisma. Era una grande famiglia incentrata sul dharma che voleva vivere in comunit\u00e0 e realizzare nuovi ideali. Nel 1986, [&hellip;]<\/p>\n","protected":false},"author":1,"featured_media":0,"parent":9278,"menu_order":0,"comment_status":"closed","ping_status":"closed","template":"","meta":{"_et_pb_use_builder":"on","_et_pb_old_content":"","_et_gb_content_width":""},"_links":{"self":[{"href":"https:\/\/bordo.org\/it\/wp-json\/wp\/v2\/pages\/9284\/"}],"collection":[{"href":"https:\/\/bordo.org\/it\/wp-json\/wp\/v2\/pages\/"}],"about":[{"href":"https:\/\/bordo.org\/it\/wp-json\/wp\/v2\/types\/page\/"}],"author":[{"embeddable":true,"href":"https:\/\/bordo.org\/it\/wp-json\/wp\/v2\/users\/1\/"}],"replies":[{"embeddable":true,"href":"https:\/\/bordo.org\/it\/wp-json\/wp\/v2\/comments\/?post=9284"}],"version-history":[{"count":4,"href":"https:\/\/bordo.org\/it\/wp-json\/wp\/v2\/pages\/9284\/revisions\/"}],"predecessor-version":[{"id":9557,"href":"https:\/\/bordo.org\/it\/wp-json\/wp\/v2\/pages\/9284\/revisions\/9557\/"}],"up":[{"embeddable":true,"href":"https:\/\/bordo.org\/it\/wp-json\/wp\/v2\/pages\/9278\/"}],"wp:attachment":[{"href":"https:\/\/bordo.org\/it\/wp-json\/wp\/v2\/media\/?parent=9284"}],"curies":[{"name":"wp","href":"https:\/\/api.w.org\/{rel}","templated":true}]}}